{"id":2946,"date":"2021-05-31T14:14:55","date_gmt":"2021-05-31T14:14:55","guid":{"rendered":"https:\/\/eazybackup.com\/?page_id=2946"},"modified":"2025-12-12T10:44:02","modified_gmt":"2025-12-12T15:44:02","slug":"microsoft-365-backup-service","status":"publish","type":"page","link":"https:\/\/eazybackup.com\/fr\/microsoft-365-backup-service\/","title":{"rendered":"Sauvegarde pour Office 365"},"content":{"rendered":"<h1>\n\t\tSauvegarde dans le nuage de Microsoft 365\n\t<\/h1>\n\t<p>Prot\u00e9gez vos donn\u00e9es MS 365 avec une sauvegarde automatis\u00e9e de cloud \u00e0 cloud de Microsoft 365 pour Mail, Calendar, Contacts, Tasks, Groups, Teams, OneDrive et SharePoint.<\/p>\n<p>&nbsp;<\/p>\n<p>Pas de logiciel \u00e0 installer - protection directe des donn\u00e9es de cloud \u00e0 cloud pour Microsoft 365, offrant aux entreprises un service de sauvegarde et de r\u00e9cup\u00e9ration abordable et s\u00e9curis\u00e9. Notre stockage dans le nuage est certifi\u00e9 dans le cadre du Programme canadien des marchandises contr\u00f4l\u00e9es et est conforme \u00e0 la LPRPDE.<\/p>\n\t\t\t\t<img loading=\"lazy\" decoding=\"async\" src=\"https:\/\/eazybackup.com\/wp-content\/uploads\/2022\/07\/office-365-banner-1.svg\" alt=\"banni\u00e8re bureau-365\" itemprop=\"image\" height=\"361\" width=\"569\" title=\"banni\u00e8re bureau-365\" onerror=\"this.style.display='none'\"  \/>\n\t\t\t\t<img loading=\"lazy\" decoding=\"async\" src=\"https:\/\/eazybackup.com\/wp-content\/uploads\/2024\/06\/Microsoft_365_2022.svg\" alt=\"Sauvegarde Microsoft 365\" itemprop=\"image\" height=\"44\" width=\"40\" title=\"Sauvegarde Microsoft 365\" onerror=\"this.style.display='none'\"  \/>\n<h2>\n\t\tProtection des donn\u00e9es MS 365\n\t<\/h2>\n\t<p>Sauvegarde de toutes vos donn\u00e9es MS 365 (Mail, Calendrier, Contacts, T\u00e2ches), SharePoint Online, OneDrive, Office Groups et Teams.<\/p>\n\t\t\t\t<img loading=\"lazy\" decoding=\"async\" src=\"https:\/\/eazybackup.com\/wp-content\/uploads\/2022\/07\/Group-37187.png\" alt=\"Groupe 37187\" itemprop=\"image\" height=\"70\" width=\"70\" title=\"Groupe 37187\" onerror=\"this.style.display='none'\"  \/>\n<h2>\n\t\tTarification simple par utilisateur\n\t<\/h2>\n\t<p>$3.50\/month per user with 1-year retention. Includes unlimited storage for Microsoft 365 data (Exchange mail, calendars, contacts, SharePoint, Teams) plus 1 TB per user for OneDrive. Technical support and a central management dashboard included.<\/p>\n\t\t\t\t<img loading=\"lazy\" decoding=\"async\" src=\"https:\/\/eazybackup.com\/wp-content\/uploads\/2022\/07\/Frame1.png\" alt=\"Cadre(1)\" itemprop=\"image\" height=\"70\" width=\"70\" title=\"Cadre(1)\" onerror=\"this.style.display='none'\"  \/>\n<h2>\n\t\tProtection des donn\u00e9es au Canada\n\t<\/h2>\n\t<p>Vos donn\u00e9es MS365 sont stock\u00e9es en toute s\u00e9curit\u00e9 au Canada, ce qui garantit la conformit\u00e9 aux r\u00e9glementations locales. Prot\u00e9gez vos informations sensibles tout en maintenant une stricte souverainet\u00e9 des donn\u00e9es au Canada.<\/p>\n\t\t\t\t<img loading=\"lazy\" decoding=\"async\" src=\"https:\/\/eazybackup.com\/wp-content\/uploads\/2024\/05\/Microsoft_365_Backup_Overview.png\" alt=\"Microsoft_365_Backup_Overview\" itemprop=\"image\" height=\"718\" width=\"909\" title=\"Microsoft_365_Backup_Overview\" onerror=\"this.style.display='none'\"  \/>\n<h3>\n\t\tPourquoi sauvegarder Microsoft 365 ?\n\t<\/h3>\n\t<p>Dans le paysage informatique actuel, la perte et la corruption de donn\u00e9es sont des probl\u00e8mes courants qui peuvent avoir un impact consid\u00e9rable sur les entreprises. Les applications SaaS telles que Microsoft 365 sont des cibles de choix pour les cyberattaques, et les recherches indiquent que la fr\u00e9quence, la complexit\u00e9 et les co\u00fbts de ces attaques ne feront qu'augmenter. En outre, les donn\u00e9es peuvent \u00eatre compromises par des erreurs accidentelles ou des actions intentionnelles telles que des suppressions malveillantes.<\/p>\n<p>&nbsp;<\/p>\n<p>Lorsqu'il s'agit de Microsoft 365 et d'autres donn\u00e9es en nuage, le principe de base est clair : \"vos donn\u00e9es, votre responsabilit\u00e9\". Selon le mod\u00e8le de responsabilit\u00e9 partag\u00e9e de Microsoft, il est de votre devoir, en tant que client, de prot\u00e9ger la s\u00e9curit\u00e9 de vos donn\u00e9es et de vos identit\u00e9s, qu'elles soient sur site ou dans le nuage. Cela implique de g\u00e9rer l'ensemble de vos donn\u00e9es, de vos terminaux, de vos comptes et de vos contr\u00f4les d'acc\u00e8s.<\/p>\n<p>&nbsp;<\/p>\n<p>Notre service de sauvegarde MS365 de cloud \u00e0 cloud garantit que vos donn\u00e9es sont sauvegard\u00e9es en toute s\u00e9curit\u00e9 et facilement r\u00e9cup\u00e9rables, ce qui vous permet d'avoir l'esprit tranquille et de prot\u00e9ger votre entreprise contre les pertes de donn\u00e9es potentielles et les cybermenaces.<\/p>\n\t\t\t<a href=\"https:\/\/eazybackup.com\/fr\/schedule-a-meeting\/\" target=\"_self\">\n\t\t\t\t\t\t\tDemander une d\u00e9monstration\n\t\t\t\t\t<\/a>\n<h2>\n\t\tProt\u00e9gez vos donn\u00e9es critiques Microsoft 365\n\t<\/h2>\n\t<p>Notre solution de sauvegarde de cloud \u00e0 cloud tr\u00e8s performante a \u00e9t\u00e9 d\u00e9velopp\u00e9e d\u00e8s le d\u00e9part pour prot\u00e9ger les donn\u00e9es Microsoft 365 stock\u00e9es dans OneDrive for Business, SharePoint Online, Exchange Online et Teams.<\/p>\n\t\t\t\t<img loading=\"lazy\" decoding=\"async\" src=\"https:\/\/eazybackup.com\/wp-content\/uploads\/2022\/07\/onedrive-backup.svg\" alt=\"onedrive-backup\" itemprop=\"image\" height=\"58\" width=\"58\" title=\"onedrive-backup\" onerror=\"this.style.display='none'\"  \/>\n<h4>\n\t\tSauvegarde de OneDrive for Business\n\t<\/h4>\n\tSauvegarde de vos sites, listes, biblioth\u00e8ques, dossiers, m\u00e9tadonn\u00e9es et s\u00e9curit\u00e9.<br \/>\net l'historique des versions.\n\t\t\t\t<img loading=\"lazy\" decoding=\"async\" src=\"https:\/\/eazybackup.com\/wp-content\/uploads\/2022\/07\/sharepoint-backup.svg\" alt=\"sharepoint-backup\" itemprop=\"image\" height=\"50\" width=\"50\" title=\"sharepoint-backup\" onerror=\"this.style.display='none'\"  \/>\n<h4>\n\t\tSauvegarde de SharePoint Online\n\t<\/h4>\n\tSauvegarde des dossiers, fichiers, biblioth\u00e8ques, m\u00e9tadonn\u00e9es et s\u00e9curit\u00e9 de OneDrive<br \/>\net l'historique des versions.\n\t\t\t\t<img loading=\"lazy\" decoding=\"async\" src=\"https:\/\/eazybackup.com\/wp-content\/uploads\/2022\/07\/365-xchange.svg\" alt=\"365-\u00e9changes\" itemprop=\"image\" height=\"56\" width=\"61\" title=\"365-\u00e9changes\" onerror=\"this.style.display='none'\"  \/>\n<h4>\n\t\tSauvegarde Microsoft 365 Exchange Online\n\t<\/h4>\n\t<p>Sauvegardez vos bo\u00eetes aux lettres, calendriers, contacts et autres.<\/p>\n\t\t\t\t<img loading=\"lazy\" decoding=\"async\" src=\"https:\/\/eazybackup.com\/wp-content\/uploads\/2022\/07\/ransomware-protection.svg\" alt=\"protection contre les ransomwares\" itemprop=\"image\" height=\"50\" width=\"50\" title=\"protection contre les ransomwares\" onerror=\"this.style.display='none'\"  \/>\n<h4>\n\t\tProtection contre les ransomwares\n\t<\/h4>\n\tSauvegardez en toute s\u00e9curit\u00e9 des \u00e9quipes enti\u00e8res, des canaux, des conversations,<br \/>\nles sujets de r\u00e9union, et plus encore.\n<h3>\n\t\tPrix de la sauvegarde Microsoft 365\n\t<\/h3>\n\t<p>Sauvegarde compl\u00e8te de vos donn\u00e9es Microsoft 365 - Exchange, SharePoint, OneDrive, Groups et Teams<\/p>\n<h3>\n\t\tMensuel\n\t<\/h3>\n\t<p>$3.50<\/p>\n\tUnlimited storage for Microsoft 365 data<br \/>\nPlus 1 TB per user for OneDrive<br \/>\nR\u00e9tention d'un an\n\t\t\t<a href=\"https:\/\/eazybackup.com\/fr\/signup\/\" target=\"_self\">\n\t\t\t\t\t\t\tEssai gratuit\n\t\t\t\t\t<\/a>\n<h3>\n\t\tAnnuel\n\t<\/h3>\n\t<p>$42<\/p>\n\tCAD\/an par utilisateur<br \/>\nComprend un espace de stockage illimit\u00e9<br \/>\nR\u00e9tention d'un an\n<p>&nbsp;<\/p>\n\t\t\t<a href=\"https:\/\/eazybackup.com\/fr\/signup\/\" target=\"_self\">\n\t\t\t\t\t\t\tEssai gratuit\n\t\t\t\t\t<\/a>\n<h3>\n\t\tEntreprise\n\t<\/h3>\n\tVous avez besoin d'une solution de sauvegarde robuste pour votre entreprise ?<br \/>\nNous avons tout ce qu'il vous faut.\n\t\t\t<a href=\"https:\/\/eazybackup.com\/fr\/microsoft-365-backup-service\/#contact\" target=\"_self\">\n\t\t\t\t\t\t\tDemande de devis\n\t\t\t\t\t<\/a>\n<h3>\n\t\tAvantages de la sauvegarde de Microsoft 365 par eazyBackup\n\t<\/h3>\n\t\t\t\t<img loading=\"lazy\" decoding=\"async\" src=\"https:\/\/eazybackup.com\/wp-content\/uploads\/2022\/07\/Frame.png\" alt=\"Cadre\" itemprop=\"image\" height=\"70\" width=\"70\" title=\"Cadre\" onerror=\"this.style.display='none'\"  \/>\n<h4>\n\t\tSauvegarde automatique ou \u00e0 la demande\n\t<\/h4>\n\t<p>Lancez une t\u00e2che de sauvegarde \u00e0 la demande \u00e0 tout moment ou configurez des sauvegardes automatiques \u00e0 l'aide du planificateur int\u00e9gr\u00e9.<\/p>\n\t\t\t\t<img loading=\"lazy\" decoding=\"async\" src=\"https:\/\/eazybackup.com\/wp-content\/uploads\/2022\/07\/central.svg\" alt=\"central\" itemprop=\"image\" height=\"36\" width=\"58\" title=\"central\" onerror=\"this.style.display='none'\"  \/>\n<h4>\n\t\tGestion centrale\n\t<\/h4>\n\tContr\u00f4lez et g\u00e9rez toutes vos bo\u00eetes aux lettres Microsoft 365, OneDrive, SharePoint, et<br \/>\nSauvegarde des \u00e9quipes via notre tableau de bord en ligne.\n\t\t\t\t<img loading=\"lazy\" decoding=\"async\" src=\"https:\/\/eazybackup.com\/wp-content\/uploads\/2022\/07\/granular-backup.svg\" alt=\"Sauvegarde granulaire\" itemprop=\"image\" height=\"35\" width=\"39\" title=\"Sauvegarde granulaire\" onerror=\"this.style.display='none'\"  \/>\n<h4>\n\t\tSauvegarde et r\u00e9cup\u00e9ration granulaires\n\t<\/h4>\n\t<p>Sauvegardez toutes vos donn\u00e9es Exchange et SharePoint ou s\u00e9lectionnez uniquement des \u00e9l\u00e9ments, dossiers ou collections de sites sp\u00e9cifiques. R\u00e9cup\u00e9rez rapidement des fichiers, des dossiers ou des courriels individuels avec une restauration granulaire \u00e0 un moment pr\u00e9cis.<\/p>\n\t\t\t\t<img loading=\"lazy\" decoding=\"async\" src=\"https:\/\/eazybackup.com\/wp-content\/uploads\/2022\/07\/nas-network.svg\" alt=\"nas-r\u00e9seau\" itemprop=\"image\" height=\"46\" width=\"46\" title=\"nas-r\u00e9seau\" onerror=\"this.style.display='none'\"  \/>\n<h4>\n\t\tRecherche de sauvegarde \u00e0 haut rendement\n\t<\/h4>\n\t<p>Recherchez facilement des \u00e9l\u00e9ments sp\u00e9cifiques de Microsoft 365 et t\u00e9l\u00e9chargez le fichier critique ou restaurez-le sur la plateforme.<\/p>\n\t\t\t\t<img loading=\"lazy\" decoding=\"async\" src=\"https:\/\/eazybackup.com\/wp-content\/uploads\/2022\/07\/tech-support.svg\" alt=\"support technique\" itemprop=\"image\" height=\"46\" width=\"38\" title=\"support technique\" onerror=\"this.style.display='none'\"  \/>\n<h4>\n\t\tSoutien technique canadien\n\t<\/h4>\n\t<p>Profitez de l'assistance technique de premier ordre de notre \u00e9quipe canadienne comp\u00e9tente, incluse dans le prix de votre abonnement.<\/p>\n\t\t\t\t<img loading=\"lazy\" decoding=\"async\" src=\"https:\/\/eazybackup.com\/wp-content\/uploads\/2022\/07\/retention.svg\" alt=\"r\u00e9tention\" itemprop=\"image\" height=\"35\" width=\"34\" title=\"r\u00e9tention\" onerror=\"this.style.display='none'\"  \/>\n<h4>\n\t\tConservation permanente des donn\u00e9es\n\t<\/h4>\n\t<p>Conservez toutes vos donn\u00e9es 365 pour toujours et restaurez votre instantan\u00e9 le plus ancien aussi rapidement que le plus r\u00e9cent.<\/p>\n<h3>\n\t\tCommencez en quelques minutes : Sauvegarde MS365 sans effort\n\t<\/h3>\n\t<p>Apprenez \u00e0 mettre en place votre premi\u00e8re sauvegarde MS365 en quelques minutes. D\u00e9couvrez comment il est facile d'enregistrer l'application eazyBackup dans Azure AD.<\/p>\n\t<meta itemprop=\"url\" content=\"https:\/\/eazybackup.com\/wp-content\/uploads\/2024\/05\/MS365_Backup_Getting_Started.mp4\" \/><div style=\"width: 640px;\" class=\"wp-video\"><!--[if lt IE 9]><script>document.createElement('video');<\/script><![endif]-->\n<video class=\"wp-video-shortcode\" id=\"video-2946-1\" width=\"640\" height=\"360\" preload=\"metadata\" controls=\"controls\"><source type=\"video\/mp4\" src=\"https:\/\/eazybackup.com\/wp-content\/uploads\/2024\/05\/MS365_Backup_Getting_Started.mp4?_=1\" \/><a href=\"https:\/\/eazybackup.com\/wp-content\/uploads\/2024\/05\/MS365_Backup_Getting_Started.mp4\">https:\/\/eazybackup.com\/wp-content\/uploads\/2024\/05\/MS365_Backup_Getting_Started.mp4<\/a><\/video><\/div>\n<h3>\n\t\tProt\u00e9gez, sauvegardez et s\u00e9curisez vos donn\u00e9es Microsoft 365\n\t<\/h3>\n\t<p>Eliminez la peur et l'incertitude de la perte de donn\u00e9es avec une solution compl\u00e8te et fiable de sauvegarde de cloud \u00e0 cloud de Microsoft 365. eazyBackup combine une protection robuste des donn\u00e9es, une automatisation puissante des sauvegardes, des options de restauration polyvalentes et une s\u00e9curit\u00e9 des donn\u00e9es multicouche pour une v\u00e9ritable tranquillit\u00e9 d'esprit.<\/p>\n<h3>\n\t\tSauvegardes automatis\u00e9es\n\t<\/h3>\n\t<p>Avec la protection automatis\u00e9e des donn\u00e9es Microsoft 365 d'eazyBackup, vous pouvez vous concentrer sur ce qui compte le plus. Des options de planification flexibles garantissent que vos donn\u00e9es pr\u00e9cieuses sont sauvegard\u00e9es et r\u00e9cup\u00e9rables \u00e0 tout moment.<\/p>\n<h3>\n\t\tR\u00e9cup\u00e9ration de donn\u00e9es MS 365 sans effort\n\t<\/h3>\n\t<p>R\u00e9cup\u00e9rez vos donn\u00e9es Microsoft 365 rapidement et facilement \u00e0 partir de notre tableau de bord. Utilisez des fonctionnalit\u00e9s telles que la recherche granulaire et la restauration ponctuelle pour trouver et r\u00e9cup\u00e9rer exactement ce dont vous avez besoin. Les administrateurs et les utilisateurs finaux peuvent restaurer les donn\u00e9es sans effort, \u00e0 tout moment.<\/p>\n<h3>\n\t\tProtection des donn\u00e9es conforme\n\t<\/h3>\n\t<p>Notre protection multicouche inclut la possibilit\u00e9 d'utiliser le verrouillage d'objet avec les modes de conformit\u00e9 et de gouvernance pour la conservation l\u00e9gale, et le versionnage pour conserver plusieurs versions de vos donn\u00e9es. Combin\u00e9 avec un cryptage robuste et un 2FA, eazyBackup offre une s\u00e9curit\u00e9 maximale.<\/p>\n<h3>\n\t\tS\u00e9curit\u00e9 multicouche et conformit\u00e9 du stockage des donn\u00e9es\n\t<\/h3>\n\t<p>Certifi\u00e9 dans le cadre du Programme des marchandises contr\u00f4l\u00e9es et conforme aux r\u00e9glementations PIPEDA, eazyBackup garantit que vos donn\u00e9es sont stock\u00e9es en toute s\u00e9curit\u00e9 et qu'elles r\u00e9pondent aux normes les plus \u00e9lev\u00e9es en mati\u00e8re de protection des donn\u00e9es.<\/p>\n\t\t\t\t<img loading=\"lazy\" decoding=\"async\" src=\"https:\/\/eazybackup.com\/wp-content\/uploads\/2024\/05\/microsoft_365_backup_services.svg\" alt=\"services_de_sauvegarde_microsoft_365\" itemprop=\"image\" height=\"283\" width=\"532\" title=\"services_de_sauvegarde_microsoft_365\" onerror=\"this.style.display='none'\"  \/>\n<h3>\n\t\tChiffrement sans connaissance\n\t<\/h3>\n\t<ul>\n<li>Gestion des cl\u00e9s de chiffrement \u00e0 connaissance nulle<\/li>\n<li>eazyBackup chiffre toutes les donn\u00e9es de l'utilisateur en utilisant AES-256-CTR avec Poly1305 en mode AEAD avec des cl\u00e9s al\u00e9atoires \u00e0 haute entropie.<\/li>\n<li>Les chambres fortes de stockage sont approvisionn\u00e9es pour chaque client avec une cl\u00e9 d'acc\u00e8s unique et sont crypt\u00e9es s\u00e9par\u00e9ment.<\/li>\n<\/ul>\n<h3>\n\t\tS\u00e9curis\u00e9, isol\u00e9 et prot\u00e9g\u00e9 par plusieurs facteurs\n\t<\/h3>\n\t<ul>\n<li>Authentification par mot de passe avec hachage fort<\/li>\n<li>Authentification multifactorielle<\/li>\n<li>Isolation par utilisateur et justificatifs d'identit\u00e9 uniques pour la chambre forte<\/li>\n<\/ul>\n<h3>\n\t\tProtection contre les ran\u00e7ongiciels gr\u00e2ce \u00e0 des sauvegardes immuables\n\t<\/h3>\n\t<ul>\n<li>Les objets verrouill\u00e9s (Object Locked Buckets) garantissent l'immuabilit\u00e9. Une fois les donn\u00e9es \u00e9crites, elles ne peuvent \u00eatre ni modifi\u00e9es ni supprim\u00e9es pendant une p\u00e9riode de r\u00e9tention pr\u00e9d\u00e9finie.<\/li>\n<li>L'authentification multifactorielle offre une couche de s\u00e9curit\u00e9 suppl\u00e9mentaire pour prot\u00e9ger vos sauvegardes.<\/li>\n<\/ul>\n\t<p>Comment pouvons-nous vous aider ?<\/p>\n\t<p>Contacter eazyBackup<\/p>\n\t<p>N'h\u00e9sitez pas \u00e0 nous contacter pour une assistance commerciale, une aide au d\u00e9ploiement, des questions techniques ou des demandes de d\u00e9monstrations, nous sommes l\u00e0 pour vous.<\/p>\n\t<p>En fournissant votre adresse \u00e9lectronique, vous acceptez notre <a href=\"https:\/\/eazybackup.com\/fr\/privacy\/\">Politique de confidentialit\u00e9<\/a> et la politique en mati\u00e8re de cookies.<\/p>\n\t\t\t\t<img loading=\"lazy\" decoding=\"async\" src=\"https:\/\/eazybackup.com\/wp-content\/uploads\/2024\/05\/backup_service_for_managed_service_providers.svg\" alt=\"service_de_sauvegarde_pour_les_fournisseurs_de_services_g\u00e9r\u00e9s\" itemprop=\"image\" height=\"415\" width=\"463\" title=\"service_de_sauvegarde_pour_les_fournisseurs_de_services_g\u00e9r\u00e9s\" onerror=\"this.style.display='none'\"  \/>\n<h3>\n\t\tMSPs : Nous proposons des versions en marque blanche d'eazyBackup\n\t<\/h3>\n\t<p>Nous fournissons des serveurs priv\u00e9s, ainsi que des versions en marque blanche et en marque priv\u00e9e de nos logiciels, ce qui vous permet de vous approprier nos solutions robustes. B\u00e9n\u00e9ficiez de capacit\u00e9s compl\u00e8tes de gestion et de surveillance \u00e0 distance, ce qui vous permet de g\u00e9rer et de prot\u00e9ger efficacement les donn\u00e9es de vos clients.<\/p>\n\t\t\t<a href=\"https:\/\/eazybackup.com\/fr\/online-backup-msp\/\" target=\"_self\">\n\t\t\t\t\t\t\tSauvegarde pour les MSP\n\t\t\t\t\t<\/a>","protected":false},"excerpt":{"rendered":"<p>Microsoft 365 Cloud Backup Protect your MS 365 data with a enterprise-grade automated cloud to cloud Microsoft 365 backup for Mail, Calendar, Contacts, Tasks, Groups, Teams, OneDrive, and SharePoint. &nbsp; No software to install &#8211; direct cloud to cloud data protection for Microsoft 365 providing businesses with an affordable and secure backup and recovery service. [&hellip;]<\/p>","protected":false},"author":1,"featured_media":0,"parent":0,"menu_order":0,"comment_status":"closed","ping_status":"closed","template":"","meta":{"site-sidebar-layout":"no-sidebar","site-content-layout":"page-builder","ast-site-content-layout":"default","site-content-style":"default","site-sidebar-style":"default","ast-global-header-display":"","ast-banner-title-visibility":"","ast-main-header-display":"disabled","ast-hfb-above-header-display":"","ast-hfb-below-header-display":"","ast-hfb-mobile-header-display":"","site-post-title":"disabled","ast-breadcrumbs-content":"disabled","ast-featured-img":"disabled","footer-sml-layout":"","theme-transparent-header-meta":"default","adv-header-id-meta":"","stick-header-meta":"","header-above-stick-meta":"","header-main-stick-meta":"","header-below-stick-meta":"","astra-migrate-meta-layouts":"default","ast-page-background-enabled":"default","ast-page-background-meta":{"desktop":{"background-color":"var(--ast-global-color-4)","background-image":"","background-repeat":"repeat","background-position":"center center","background-size":"auto","background-attachment":"scroll","background-type":"","background-media":"","overlay-type":"","overlay-color":"","overlay-opacity":"","overlay-gradient":""},"tablet":{"background-color":"","background-image":"","background-repeat":"repeat","background-position":"center center","background-size":"auto","background-attachment":"scroll","background-type":"","background-media":"","overlay-type":"","overlay-color":"","overlay-opacity":"","overlay-gradient":""},"mobile":{"background-color":"","background-image":"","background-repeat":"repeat","background-position":"center center","background-size":"auto","background-attachment":"scroll","background-type":"","background-media":"","overlay-type":"","overlay-color":"","overlay-opacity":"","overlay-gradient":""}},"ast-content-background-meta":{"desktop":{"background-color":"var(--ast-global-color-5)","background-image":"","background-repeat":"repeat","background-position":"center center","background-size":"auto","background-attachment":"scroll","background-type":"","background-media":"","overlay-type":"","overlay-color":"","overlay-opacity":"","overlay-gradient":""},"tablet":{"background-color":"var(--ast-global-color-5)","background-image":"","background-repeat":"repeat","background-position":"center center","background-size":"auto","background-attachment":"scroll","background-type":"","background-media":"","overlay-type":"","overlay-color":"","overlay-opacity":"","overlay-gradient":""},"mobile":{"background-color":"var(--ast-global-color-5)","background-image":"","background-repeat":"repeat","background-position":"center center","background-size":"auto","background-attachment":"scroll","background-type":"","background-media":"","overlay-type":"","overlay-color":"","overlay-opacity":"","overlay-gradient":""}},"footnotes":""},"class_list":["post-2946","page","type-page","status-publish","hentry"],"_links":{"self":[{"href":"https:\/\/eazybackup.com\/fr\/wp-json\/wp\/v2\/pages\/2946","targetHints":{"allow":["GET"]}}],"collection":[{"href":"https:\/\/eazybackup.com\/fr\/wp-json\/wp\/v2\/pages"}],"about":[{"href":"https:\/\/eazybackup.com\/fr\/wp-json\/wp\/v2\/types\/page"}],"author":[{"embeddable":true,"href":"https:\/\/eazybackup.com\/fr\/wp-json\/wp\/v2\/users\/1"}],"replies":[{"embeddable":true,"href":"https:\/\/eazybackup.com\/fr\/wp-json\/wp\/v2\/comments?post=2946"}],"version-history":[{"count":87,"href":"https:\/\/eazybackup.com\/fr\/wp-json\/wp\/v2\/pages\/2946\/revisions"}],"predecessor-version":[{"id":6948,"href":"https:\/\/eazybackup.com\/fr\/wp-json\/wp\/v2\/pages\/2946\/revisions\/6948"}],"wp:attachment":[{"href":"https:\/\/eazybackup.com\/fr\/wp-json\/wp\/v2\/media?parent=2946"}],"curies":[{"name":"wp","href":"https:\/\/api.w.org\/{rel}","templated":true}]}}