{"id":2176,"date":"2020-10-03T13:26:46","date_gmt":"2020-10-03T13:26:46","guid":{"rendered":"https:\/\/eazybackup.com\/?page_id=2176"},"modified":"2025-08-04T12:02:57","modified_gmt":"2025-08-04T16:02:57","slug":"windows-disk-image-backup-software","status":"publish","type":"page","link":"https:\/\/eazybackup.com\/fr\/windows-disk-image-backup-software\/","title":{"rendered":"Logiciel de sauvegarde d'images disque Windows"},"content":{"rendered":"<h1>\n\t\tSauvegardes d'images disques\n\t<\/h1>\n\t\t\t\t<img loading=\"lazy\" decoding=\"async\" src=\"https:\/\/eazybackup.com\/wp-content\/uploads\/2022\/07\/disk-img-cloning.svg\" alt=\"disque-img-clonage\" itemprop=\"image\" height=\"50\" width=\"50\" title=\"disque-img-clonage\" onerror=\"this.style.display='none'\"  \/>\n\t\t<h4>Image disque et clonage de disque<\/h4>\t\t\n\t\t\t<p>Cr\u00e9er des images de disques entiers ou de partitions individuelles<\/p>\n\t\t\t\t<img loading=\"lazy\" decoding=\"async\" src=\"https:\/\/eazybackup.com\/wp-content\/uploads\/2022\/07\/bare-metal.svg\" alt=\"m\u00e9tal nu\" itemprop=\"image\" height=\"50\" width=\"50\" title=\"m\u00e9tal nu\" onerror=\"this.style.display='none'\"  \/>\n\t\t<h4>R\u00e9cup\u00e9ration d'un syst\u00e8me \u00e0 nu<\/h4>\t\t\n\t\t\t<p>Restauration directe du nuage sur votre disque avec notre utilitaire USB amor\u00e7able.<\/p>\n\t\t\t\t<img loading=\"lazy\" decoding=\"async\" src=\"https:\/\/eazybackup.com\/wp-content\/uploads\/2022\/07\/local-cloud-storage.svg\" alt=\"local-cloud-storage\" itemprop=\"image\" height=\"50\" width=\"50\" title=\"local-cloud-storage\" onerror=\"this.style.display='none'\"  \/>\n\t\t<h4>Sauvegarde locale, dans le nuage ou dans un nuage hybride<\/h4>\t\t\n\t\t\t<p>Sauvegardez sur un disque local, envoyez vos donn\u00e9es dans le nuage, ou les deux.<\/p>\n\tImage disqueBackup\n<h2>\n\t\tSauvegarde sur site ou directement dans le nuage\n\t<\/h2>\n\t<p>Prot\u00e9gez votre sauvegarde d'image disque sur plusieurs destinations pour une redondance ultime. Programmez des sauvegardes sur un disque interne, des disques durs USB et des p\u00e9riph\u00e9riques NAS.<\/p>\n\t\t\t\t<img loading=\"lazy\" decoding=\"async\" src=\"https:\/\/eazybackup.com\/wp-content\/uploads\/2022\/07\/workshop-server-backup.png\" alt=\"atelier-serveur-backup\" itemprop=\"image\" height=\"467\" width=\"645\" title=\"atelier-serveur-backup\" onerror=\"this.style.display='none'\"  \/>\n\t\t\t\t<img decoding=\"async\" src=\"https:\/\/eazybackup.com\/wp-content\/uploads\/2022\/07\/backup-direct-cloud.svg\" alt=\"\" itemprop=\"image\" onerror=\"this.style.display='none'\"  \/>\n\tImage disqueBackup\n<h2>\n\t\tSauvegarde directe dans le nuage\n\t<\/h2>\n\t<p>Sauvegardez directement sur votre compte de stockage en nuage, sans espace spool local. Choisissez une ou plusieurs destinations. Choisissez parmi eazyBackup, Amazon S3, Azure, Google Cloud Storage, Wasabi et BackBlaze B2...<\/p>\n<h2>\n\t\tOptions de restauration multiples\n\t<\/h2>\n\tProt\u00e9gez vos fichiers contre la perte de donn\u00e9es et les logiciels ran\u00e7onneurs gr\u00e2ce \u00e0 une sauvegarde automatis\u00e9e et crypt\u00e9e des \u00e9l\u00e9ments suivants<br \/>\nla main-d'\u0153uvre distante et hybride.\n\t\t\t\t<img loading=\"lazy\" decoding=\"async\" src=\"https:\/\/eazybackup.com\/wp-content\/uploads\/2022\/07\/bootable-usb.svg\" alt=\"bootable-usb\" itemprop=\"image\" height=\"59\" width=\"29\" title=\"bootable-usb\" onerror=\"this.style.display='none'\"  \/>\n<h4>\n\t\tR\u00e9cup\u00e9ration USB amor\u00e7able\n\t<\/h4>\n\t<p>L'application eazyBackup vous permet de cr\u00e9er des supports de r\u00e9cup\u00e9ration USB bas\u00e9s sur l'environnement de r\u00e9cup\u00e9ration Windows.<\/p>\n\t\t\t\t<img loading=\"lazy\" decoding=\"async\" src=\"https:\/\/eazybackup.com\/wp-content\/uploads\/2022\/07\/baremetal-recovery.svg\" alt=\"baremetal-recovery\" itemprop=\"image\" height=\"56\" width=\"53\" title=\"baremetal-recovery\" onerror=\"this.style.display='none'\"  \/>\n<h4>\n\t\tR\u00e9cup\u00e9ration Bare-Metal\n\t<\/h4>\n\t<p>D\u00e9marrez avec notre outil de r\u00e9cup\u00e9ration USB et restaurez directement depuis le stockage en nuage vers un appareil physique.<\/p>\n\t\t\t\t<img loading=\"lazy\" decoding=\"async\" src=\"https:\/\/eazybackup.com\/wp-content\/uploads\/2022\/07\/virtualbox.svg\" alt=\"virtualbox\" itemprop=\"image\" height=\"61\" width=\"60\" title=\"virtualbox\" onerror=\"this.style.display='none'\"  \/>\n<h4>\n\t\tRestaurer sur un disque virtuel\n\t<\/h4>\n\t<p>Restaurez votre image disque en fichiers d'image disque virtuel (.vmdk) et d\u00e9marrez dans VirtualBox ou Hyper-V.<\/p>\n<h2>\n\t\tD\u00e9dupliqu\u00e9, compress\u00e9 et crypt\u00e9.\n\t<\/h2>\n\t<p>Que vous d\u00e9marriez ou que vous ayez une agence bien \u00e9tablie, nos tarifs \u00e9voluent en fonction de votre croissance.<\/p>\n\t\t\t\t<img loading=\"lazy\" decoding=\"async\" src=\"https:\/\/eazybackup.com\/wp-content\/uploads\/2022\/07\/deduplication.svg\" alt=\"d\u00e9duplication\" itemprop=\"image\" height=\"43\" width=\"42\" title=\"d\u00e9duplication\" onerror=\"this.style.display='none'\"  \/>\n<h6>\n\t\tD\u00e9duplication\n\t<\/h6>\n\t<p>La d\u00e9duplication c\u00f4t\u00e9 client garantit des sauvegardes rapides, peu encombrantes et efficaces en termes de bande passante.<\/p>\n\t\t\t\t<img loading=\"lazy\" decoding=\"async\" src=\"https:\/\/eazybackup.com\/wp-content\/uploads\/2022\/07\/retention.svg\" alt=\"r\u00e9tention\" itemprop=\"image\" height=\"35\" width=\"34\" title=\"r\u00e9tention\" onerror=\"this.style.display='none'\"  \/>\n<h6>\n\t\tR\u00e9tention illimit\u00e9e\n\t<\/h6>\n\t<p>Conservez toutes vos donn\u00e9es pour toujours et restaurez votre clich\u00e9 le plus ancien aussi rapidement que le plus r\u00e9cent.<\/p>\n\t\t\t\t<img loading=\"lazy\" decoding=\"async\" src=\"https:\/\/eazybackup.com\/wp-content\/uploads\/2022\/07\/re-uploads.svg\" alt=\"Re-t\u00e9l\u00e9chargements\" itemprop=\"image\" height=\"33\" width=\"26\" title=\"Re-t\u00e9l\u00e9chargements\" onerror=\"this.style.display='none'\"  \/>\n<h6>\n\t\tPas de t\u00e9l\u00e9chargement d'images compl\u00e8tes\n\t<\/h6>\n\t<p>Ex\u00e9cutez votre sauvegarde une fois et vous ne devrez plus jamais recharger le fichier complet.<\/p>\n\t\t\t\t<img loading=\"lazy\" decoding=\"async\" src=\"https:\/\/eazybackup.com\/wp-content\/uploads\/2022\/07\/data-encryption.svg\" alt=\"cryptage des donn\u00e9es\" itemprop=\"image\" height=\"38\" width=\"37\" title=\"cryptage des donn\u00e9es\" onerror=\"this.style.display='none'\"  \/>\n<h6>\n\t\tCompress\u00e9 et crypt\u00e9\n\t<\/h6>\n\t<p>Cryptage fort de bout en bout. Les fichiers sont toujours compress\u00e9s et crypt\u00e9s avant d'\u00eatre envoy\u00e9s ou stock\u00e9s \u00e0 l'aide du puissant cryptage AES-256.<\/p>\n\t\t\t\t<img loading=\"lazy\" decoding=\"async\" src=\"https:\/\/eazybackup.com\/wp-content\/uploads\/2022\/07\/phone.png\" alt=\"t\u00e9l\u00e9phone\" itemprop=\"image\" height=\"77\" width=\"76\" title=\"t\u00e9l\u00e9phone\" onerror=\"this.style.display='none'\"  \/>\n\t<h3><strong>Nous contacter<\/strong> pour l'assistance<\/h3>\n\t<p>Vous avez besoin d'un devis ? Faites-nous part de vos besoins en mati\u00e8re d'ordinateurs et de stockage.<\/p>\n\t\t\t<a href=\"tel:(888) 969-2016\" target=\"_self\" rel=\"noopener\">\n\t\t\t\t\t\t(888) 969-2016\n\t\t\t\t\t<\/a>\n\t[fc id=&#8217;9&#8242;][\/fc]","protected":false},"excerpt":{"rendered":"<p>Disk Image Backups Disk Image and Disk Cloning Create images of entire disks or individual partitions Bare-metal System Recovery Restore direct from cloud to your disk with our bootable USB utility Local, Cloud, or Hybrid Cloud Backup Back up to a local disk, send your data to the cloud, or both Disk ImageBackup Backup On-site [&hellip;]<\/p>","protected":false},"author":1,"featured_media":0,"parent":0,"menu_order":0,"comment_status":"closed","ping_status":"closed","template":"","meta":{"site-sidebar-layout":"no-sidebar","site-content-layout":"page-builder","ast-site-content-layout":"default","site-content-style":"default","site-sidebar-style":"default","ast-global-header-display":"","ast-banner-title-visibility":"","ast-main-header-display":"disabled","ast-hfb-above-header-display":"","ast-hfb-below-header-display":"","ast-hfb-mobile-header-display":"","site-post-title":"disabled","ast-breadcrumbs-content":"disabled","ast-featured-img":"","footer-sml-layout":"","theme-transparent-header-meta":"default","adv-header-id-meta":"","stick-header-meta":"","header-above-stick-meta":"","header-main-stick-meta":"","header-below-stick-meta":"","astra-migrate-meta-layouts":"default","ast-page-background-enabled":"default","ast-page-background-meta":{"desktop":{"background-color":"var(--ast-global-color-4)","background-image":"","background-repeat":"repeat","background-position":"center center","background-size":"auto","background-attachment":"scroll","background-type":"","background-media":"","overlay-type":"","overlay-color":"","overlay-opacity":"","overlay-gradient":""},"tablet":{"background-color":"","background-image":"","background-repeat":"repeat","background-position":"center center","background-size":"auto","background-attachment":"scroll","background-type":"","background-media":"","overlay-type":"","overlay-color":"","overlay-opacity":"","overlay-gradient":""},"mobile":{"background-color":"","background-image":"","background-repeat":"repeat","background-position":"center center","background-size":"auto","background-attachment":"scroll","background-type":"","background-media":"","overlay-type":"","overlay-color":"","overlay-opacity":"","overlay-gradient":""}},"ast-content-background-meta":{"desktop":{"background-color":"var(--ast-global-color-5)","background-image":"","background-repeat":"repeat","background-position":"center center","background-size":"auto","background-attachment":"scroll","background-type":"","background-media":"","overlay-type":"","overlay-color":"","overlay-opacity":"","overlay-gradient":""},"tablet":{"background-color":"var(--ast-global-color-5)","background-image":"","background-repeat":"repeat","background-position":"center center","background-size":"auto","background-attachment":"scroll","background-type":"","background-media":"","overlay-type":"","overlay-color":"","overlay-opacity":"","overlay-gradient":""},"mobile":{"background-color":"var(--ast-global-color-5)","background-image":"","background-repeat":"repeat","background-position":"center center","background-size":"auto","background-attachment":"scroll","background-type":"","background-media":"","overlay-type":"","overlay-color":"","overlay-opacity":"","overlay-gradient":""}},"footnotes":""},"class_list":["post-2176","page","type-page","status-publish","hentry"],"_links":{"self":[{"href":"https:\/\/eazybackup.com\/fr\/wp-json\/wp\/v2\/pages\/2176","targetHints":{"allow":["GET"]}}],"collection":[{"href":"https:\/\/eazybackup.com\/fr\/wp-json\/wp\/v2\/pages"}],"about":[{"href":"https:\/\/eazybackup.com\/fr\/wp-json\/wp\/v2\/types\/page"}],"author":[{"embeddable":true,"href":"https:\/\/eazybackup.com\/fr\/wp-json\/wp\/v2\/users\/1"}],"replies":[{"embeddable":true,"href":"https:\/\/eazybackup.com\/fr\/wp-json\/wp\/v2\/comments?post=2176"}],"version-history":[{"count":42,"href":"https:\/\/eazybackup.com\/fr\/wp-json\/wp\/v2\/pages\/2176\/revisions"}],"predecessor-version":[{"id":6934,"href":"https:\/\/eazybackup.com\/fr\/wp-json\/wp\/v2\/pages\/2176\/revisions\/6934"}],"wp:attachment":[{"href":"https:\/\/eazybackup.com\/fr\/wp-json\/wp\/v2\/media?parent=2176"}],"curies":[{"name":"wp","href":"https:\/\/api.w.org\/{rel}","templated":true}]}}