{"id":20,"date":"2020-07-03T11:25:41","date_gmt":"2020-07-03T11:25:41","guid":{"rendered":"https:\/\/eazybackup.com\/?page_id=20"},"modified":"2025-05-26T15:26:17","modified_gmt":"2025-05-26T19:26:17","slug":"features","status":"publish","type":"page","link":"https:\/\/eazybackup.com\/fr\/features\/","title":{"rendered":"Caract\u00e9ristiques"},"content":{"rendered":"<h1>\n\t\tSauvegarde et r\u00e9cup\u00e9ration de tout sur Windows et macOS\n\t<\/h1>\n\t<p>Faites l'exp\u00e9rience d'un service de sauvegarde en ligne qui offre des performances pures avec une s\u00e9curit\u00e9 sans compromis et un logiciel de pointe.<\/p>\n\t\t\t<a href=\"https:\/\/eazybackup.com\/fr\/pricing\/\" target=\"_self\" rel=\"noopener\">\n\t\t\t\t\t\t\tVoir les plans\n\t\t\t\t\t<\/a>\n\t\t\t\t<img loading=\"lazy\" decoding=\"async\" src=\"https:\/\/eazybackup.com\/wp-content\/uploads\/2022\/07\/features-banner.svg\" alt=\"caract\u00e9ristiques-banni\u00e8re\" itemprop=\"image\" height=\"455\" width=\"444\" title=\"caract\u00e9ristiques-banni\u00e8re\" onerror=\"this.style.display='none'\"  \/>\n\t\t\t\t<img loading=\"lazy\" decoding=\"async\" src=\"https:\/\/eazybackup.com\/wp-content\/uploads\/2022\/07\/Frame.png\" alt=\"Cadre\" itemprop=\"image\" height=\"70\" width=\"70\" title=\"Cadre\" onerror=\"this.style.display='none'\"  \/>\n<h2>\n\t\tAutomatique\n\t<\/h2>\n\t<p>Programmez des sauvegardes automatiques pour votre PC, vos serveurs et vos p\u00e9riph\u00e9riques r\u00e9seau.<\/p>\n\t\t\t\t<img loading=\"lazy\" decoding=\"async\" src=\"https:\/\/eazybackup.com\/wp-content\/uploads\/2022\/07\/Group-37187.png\" alt=\"Groupe 37187\" itemprop=\"image\" height=\"70\" width=\"70\" title=\"Groupe 37187\" onerror=\"this.style.display='none'\"  \/>\n<h2>\n\t\tAbordable\n\t<\/h2>\n\t<p>Stockage en nuage canadien optimis\u00e9 par eazyBackup<\/p>\n\t\t\t\t<img loading=\"lazy\" decoding=\"async\" src=\"https:\/\/eazybackup.com\/wp-content\/uploads\/2022\/07\/Frame1.png\" alt=\"Cadre(1)\" itemprop=\"image\" height=\"70\" width=\"70\" title=\"Cadre(1)\" onerror=\"this.style.display='none'\"  \/>\n<h2>\n\t\tProtection\n\t<\/h2>\n\t<p>S\u00e9curisez vos donn\u00e9es au Canada gr\u00e2ce au cryptage AES-256 bits et au syst\u00e8me 2FA.<\/p>\n\tVos donn\u00e9es les plus sensibles\n<h2>\n\t\tSauvegarde rapide, s\u00e9curis\u00e9e et crypt\u00e9e pour\n\t<\/h2>\n\t\t\t\t<img loading=\"lazy\" decoding=\"async\" src=\"https:\/\/eazybackup.com\/wp-content\/uploads\/2022\/07\/documents.svg\" alt=\"documents\" itemprop=\"image\" height=\"47\" width=\"44\" title=\"documents\" onerror=\"this.style.display='none'\"  \/>\n\t\t<h3>Documents<\/h3>\t\t\n\t<p>Choisissez les fichiers\/dossiers que vous souhaitez prot\u00e9ger sans aucune limitation de taille ou de type de fichier.<\/p>\n<ul>\n<li>Cr\u00e9er des horaires personnalis\u00e9s<\/li>\n<li>Configurer des exclusions personnalis\u00e9es<\/li>\n<li>Gestion de la r\u00e9tention des donn\u00e9es (r\u00e9tention illimit\u00e9e sur le plan serveur)<\/li>\n<li>Configuration \u00e0 distance des sauvegardes \u00e0 partir de notre panneau de contr\u00f4le<\/li>\n<\/ul>\n\t\t\t\t<img loading=\"lazy\" decoding=\"async\" src=\"https:\/\/eazybackup.com\/wp-content\/uploads\/2022\/07\/documents.svg\" alt=\"documents\" itemprop=\"image\" height=\"47\" width=\"44\" title=\"documents\" onerror=\"this.style.display='none'\"  \/>\n\t\t<h3>NAS et r\u00e9seau<\/h3>\t\t\n\t<p>Sauvegardez des fichiers et des dossiers \u00e0 partir d'emplacements r\u00e9seau, tels que des chemins UNC et des p\u00e9riph\u00e9riques NAS, sans aucune limite de taille ou de type de fichier.<\/p>\n\t\t\t\t<img loading=\"lazy\" decoding=\"async\" src=\"https:\/\/eazybackup.com\/wp-content\/uploads\/2022\/07\/documents.svg\" alt=\"documents\" itemprop=\"image\" height=\"47\" width=\"44\" title=\"documents\" onerror=\"this.style.display='none'\"  \/>\n\t\t<h3>Serveurs virtuels Hyper-V<\/h3>\t\t\n\t<p>Sauvegardez un nombre illimit\u00e9 de machines virtuelles invit\u00e9es Hyper-V sans interruption de service. Incluant mais non limit\u00e9 \u00e0 :<\/p>\n<ul>\n<li>Le fichier de configuration<\/li>\n<li>Tous les lecteurs virtuels attach\u00e9s<\/li>\n<li>Le contenu de la m\u00e9moire (si la machine \u00e9tait en marche)<\/li>\n<li>L'arbre complet des points de contr\u00f4le sauvegard\u00e9s<\/li>\n<\/ul>\n\t\t\t\t<img loading=\"lazy\" decoding=\"async\" src=\"https:\/\/eazybackup.com\/wp-content\/uploads\/2022\/07\/documents.svg\" alt=\"documents\" itemprop=\"image\" height=\"47\" width=\"44\" title=\"documents\" onerror=\"this.style.display='none'\"  \/>\n\t\t<h3>Bases de donn\u00e9es<\/h3>\t\t\n\t<p>Gr\u00e2ce \u00e0 notre plan serveur, cr\u00e9ez des sauvegardes en direct de Microsoft SQL Server, MySQL et MariaDB sans temps d'arr\u00eat.<\/p>\n<ul>\n<li>Prot\u00e8ge SQL Server 2005 et sup\u00e9rieur, y compris SQL Server 2019<\/li>\n<li>Prise en charge d'Oracle MySQL, de MariaDB et de Percona Server<\/li>\n<\/ul>\n\t\t\t\t<img loading=\"lazy\" decoding=\"async\" src=\"https:\/\/eazybackup.com\/wp-content\/uploads\/2022\/07\/documents.svg\" alt=\"documents\" itemprop=\"image\" height=\"47\" width=\"44\" title=\"documents\" onerror=\"this.style.display='none'\"  \/>\n\t\t<h3>Sauvegardes d'images disques<\/h3>\t\t\n\t<p>Effectuez des sauvegardes de disques entiers ou de partitions individuelles pour la r\u00e9cup\u00e9ration de syst\u00e8mes nus. Sauvegarde d'images de disques.<\/p>\n\t\t\t\t<img loading=\"lazy\" decoding=\"async\" src=\"https:\/\/eazybackup.com\/wp-content\/uploads\/2022\/07\/documents.svg\" alt=\"documents\" itemprop=\"image\" height=\"47\" width=\"44\" title=\"documents\" onerror=\"this.style.display='none'\"  \/>\n\t\t<h3>Sauvegarde Office 365<\/h3>\t\t\n\t<p>Prot\u00e9gez les donn\u00e9es Microsoft 365 stock\u00e9es dans OneDrive for Business, SharePoint Online, Exchange Online et Teams. Sauvegarde Office 365.<\/p>\n<h2>\n\t\tAvantages de notre solution de sauvegarde en nuage\n\t<\/h2>\n\t\t\t\t<img loading=\"lazy\" decoding=\"async\" src=\"https:\/\/eazybackup.com\/wp-content\/uploads\/2022\/07\/tech-support.svg\" alt=\"support technique\" itemprop=\"image\" height=\"46\" width=\"38\" title=\"support technique\" onerror=\"this.style.display='none'\"  \/>\n<h6>Soutien technique canadien<\/h6>\t\t\n\t\t\t<p>Profitez de l'assistance technique de premier ordre de notre \u00e9quipe canadienne comp\u00e9tente, incluse dans le prix de votre abonnement.<\/p>\n\t\t\t\t<img loading=\"lazy\" decoding=\"async\" src=\"https:\/\/eazybackup.com\/wp-content\/uploads\/2022\/07\/protect.svg\" alt=\"prot\u00e9ger\" itemprop=\"image\" height=\"46\" width=\"49\" title=\"prot\u00e9ger\" onerror=\"this.style.display='none'\"  \/>\n<h6>Protection contre les ransomwares<\/h6>\t\t\n\t\t\t<p>La protection ultime contre les ransomwares pour vos sauvegardes avec 2FA et un verrouillage automatique de l'application pour emp\u00eacher la falsification.<\/p>\n\t\t\t\t<img loading=\"lazy\" decoding=\"async\" src=\"https:\/\/eazybackup.com\/wp-content\/uploads\/2022\/07\/ultra-fast.svg\" alt=\"ultra-rapide\" itemprop=\"image\" height=\"31\" width=\"58\" title=\"ultra-rapide\" onerror=\"this.style.display='none'\"  \/>\n<h6>Restaurations ultra rapides<\/h6>\t\t\n\t\t\t<p>Les restaurations sont rapides (limit\u00e9es uniquement par votre connexion et la vitesse de votre disque). Notre technologie de d\u00e9coupage en morceaux garantit que les transferts de restauration commencent imm\u00e9diatement.<\/p>\n\t\t\t\t<img loading=\"lazy\" decoding=\"async\" src=\"https:\/\/eazybackup.com\/wp-content\/uploads\/2022\/07\/deduplication.svg\" alt=\"d\u00e9duplication\" itemprop=\"image\" height=\"43\" width=\"42\" title=\"d\u00e9duplication\" onerror=\"this.style.display='none'\"  \/>\n<h6>D\u00e9duplication<\/h6>\t\t\n\t\t\t<p>La d\u00e9duplication c\u00f4t\u00e9 client garantit des sauvegardes rapides, peu encombrantes et efficaces en termes de bande passante.<\/p>\n\t\t\t\t<img loading=\"lazy\" decoding=\"async\" src=\"https:\/\/eazybackup.com\/wp-content\/uploads\/2022\/07\/retention.svg\" alt=\"r\u00e9tention\" itemprop=\"image\" height=\"35\" width=\"34\" title=\"r\u00e9tention\" onerror=\"this.style.display='none'\"  \/>\n<h6>R\u00e9tention illimit\u00e9e<\/h6>\t\t\n\t\t\t<p>Lancez une t\u00e2che de sauvegarde \u00e0 la demande \u00e0 tout moment ou configurez des sauvegardes automatiques \u00e0 l'aide du planificateur int\u00e9gr\u00e9.<\/p>\n\t\t\t\t<img loading=\"lazy\" decoding=\"async\" src=\"https:\/\/eazybackup.com\/wp-content\/uploads\/2022\/07\/data-encryption.svg\" alt=\"cryptage des donn\u00e9es\" itemprop=\"image\" height=\"38\" width=\"37\" title=\"cryptage des donn\u00e9es\" onerror=\"this.style.display='none'\"  \/>\n<h6>Toujours crypt\u00e9<\/h6>\t\t\n\t\t\t<p>Conservez toutes vos donn\u00e9es 365 pour toujours et restaurez votre instantan\u00e9 le plus ancien aussi rapidement que le plus r\u00e9cent.<\/p>\n\t\t\t\t<img loading=\"lazy\" decoding=\"async\" src=\"https:\/\/eazybackup.com\/wp-content\/uploads\/2022\/07\/eazyBackup-compliance.svg\" alt=\"eazyBackup-compliance\" itemprop=\"image\" height=\"476\" width=\"469\" title=\"eazyBackup-compliance\" onerror=\"this.style.display='none'\"  \/>\n\t<h3>Conformit\u00e9 d'eazyBackup<\/h3>\n\t<p>Stockage en nuage canadien aliment\u00e9 par eazyBackup.<\/p>\n<p>&nbsp;<\/p>\n<ul>\n<li>Cryptage complet de bout en bout, les fichiers sont toujours crypt\u00e9s avant d'\u00eatre envoy\u00e9s ou stock\u00e9s \u00e0 l'aide d'un puissant cryptage AES-256 bits.<\/li>\n<li>Les sauvegardes immuables avec les fonctionnalit\u00e9s de verrouillage d'objet et de versionnement fournissent des couches de d\u00e9fense suppl\u00e9mentaires, garantissant que vos donn\u00e9es restent s\u00e9curis\u00e9es et r\u00e9cup\u00e9rables m\u00eame en cas de cyber-attaques.<\/li>\n<li>Authentification \u00e0 deux facteurs pour prot\u00e9ger vos sauvegardes contre les acc\u00e8s non autoris\u00e9s.<\/li>\n<li>Une cl\u00e9 de cryptage contr\u00f4l\u00e9e par le client signifie que vous \u00eates la seule partie \u00e0 avoir acc\u00e8s \u00e0 vos donn\u00e9es, ce qui garantit une confidentialit\u00e9 totale.<\/li>\n<\/ul>\n\tConformit\u00e9 PHI\n<h3>\n\t\tLoi sur la protection des renseignements personnels et les documents \u00e9lectroniques\n\t<\/h3>\n\teazyBackup stocke et conserve les dossiers m\u00e9dicaux \u00e9lectroniques conform\u00e9ment \u00e0 la LPRPDE (Loi sur la protection des renseignements personnels et les documents \u00e9lectroniques). eazyBackup utilise les meilleures pratiques et technologies en mati\u00e8re de s\u00e9curit\u00e9 pour assurer la s\u00e9curit\u00e9 physique des dossiers m\u00e9dicaux \u00e9lectroniques.<br \/>\nses installations et de maintenir la confidentialit\u00e9 et l'int\u00e9grit\u00e9 des<br \/>\nles donn\u00e9es \u00e9lectroniques et les enregistrements num\u00e9riques.\n\t\t\t\t<img loading=\"lazy\" decoding=\"async\" src=\"https:\/\/eazybackup.com\/wp-content\/uploads\/2022\/07\/personal-info.svg\" alt=\"informations personnelles\" itemprop=\"image\" height=\"447\" width=\"447\" title=\"informations personnelles\" onerror=\"this.style.display='none'\"  \/>\n\t\t\t\t<img loading=\"lazy\" decoding=\"async\" src=\"https:\/\/eazybackup.com\/wp-content\/uploads\/2022\/07\/workshop-server-backup.png\" alt=\"atelier-serveur-backup\" itemprop=\"image\" height=\"467\" width=\"645\" title=\"atelier-serveur-backup\" onerror=\"this.style.display='none'\"  \/>\n\tT\u00e9l\u00e9commande\n<h3>\n\t\tGestion de la sauvegarde \u00e0 distance\n\t<\/h3>\n\tB\u00e9n\u00e9ficiez de capacit\u00e9s compl\u00e8tes de gestion \u00e0 distance pour tous vos appareils connect\u00e9s.<br \/>\nCr\u00e9er et g\u00e9rer des t\u00e2ches de sauvegarde\n<ul>\n<li>Modifier les s\u00e9lections de fichiers de sauvegarde avec l'exploration du syst\u00e8me de fichiers \u00e0 distance<br \/>\ncapacit\u00e9<\/li>\n<li>G\u00e9rer les horaires<\/li>\n<li>D\u00e9marrer\/arr\u00eater manuellement les t\u00e2ches de sauvegarde<\/li>\n<li>G\u00e9rer les emplacements de stockage, y compris le cloud (eazyBackup AWS),<br \/>\nWasabi, B2) et les entra\u00eenements locaux<\/li>\n<li>Effectuer des restaurations sur les appareils connect\u00e9s<\/li>\n<li>Ex\u00e9cuter des restaurations de test (les donn\u00e9es sont t\u00e9l\u00e9charg\u00e9es mais ne sont pas stock\u00e9es sur le serveur).<br \/>\nappareil connect\u00e9<\/li>\n<\/ul>\n\tTableau de bord en temps r\u00e9el\n<h3>\n\t\tSurveillance centrale\n\t<\/h3>\n\t<p>Travaillez \u00e0 partir d'un seul \u00e9cran qui vous permet de contr\u00f4ler l'\u00e9tat de toutes vos sauvegardes d'un seul coup d'\u0153il.<\/p>\n<ul>\n<li>Visualiser l'activit\u00e9 de sauvegarde en temps r\u00e9el<\/li>\n<li>Tous les journaux de sauvegarde des deux derni\u00e8res ann\u00e9es<\/li>\n<li>Suivre les statistiques d'utilisation<\/li>\n<\/ul>\n\t\t\t\t<img loading=\"lazy\" decoding=\"async\" src=\"https:\/\/eazybackup.com\/wp-content\/uploads\/2022\/07\/central-monitoring-1.png\" alt=\"contr\u00f4le central\" itemprop=\"image\" height=\"363\" width=\"533\" title=\"contr\u00f4le central\" onerror=\"this.style.display='none'\"  \/>\n\t\t\t\t<img loading=\"lazy\" decoding=\"async\" src=\"https:\/\/eazybackup.com\/wp-content\/uploads\/2022\/07\/get-started-box-img.png\" alt=\"get-started-box-img\" itemprop=\"image\" height=\"407\" width=\"463\" title=\"get-started-box-img\" onerror=\"this.style.display='none'\"  \/>\n<h3>\n\t\tCommencez en quelques secondes\n\t<\/h3>\n\t<p>Essai de 14 jours. Aucune carte de cr\u00e9dit n'est requise.<\/p>\n\t\t\t<a href=\"https:\/\/eazybackup.com\/fr\/signup\/\" target=\"_self\" rel=\"noopener\">\n\t\t\t\t\t\t\tEssayez eazyBackup gratuitement pendant 14 jours\n\t\t\t\t\t<\/a>","protected":false},"excerpt":{"rendered":"<p>Backup and Recover Everything on Windows and macOS Experience an online backup service that delivers pure performance with zero-compromise security and industry-leading software View Plans Automatic Schedule automated backups for your PC, Servers, and Network Devices Affordable Canadian cloud storage powered by eazyBackup Protection Secure your data in Canada with AES-256bit encryption and 2FA Your [&hellip;]<\/p>","protected":false},"author":1,"featured_media":0,"parent":0,"menu_order":0,"comment_status":"closed","ping_status":"closed","template":"","meta":{"site-sidebar-layout":"no-sidebar","site-content-layout":"page-builder","ast-site-content-layout":"default","site-content-style":"default","site-sidebar-style":"default","ast-global-header-display":"","ast-banner-title-visibility":"","ast-main-header-display":"","ast-hfb-above-header-display":"","ast-hfb-below-header-display":"","ast-hfb-mobile-header-display":"","site-post-title":"disabled","ast-breadcrumbs-content":"disabled","ast-featured-img":"disabled","footer-sml-layout":"","theme-transparent-header-meta":"default","adv-header-id-meta":"","stick-header-meta":"","header-above-stick-meta":"","header-main-stick-meta":"","header-below-stick-meta":"","astra-migrate-meta-layouts":"default","ast-page-background-enabled":"default","ast-page-background-meta":{"desktop":{"background-color":"var(--ast-global-color-4)","background-image":"","background-repeat":"repeat","background-position":"center center","background-size":"auto","background-attachment":"scroll","background-type":"","background-media":"","overlay-type":"","overlay-color":"","overlay-opacity":"","overlay-gradient":""},"tablet":{"background-color":"","background-image":"","background-repeat":"repeat","background-position":"center center","background-size":"auto","background-attachment":"scroll","background-type":"","background-media":"","overlay-type":"","overlay-color":"","overlay-opacity":"","overlay-gradient":""},"mobile":{"background-color":"","background-image":"","background-repeat":"repeat","background-position":"center center","background-size":"auto","background-attachment":"scroll","background-type":"","background-media":"","overlay-type":"","overlay-color":"","overlay-opacity":"","overlay-gradient":""}},"ast-content-background-meta":{"desktop":{"background-color":"var(--ast-global-color-5)","background-image":"","background-repeat":"repeat","background-position":"center center","background-size":"auto","background-attachment":"scroll","background-type":"","background-media":"","overlay-type":"","overlay-color":"","overlay-opacity":"","overlay-gradient":""},"tablet":{"background-color":"var(--ast-global-color-5)","background-image":"","background-repeat":"repeat","background-position":"center center","background-size":"auto","background-attachment":"scroll","background-type":"","background-media":"","overlay-type":"","overlay-color":"","overlay-opacity":"","overlay-gradient":""},"mobile":{"background-color":"var(--ast-global-color-5)","background-image":"","background-repeat":"repeat","background-position":"center center","background-size":"auto","background-attachment":"scroll","background-type":"","background-media":"","overlay-type":"","overlay-color":"","overlay-opacity":"","overlay-gradient":""}},"footnotes":""},"class_list":["post-20","page","type-page","status-publish","hentry"],"_links":{"self":[{"href":"https:\/\/eazybackup.com\/fr\/wp-json\/wp\/v2\/pages\/20","targetHints":{"allow":["GET"]}}],"collection":[{"href":"https:\/\/eazybackup.com\/fr\/wp-json\/wp\/v2\/pages"}],"about":[{"href":"https:\/\/eazybackup.com\/fr\/wp-json\/wp\/v2\/types\/page"}],"author":[{"embeddable":true,"href":"https:\/\/eazybackup.com\/fr\/wp-json\/wp\/v2\/users\/1"}],"replies":[{"embeddable":true,"href":"https:\/\/eazybackup.com\/fr\/wp-json\/wp\/v2\/comments?post=20"}],"version-history":[{"count":78,"href":"https:\/\/eazybackup.com\/fr\/wp-json\/wp\/v2\/pages\/20\/revisions"}],"predecessor-version":[{"id":6931,"href":"https:\/\/eazybackup.com\/fr\/wp-json\/wp\/v2\/pages\/20\/revisions\/6931"}],"wp:attachment":[{"href":"https:\/\/eazybackup.com\/fr\/wp-json\/wp\/v2\/media?parent=20"}],"curies":[{"name":"wp","href":"https:\/\/api.w.org\/{rel}","templated":true}]}}