{"id":18,"date":"2020-07-03T11:25:18","date_gmt":"2020-07-03T11:25:18","guid":{"rendered":"https:\/\/eazybackup.com\/?page_id=18"},"modified":"2024-12-04T17:13:41","modified_gmt":"2024-12-04T22:13:41","slug":"pricing","status":"publish","type":"page","link":"https:\/\/eazybackup.com\/fr\/pricing\/","title":{"rendered":"Fixation des prix"},"content":{"rendered":"<h3>\n\t\tAm\u00e9liorez la protection de vos donn\u00e9es avec eazyBackup\n\t<\/h3>\n\t<p>Votre \u00e9quipe compte plus de 25 utilisateurs ? <a href=\"https:\/\/eazybackup.com\/fr\/contact\/\">Demande de devis<\/a><\/p>\n\t<p>Protection des fichiers et des dossiers<\/p>\n<h1>\n\t\teazyBackup Workstation\n\t<\/h1>\n\t<p>Convient aux particuliers et aux petites et moyennes entreprises qui ont besoin de prot\u00e9ger leurs fichiers et leurs dossiers et de sauvegarder l'int\u00e9gralit\u00e9 de leur syst\u00e8me.<\/p>\n\t$ 12,95 \/ mois<br \/>\n\n\t\t\t\n\t\t\t<!-- Display Switch -->\n\t\t\t<label><input type=\"checkbox\"\/><\/label>\n\t\t\t<h5>Plus de d\u00e9tails<\/h5>\n\t\t\t<div class=\"fl-builder-content fl-builder-content-6428 fl-builder-template fl-builder-row-template fl-builder-global-templates-locked\" data-post-id=\"6428\"><div class=\"fl-row fl-row-full-width fl-row-bg-color fl-node-e2gda5p81bws fl-row-default-height fl-row-align-center\" data-node=\"e2gda5p81bws\">\n\t<div class=\"fl-row-content-wrap\">\n\t\t\t\t\t\t\t\t<div class=\"fl-row-content fl-row-fixed-width fl-node-content\">\n\t\t\n<div class=\"fl-col-group fl-node-7ydvgmt6kf53\" data-node=\"7ydvgmt6kf53\">\n\t\t\t<div class=\"fl-col fl-node-ocz52vxm3arn\" data-node=\"ocz52vxm3arn\">\n\t<div class=\"fl-col-content fl-node-content\"><div class=\"fl-module fl-module-icon fl-node-iexg703qv1rn\" data-node=\"iexg703qv1rn\">\n\t<div class=\"fl-module-content fl-node-content\">\n\t\t<div class=\"fl-icon-wrap\">\n\t<span class=\"fl-icon\">\n\t\t\t\t<i class=\"ua-icon ua-icon-check\" aria-hidden=\"true\"><\/i>\n\t\t\t\t\t<\/span>\n\t\t\t<div id=\"fl-icon-text-iexg703qv1rn\" class=\"fl-icon-text fl-icon-text-wrap\">\n\t\t\t\t\t\t<p>Sauvegarde pour les appareils Windows 10\/11 et macOS<\/p>\t\t\t\t\t<\/div>\n\t<\/div>\n\t<\/div>\n<\/div>\n<div class=\"fl-module fl-module-icon fl-node-yiuv6oxdbmlc\" data-node=\"yiuv6oxdbmlc\">\n\t<div class=\"fl-module-content fl-node-content\">\n\t\t<div class=\"fl-icon-wrap\">\n\t<span class=\"fl-icon\">\n\t\t\t\t<i class=\"ua-icon ua-icon-check\" aria-hidden=\"true\"><\/i>\n\t\t\t\t\t<\/span>\n\t\t\t<div id=\"fl-icon-text-yiuv6oxdbmlc\" class=\"fl-icon-text fl-icon-text-wrap\">\n\t\t\t\t\t\t<p>R\u00e9tention configurable, jusqu'\u00e0 l'historique des versions pour toujours<\/p>\t\t\t\t\t<\/div>\n\t<\/div>\n\t<\/div>\n<\/div>\n<div class=\"fl-module fl-module-icon fl-node-rex2jkvdfl7c\" data-node=\"rex2jkvdfl7c\">\n\t<div class=\"fl-module-content fl-node-content\">\n\t\t<div class=\"fl-icon-wrap\">\n\t<span class=\"fl-icon\">\n\t\t\t\t<i class=\"ua-icon ua-icon-check\" aria-hidden=\"true\"><\/i>\n\t\t\t\t\t<\/span>\n\t\t\t<div id=\"fl-icon-text-rex2jkvdfl7c\" class=\"fl-icon-text fl-icon-text-wrap\">\n\t\t\t\t\t\t<p>Tableau de bord et panneau de contr\u00f4le bas\u00e9s sur le web<\/p>\t\t\t\t\t<\/div>\n\t<\/div>\n\t<\/div>\n<\/div>\n<div class=\"fl-module fl-module-icon fl-node-cfby9mugjshi\" data-node=\"cfby9mugjshi\">\n\t<div class=\"fl-module-content fl-node-content\">\n\t\t<div class=\"fl-icon-wrap\">\n\t<span class=\"fl-icon\">\n\t\t\t\t<i class=\"ua-icon ua-icon-check\" aria-hidden=\"true\"><\/i>\n\t\t\t\t\t<\/span>\n\t\t\t<div id=\"fl-icon-text-cfby9mugjshi\" class=\"fl-icon-text fl-icon-text-wrap\">\n\t\t\t\t\t\t<p>Restauration d'urgence du disque dur avec envoi express*<\/p>\t\t\t\t\t<\/div>\n\t<\/div>\n\t<\/div>\n<\/div>\n<div class=\"fl-module fl-module-icon fl-node-f0cwh2japmxe\" data-node=\"f0cwh2japmxe\">\n\t<div class=\"fl-module-content fl-node-content\">\n\t\t<div class=\"fl-icon-wrap\">\n\t<span class=\"fl-icon\">\n\t\t\t\t<i class=\"ua-icon ua-icon-check\" aria-hidden=\"true\"><\/i>\n\t\t\t\t\t<\/span>\n\t\t\t<div id=\"fl-icon-text-f0cwh2japmxe\" class=\"fl-icon-text fl-icon-text-wrap\">\n\t\t\t\t\t\t<p>Protection d'un nombre illimit\u00e9 de fichiers, sans limite de taille<\/p>\t\t\t\t\t<\/div>\n\t<\/div>\n\t<\/div>\n<\/div>\n<\/div>\n<\/div>\n\t<\/div>\n\t\t<\/div>\n\t<\/div>\n<\/div>\n<\/div><div class=\"uabb-js-breakpoint\" style=\"display: none;\"><\/div>\t\t\n\t\t\t<a href=\"https:\/\/accounts.eazybackup.ca\/index.php?m=eazybackup&#038;a=signup\" target=\"_self\" rel=\"noopener\">\n\t\t\t\t\t\t\tEssai gratuit\n\t\t\t<\/a>\n\t<p>Protection compl\u00e8te des donn\u00e9es<\/p>\n<h1>\n\t\tServeur eazyBackup\n\t<\/h1>\n\t<p>Parfait pour les entreprises et les administrateurs de centres de donn\u00e9es \u00e0 la recherche de services de sauvegarde complets et d'une assistance de premier ordre.<\/p>\n\t$ 20,75 \/ mois<br \/>\n\n\t\t\t\n\t\t\t<!-- Display Switch -->\n\t\t\t<label><input type=\"checkbox\"\/><\/label>\n\t\t\t<h5>Plus de d\u00e9tails<\/h5>\n\t\t\t<div class=\"fl-builder-content fl-builder-content-6435 fl-builder-template fl-builder-row-template fl-builder-global-templates-locked\" data-post-id=\"6435\"><div class=\"fl-row fl-row-full-width fl-row-bg-color fl-node-l96qnyp0fbiv fl-row-default-height fl-row-align-center\" data-node=\"l96qnyp0fbiv\">\n\t<div class=\"fl-row-content-wrap\">\n\t\t\t\t\t\t\t\t<div class=\"fl-row-content fl-row-fixed-width fl-node-content\">\n\t\t\n<div class=\"fl-col-group fl-node-ak8qnfpb1uw4\" data-node=\"ak8qnfpb1uw4\">\n\t\t\t<div class=\"fl-col fl-node-inb9qxlgkhy8\" data-node=\"inb9qxlgkhy8\">\n\t<div class=\"fl-col-content fl-node-content\"><div class=\"fl-module fl-module-icon fl-node-4vkfqyzec86j\" data-node=\"4vkfqyzec86j\">\n\t<div class=\"fl-module-content fl-node-content\">\n\t\t<div class=\"fl-icon-wrap\">\n\t<span class=\"fl-icon\">\n\t\t\t\t<i class=\"ua-icon ua-icon-check\" aria-hidden=\"true\"><\/i>\n\t\t\t\t\t<\/span>\n\t\t\t<div id=\"fl-icon-text-4vkfqyzec86j\" class=\"fl-icon-text fl-icon-text-wrap\">\n\t\t\t\t\t\t<p>Sauvegarde pour les appareils Windows 10\/11\/Server et macOS<\/p>\t\t\t\t\t<\/div>\n\t<\/div>\n\t<\/div>\n<\/div>\n<div class=\"fl-module fl-module-icon fl-node-pwl3ks0znqx8\" data-node=\"pwl3ks0znqx8\">\n\t<div class=\"fl-module-content fl-node-content\">\n\t\t<div class=\"fl-icon-wrap\">\n\t<span class=\"fl-icon\">\n\t\t\t\t<i class=\"ua-icon ua-icon-check\" aria-hidden=\"true\"><\/i>\n\t\t\t\t\t<\/span>\n\t\t\t<div id=\"fl-icon-text-pwl3ks0znqx8\" class=\"fl-icon-text fl-icon-text-wrap\">\n\t\t\t\t\t\t<p>Sauvegarde pour les serveurs Linux<\/p>\t\t\t\t\t<\/div>\n\t<\/div>\n\t<\/div>\n<\/div>\n<div class=\"fl-module fl-module-icon fl-node-krf7x2195y38\" data-node=\"krf7x2195y38\">\n\t<div class=\"fl-module-content fl-node-content\">\n\t\t<div class=\"fl-icon-wrap\">\n\t<span class=\"fl-icon\">\n\t\t\t\t<i class=\"ua-icon ua-icon-check\" aria-hidden=\"true\"><\/i>\n\t\t\t\t\t<\/span>\n\t\t\t<div id=\"fl-icon-text-krf7x2195y38\" class=\"fl-icon-text fl-icon-text-wrap\">\n\t\t\t\t\t\t<p>Prot\u00e9ger les p\u00e9riph\u00e9riques NAS et les lecteurs r\u00e9seau<\/p>\t\t\t\t\t<\/div>\n\t<\/div>\n\t<\/div>\n<\/div>\n<div class=\"fl-module fl-module-icon fl-node-v910u6o8zskl\" data-node=\"v910u6o8zskl\">\n\t<div class=\"fl-module-content fl-node-content\">\n\t\t<div class=\"fl-icon-wrap\">\n\t<span class=\"fl-icon\">\n\t\t\t\t<i class=\"ua-icon ua-icon-check\" aria-hidden=\"true\"><\/i>\n\t\t\t\t\t<\/span>\n\t\t\t<div id=\"fl-icon-text-v910u6o8zskl\" class=\"fl-icon-text fl-icon-text-wrap\">\n\t\t\t\t\t\t<p>Historique des versions jusqu'\u00e0 l'infini, r\u00e9tention des donn\u00e9es configurable<\/p>\t\t\t\t\t<\/div>\n\t<\/div>\n\t<\/div>\n<\/div>\n<div class=\"fl-module fl-module-icon fl-node-naxogchkr6i8\" data-node=\"naxogchkr6i8\">\n\t<div class=\"fl-module-content fl-node-content\">\n\t\t<div class=\"fl-icon-wrap\">\n\t<span class=\"fl-icon\">\n\t\t\t\t<i class=\"ua-icon ua-icon-check\" aria-hidden=\"true\"><\/i>\n\t\t\t\t\t<\/span>\n\t\t\t<div id=\"fl-icon-text-naxogchkr6i8\" class=\"fl-icon-text fl-icon-text-wrap\">\n\t\t\t\t\t\t<p>Tableau de bord et panneau de contr\u00f4le bas\u00e9s sur le web<\/p>\t\t\t\t\t<\/div>\n\t<\/div>\n\t<\/div>\n<\/div>\n<div class=\"fl-module fl-module-icon fl-node-0ilotpzybjgc\" data-node=\"0ilotpzybjgc\">\n\t<div class=\"fl-module-content fl-node-content\">\n\t\t<div class=\"fl-icon-wrap\">\n\t<span class=\"fl-icon\">\n\t\t\t\t<i class=\"ua-icon ua-icon-check\" aria-hidden=\"true\"><\/i>\n\t\t\t\t\t<\/span>\n\t\t\t<div id=\"fl-icon-text-0ilotpzybjgc\" class=\"fl-icon-text fl-icon-text-wrap\">\n\t\t\t\t\t\t<p>Restauration d'urgence du disque dur avec envoi express*<\/p>\t\t\t\t\t<\/div>\n\t<\/div>\n\t<\/div>\n<\/div>\n<div class=\"fl-module fl-module-icon fl-node-f3js8bw0i1gy\" data-node=\"f3js8bw0i1gy\">\n\t<div class=\"fl-module-content fl-node-content\">\n\t\t<div class=\"fl-icon-wrap\">\n\t<span class=\"fl-icon\">\n\t\t\t\t<i class=\"ua-icon ua-icon-check\" aria-hidden=\"true\"><\/i>\n\t\t\t\t\t<\/span>\n\t\t\t<div id=\"fl-icon-text-f3js8bw0i1gy\" class=\"fl-icon-text fl-icon-text-wrap\">\n\t\t\t\t\t\t<p>Protection d'un nombre illimit\u00e9 de fichiers, sans limite de taille<\/p>\t\t\t\t\t<\/div>\n\t<\/div>\n\t<\/div>\n<\/div>\n<div class=\"fl-module fl-module-icon fl-node-lpnu73k641y9\" data-node=\"lpnu73k641y9\">\n\t<div class=\"fl-module-content fl-node-content\">\n\t\t<div class=\"fl-icon-wrap\">\n\t<span class=\"fl-icon\">\n\t\t\t\t<i class=\"ua-icon ua-icon-check\" aria-hidden=\"true\"><\/i>\n\t\t\t\t\t<\/span>\n\t\t\t<div id=\"fl-icon-text-lpnu73k641y9\" class=\"fl-icon-text fl-icon-text-wrap\">\n\t\t\t\t\t\t<p>\u00a0SQL, MySQL et MariaDB<\/p>\t\t\t\t\t<\/div>\n\t<\/div>\n\t<\/div>\n<\/div>\n<\/div>\n<\/div>\n\t<\/div>\n\t\t<\/div>\n\t<\/div>\n<\/div>\n<\/div><div class=\"uabb-js-breakpoint\" style=\"display: none;\"><\/div>\t\t\n\t\t\t<a href=\"https:\/\/accounts.eazybackup.ca\/index.php?m=eazybackup&#038;a=signup\" target=\"_self\" rel=\"noopener\">\n\t\t\t\t\t\t\tEssai gratuit\n\t\t\t<\/a>\n\t\t\t<a href=\"https:\/\/eazybackup.com\/fr\/contact\/\" target=\"_self\" rel=\"noopener\">\n\t\t\t\t\t\t\tContacter les ventes\n\t\t\t\t\t<\/a>\n\t<p>Sauvegarde d'entreprise de nuage \u00e0 nuage<\/p>\n<h1>\n\t\tMicrosoft 365\n\t<\/h1>\n\t<p>Prot\u00e9gez vos donn\u00e9es critiques avec une solution de sauvegarde de cloud \u00e0 cloud pour Microsoft 365 Mail, Calendar, Contacts, Tasks, Groups, Teams, OneDrive et SharePoint.<\/p>\n\t$ 3,50 \/ mois par utilisateur, stockage illimit\u00e9<br \/>\n\n\t\t\t<a href=\"https:\/\/accounts.eazybackup.ca\/index.php?m=eazybackup&#038;a=signup\" target=\"_self\" rel=\"noopener\">\n\t\t\t\t\t\t\tEssai gratuit\n\t\t\t<\/a>\n\t<p>Offre de lancement d'acc\u00e8s anticip\u00e9<\/p>\n<h1>\n\t\tConsole de gestion pour les MSP\n\t<\/h1>\n\t<p>Commercialisez eazyBackup en marque blanche pour vos clients. Profitez des fonctionnalit\u00e9s premium, y compris la personnalisation compl\u00e8te en marque blanche, le tout g\u00e9r\u00e9 sans effort \u00e0 partir d'une console de gestion unique et centralis\u00e9e.<\/p>\n\t$ 0,00 \/ mois<br \/>\n\n\t\t\t<a href=\"https:\/\/eazybackup.com\/fr\/contact\/\" target=\"_self\" rel=\"noopener\">\n\t\t\t\t\t\t\tContacter les ventes\n\t\t\t\t\t<\/a>\n\t<p>Comment pouvons-nous vous aider ?<\/p>\n\t<p>Contacter eazyBackup<\/p>\n\t<p>N'h\u00e9sitez pas \u00e0 nous contacter pour une assistance commerciale, une aide au d\u00e9ploiement, des questions techniques ou des demandes de d\u00e9monstrations, nous sommes l\u00e0 pour vous.<\/p>\n\t<p>En fournissant votre adresse \u00e9lectronique, vous acceptez notre <a href=\"https:\/\/eazybackup.com\/fr\/privacy\/\">Politique de confidentialit\u00e9<\/a> et la politique en mati\u00e8re de cookies.<\/p>\n\t\t\t\t<img loading=\"lazy\" decoding=\"async\" src=\"https:\/\/eazybackup.com\/wp-content\/uploads\/2024\/05\/backup_service_for_managed_service_providers.svg\" alt=\"service_de_sauvegarde_pour_les_fournisseurs_de_services_g\u00e9r\u00e9s\" itemprop=\"image\" height=\"415\" width=\"463\" title=\"service_de_sauvegarde_pour_les_fournisseurs_de_services_g\u00e9r\u00e9s\" onerror=\"this.style.display='none'\"  \/>\n<h3>\n\t\tMSPs : Nous proposons des versions en marque blanche d'eazyBackup\n\t<\/h3>\n\t<p>Nous fournissons des serveurs priv\u00e9s, ainsi que des versions en marque blanche et en marque priv\u00e9e de nos logiciels, ce qui vous permet de vous approprier nos solutions robustes. B\u00e9n\u00e9ficiez de capacit\u00e9s compl\u00e8tes de gestion et de surveillance \u00e0 distance, ce qui vous permet de g\u00e9rer et de prot\u00e9ger efficacement les donn\u00e9es de vos clients.<\/p>\n\t\t\t<a href=\"https:\/\/eazybackup.com\/fr\/online-backup-msp\/\" target=\"_self\" rel=\"noopener\">\n\t\t\t\t\t\t\tSauvegarde pour les MSP\n\t\t\t\t\t<\/a>","protected":false},"excerpt":{"rendered":"<p>Elevate Your Data Protection with eazyBackup Do you have 25+ users in your team? Request a Quote File and Folder Protection eazyBackup Workstation Suitable for home users and small to medimum businesses requiring protection of files, folders and complete system backup $ 12.95 \/ month More Details Try It Free Comprehensive Data Protection eazyBackup Server [&hellip;]<\/p>","protected":false},"author":1,"featured_media":0,"parent":0,"menu_order":0,"comment_status":"closed","ping_status":"closed","template":"","meta":{"site-sidebar-layout":"no-sidebar","site-content-layout":"page-builder","ast-site-content-layout":"default","site-content-style":"default","site-sidebar-style":"default","ast-global-header-display":"","ast-banner-title-visibility":"","ast-main-header-display":"","ast-hfb-above-header-display":"","ast-hfb-below-header-display":"","ast-hfb-mobile-header-display":"","site-post-title":"disabled","ast-breadcrumbs-content":"disabled","ast-featured-img":"disabled","footer-sml-layout":"","theme-transparent-header-meta":"default","adv-header-id-meta":"","stick-header-meta":"","header-above-stick-meta":"","header-main-stick-meta":"","header-below-stick-meta":"","astra-migrate-meta-layouts":"default","ast-page-background-enabled":"default","ast-page-background-meta":{"desktop":{"background-color":"var(--ast-global-color-4)","background-image":"","background-repeat":"repeat","background-position":"center center","background-size":"auto","background-attachment":"scroll","background-type":"","background-media":"","overlay-type":"","overlay-color":"","overlay-opacity":"","overlay-gradient":""},"tablet":{"background-color":"","background-image":"","background-repeat":"repeat","background-position":"center center","background-size":"auto","background-attachment":"scroll","background-type":"","background-media":"","overlay-type":"","overlay-color":"","overlay-opacity":"","overlay-gradient":""},"mobile":{"background-color":"","background-image":"","background-repeat":"repeat","background-position":"center center","background-size":"auto","background-attachment":"scroll","background-type":"","background-media":"","overlay-type":"","overlay-color":"","overlay-opacity":"","overlay-gradient":""}},"ast-content-background-meta":{"desktop":{"background-color":"var(--ast-global-color-5)","background-image":"","background-repeat":"repeat","background-position":"center center","background-size":"auto","background-attachment":"scroll","background-type":"","background-media":"","overlay-type":"","overlay-color":"","overlay-opacity":"","overlay-gradient":""},"tablet":{"background-color":"var(--ast-global-color-5)","background-image":"","background-repeat":"repeat","background-position":"center center","background-size":"auto","background-attachment":"scroll","background-type":"","background-media":"","overlay-type":"","overlay-color":"","overlay-opacity":"","overlay-gradient":""},"mobile":{"background-color":"var(--ast-global-color-5)","background-image":"","background-repeat":"repeat","background-position":"center center","background-size":"auto","background-attachment":"scroll","background-type":"","background-media":"","overlay-type":"","overlay-color":"","overlay-opacity":"","overlay-gradient":""}},"footnotes":""},"class_list":["post-18","page","type-page","status-publish","hentry"],"_links":{"self":[{"href":"https:\/\/eazybackup.com\/fr\/wp-json\/wp\/v2\/pages\/18","targetHints":{"allow":["GET"]}}],"collection":[{"href":"https:\/\/eazybackup.com\/fr\/wp-json\/wp\/v2\/pages"}],"about":[{"href":"https:\/\/eazybackup.com\/fr\/wp-json\/wp\/v2\/types\/page"}],"author":[{"embeddable":true,"href":"https:\/\/eazybackup.com\/fr\/wp-json\/wp\/v2\/users\/1"}],"replies":[{"embeddable":true,"href":"https:\/\/eazybackup.com\/fr\/wp-json\/wp\/v2\/comments?post=18"}],"version-history":[{"count":120,"href":"https:\/\/eazybackup.com\/fr\/wp-json\/wp\/v2\/pages\/18\/revisions"}],"predecessor-version":[{"id":6756,"href":"https:\/\/eazybackup.com\/fr\/wp-json\/wp\/v2\/pages\/18\/revisions\/6756"}],"wp:attachment":[{"href":"https:\/\/eazybackup.com\/fr\/wp-json\/wp\/v2\/media?parent=18"}],"curies":[{"name":"wp","href":"https:\/\/api.w.org\/{rel}","templated":true}]}}