{"id":2946,"date":"2021-05-31T14:14:55","date_gmt":"2021-05-31T14:14:55","guid":{"rendered":"https:\/\/eazybackup.com\/?page_id=2946"},"modified":"2025-12-12T10:44:02","modified_gmt":"2025-12-12T15:44:02","slug":"microsoft-365-backup-service","status":"publish","type":"page","link":"https:\/\/eazybackup.com\/es\/microsoft-365-backup-service\/","title":{"rendered":"Copia de seguridad para Office 365"},"content":{"rendered":"<h1>\n\t\tCopia de seguridad en la nube de Microsoft 365\n\t<\/h1>\n\t<p>Proteja sus datos de MS 365 con una copia de seguridad automatizada de Microsoft 365 de nube a nube de nivel empresarial para Mail, Calendar, Contacts, Tasks, Groups, Teams, OneDrive y SharePoint.<\/p>\n<p>&nbsp;<\/p>\n<p>Sin necesidad de instalar software: protecci\u00f3n de datos directa de nube a nube para Microsoft 365 que proporciona a las empresas un servicio de copia de seguridad y recuperaci\u00f3n asequible y seguro. Nuestro almacenamiento en la nube est\u00e1 certificado por el Programa Canadiense de Bienes Controlados y cumple con la LPRPDE.<\/p>\n\t\t\t\t<img loading=\"lazy\" decoding=\"async\" src=\"https:\/\/eazybackup.com\/wp-content\/uploads\/2022\/07\/office-365-banner-1.svg\" alt=\"office-365-banner\" itemprop=\"image\" height=\"361\" width=\"569\" title=\"office-365-banner\" onerror=\"this.style.display='none'\"  \/>\n\t\t\t\t<img loading=\"lazy\" decoding=\"async\" src=\"https:\/\/eazybackup.com\/wp-content\/uploads\/2024\/06\/Microsoft_365_2022.svg\" alt=\"Copia de seguridad de Microsoft 365\" itemprop=\"image\" height=\"44\" width=\"40\" title=\"Copia de seguridad de Microsoft 365\" onerror=\"this.style.display='none'\"  \/>\n<h2>\n\t\tProtecci\u00f3n de datos de MS 365\n\t<\/h2>\n\t<p>Copia de seguridad de todos tus datos de MS 365 (Correo, Calendario, Contactos, Tareas), SharePoint Online, OneDrive, Grupos de Office y Teams.<\/p>\n\t\t\t\t<img loading=\"lazy\" decoding=\"async\" src=\"https:\/\/eazybackup.com\/wp-content\/uploads\/2022\/07\/Group-37187.png\" alt=\"Grupo 37187\" itemprop=\"image\" height=\"70\" width=\"70\" title=\"Grupo 37187\" onerror=\"this.style.display='none'\"  \/>\n<h2>\n\t\tPrecios sencillos por usuario\n\t<\/h2>\n\t<p>$3.50\/month per user with 1-year retention. Includes unlimited storage for Microsoft 365 data (Exchange mail, calendars, contacts, SharePoint, Teams) plus 1 TB per user for OneDrive. Technical support and a central management dashboard included.<\/p>\n\t\t\t\t<img loading=\"lazy\" decoding=\"async\" src=\"https:\/\/eazybackup.com\/wp-content\/uploads\/2022\/07\/Frame1.png\" alt=\"Marco(1)\" itemprop=\"image\" height=\"70\" width=\"70\" title=\"Marco(1)\" onerror=\"this.style.display='none'\"  \/>\n<h2>\n\t\tProtecci\u00f3n de datos en Canad\u00e1\n\t<\/h2>\n\t<p>Sus datos de MS365 se almacenan de forma segura en Canad\u00e1, lo que garantiza el cumplimiento de la normativa local. Mantenga segura su informaci\u00f3n confidencial al tiempo que conserva la estricta soberan\u00eda de datos canadiense.<\/p>\n\t\t\t\t<img loading=\"lazy\" decoding=\"async\" src=\"https:\/\/eazybackup.com\/wp-content\/uploads\/2024\/05\/Microsoft_365_Backup_Overview.png\" alt=\"Microsoft_365_Backup_Overview\" itemprop=\"image\" height=\"718\" width=\"909\" title=\"Microsoft_365_Backup_Overview\" onerror=\"this.style.display='none'\"  \/>\n<h3>\n\t\t\u00bfPor qu\u00e9 hacer una copia de seguridad de Microsoft 365?\n\t<\/h3>\n\t<p>En el panorama inform\u00e1tico actual, la p\u00e9rdida y la corrupci\u00f3n de datos son problemas comunes que pueden afectar significativamente a las empresas. Las aplicaciones SaaS como Microsoft 365 son los principales objetivos de los ciberataques, y las investigaciones indican que la frecuencia, la complejidad y los costes de estos ataques no har\u00e1n m\u00e1s que aumentar. Adem\u00e1s, los datos pueden verse comprometidos por errores accidentales o acciones intencionadas, como borrados maliciosos.<\/p>\n<p>&nbsp;<\/p>\n<p>Cuando se trata de Microsoft 365 y otros datos en la nube, el principio b\u00e1sico es claro: \"tus datos, tu responsabilidad\". Seg\u00fan el Modelo de Responsabilidad Compartida de Microsoft, es tu deber como cliente proteger la seguridad de tus datos e identidades, ya est\u00e9n en las instalaciones o en la nube. Esto incluye la gesti\u00f3n de todos sus datos, puntos finales, cuentas y controles de acceso.<\/p>\n<p>&nbsp;<\/p>\n<p>Nuestro servicio de copia de seguridad de MS365 de nube a nube garantiza que sus datos est\u00e1n respaldados de forma segura y son f\u00e1cilmente recuperables, lo que le proporciona tranquilidad y protege a su empresa de posibles p\u00e9rdidas de datos y ciberamenazas.<\/p>\n\t\t\t<a href=\"https:\/\/eazybackup.com\/es\/schedule-a-meeting\/\" target=\"_self\">\n\t\t\t\t\t\t\tSolicitar una demostraci\u00f3n\n\t\t\t\t\t<\/a>\n<h2>\n\t\tProteja sus datos cr\u00edticos de Microsoft 365\n\t<\/h2>\n\t<p>Nuestra soluci\u00f3n de copia de seguridad de nube a nube de alto rendimiento se ha desarrollado desde cero para proteger los datos de Microsoft 365 almacenados en OneDrive for Business, SharePoint Online, Exchange Online y Teams.<\/p>\n\t\t\t\t<img loading=\"lazy\" decoding=\"async\" src=\"https:\/\/eazybackup.com\/wp-content\/uploads\/2022\/07\/onedrive-backup.svg\" alt=\"onedrive-backup\" itemprop=\"image\" height=\"58\" width=\"58\" title=\"onedrive-backup\" onerror=\"this.style.display='none'\"  \/>\n<h4>\n\t\tCopia de seguridad de OneDrive for Business\n\t<\/h4>\n\tCopia de seguridad de sus sitios, listas, bibliotecas, carpetas, metadatos, seguridad<br \/>\ny el historial de versiones.\n\t\t\t\t<img loading=\"lazy\" decoding=\"async\" src=\"https:\/\/eazybackup.com\/wp-content\/uploads\/2022\/07\/sharepoint-backup.svg\" alt=\"sharepoint-backup\" itemprop=\"image\" height=\"50\" width=\"50\" title=\"sharepoint-backup\" onerror=\"this.style.display='none'\"  \/>\n<h4>\n\t\tCopia de seguridad de SharePoint Online\n\t<\/h4>\n\tCopia de seguridad de carpetas, archivos, bibliotecas, metadatos y seguridad de OneDrive<br \/>\ny el historial de versiones.\n\t\t\t\t<img loading=\"lazy\" decoding=\"async\" src=\"https:\/\/eazybackup.com\/wp-content\/uploads\/2022\/07\/365-xchange.svg\" alt=\"365-change\" itemprop=\"image\" height=\"56\" width=\"61\" title=\"365-change\" onerror=\"this.style.display='none'\"  \/>\n<h4>\n\t\tCopia de seguridad de Microsoft 365 Exchange Online\n\t<\/h4>\n\t<p>Haz una copia de seguridad de tus buzones, calendarios, contactos y mucho m\u00e1s.<\/p>\n\t\t\t\t<img loading=\"lazy\" decoding=\"async\" src=\"https:\/\/eazybackup.com\/wp-content\/uploads\/2022\/07\/ransomware-protection.svg\" alt=\"ransomware-protecci\u00f3n\" itemprop=\"image\" height=\"50\" width=\"50\" title=\"ransomware-protecci\u00f3n\" onerror=\"this.style.display='none'\"  \/>\n<h4>\n\t\tProtecci\u00f3n contra el ransomware\n\t<\/h4>\n\tRealice copias de seguridad de equipos enteros, canales y conversaciones,<br \/>\nde las reuniones, y mucho m\u00e1s.\n<h3>\n\t\tPrecios de las copias de seguridad de Microsoft 365\n\t<\/h3>\n\t<p>Copia de seguridad completa para sus datos de Microsoft 365: Exchange, SharePoint, OneDrive, Groups y Teams.<\/p>\n<h3>\n\t\tMensualmente\n\t<\/h3>\n\t<p>$3.50<\/p>\n\tUnlimited storage for Microsoft 365 data<br \/>\nPlus 1 TB per user for OneDrive<br \/>\nUn a\u00f1o de retenci\u00f3n\n\t\t\t<a href=\"https:\/\/eazybackup.com\/es\/signup\/\" target=\"_self\">\n\t\t\t\t\t\t\tPru\u00e9belo gratis\n\t\t\t\t\t<\/a>\n<h3>\n\t\tAnualmente\n\t<\/h3>\n\t<p>$42<\/p>\n\tCAD\/a\u00f1o por usuario<br \/>\nIncluye almacenamiento ilimitado<br \/>\nUn a\u00f1o de retenci\u00f3n\n<p>&nbsp;<\/p>\n\t\t\t<a href=\"https:\/\/eazybackup.com\/es\/signup\/\" target=\"_self\">\n\t\t\t\t\t\t\tPru\u00e9belo gratis\n\t\t\t\t\t<\/a>\n<h3>\n\t\tEmpresa\n\t<\/h3>\n\t\u00bfNecesita una soluci\u00f3n de copia de seguridad s\u00f3lida para su empresa?<br \/>\nLe tenemos cubierto.\n\t\t\t<a href=\"https:\/\/eazybackup.com\/es\/microsoft-365-backup-service\/#contact\" target=\"_self\">\n\t\t\t\t\t\t\tSolicitar presupuesto\n\t\t\t\t\t<\/a>\n<h3>\n\t\tBeneficios de la copia de seguridad de Microsoft 365 de eazyBackup\n\t<\/h3>\n\t\t\t\t<img loading=\"lazy\" decoding=\"async\" src=\"https:\/\/eazybackup.com\/wp-content\/uploads\/2022\/07\/Frame.png\" alt=\"Marco\" itemprop=\"image\" height=\"70\" width=\"70\" title=\"Marco\" onerror=\"this.style.display='none'\"  \/>\n<h4>\n\t\tCopia de seguridad autom\u00e1tica o a la carta\n\t<\/h4>\n\t<p>Inicie un trabajo de copia de seguridad bajo demanda en cualquier momento que necesite o configure copias de seguridad autom\u00e1ticas utilizando el programador incorporado.<\/p>\n\t\t\t\t<img loading=\"lazy\" decoding=\"async\" src=\"https:\/\/eazybackup.com\/wp-content\/uploads\/2022\/07\/central.svg\" alt=\"central\" itemprop=\"image\" height=\"36\" width=\"58\" title=\"central\" onerror=\"this.style.display='none'\"  \/>\n<h4>\n\t\tGesti\u00f3n centralizada\n\t<\/h4>\n\tSupervise y gestione todos sus buzones de correo de Microsoft 365, OneDrive, SharePoint y<br \/>\nCopias de seguridad de los equipos a trav\u00e9s de nuestro dashboar online\n\t\t\t\t<img loading=\"lazy\" decoding=\"async\" src=\"https:\/\/eazybackup.com\/wp-content\/uploads\/2022\/07\/granular-backup.svg\" alt=\"copia de seguridad granular\" itemprop=\"image\" height=\"35\" width=\"39\" title=\"copia de seguridad granular\" onerror=\"this.style.display='none'\"  \/>\n<h4>\n\t\tCopia de seguridad y recuperaci\u00f3n granular\n\t<\/h4>\n\t<p>Realice una copia de seguridad de todos sus datos de Exchange y SharePoint o seleccione s\u00f3lo elementos, carpetas o colecciones de sitios espec\u00edficos. Recupere r\u00e1pidamente archivos, carpetas o correos electr\u00f3nicos individuales con una restauraci\u00f3n granular en un momento dado.<\/p>\n\t\t\t\t<img loading=\"lazy\" decoding=\"async\" src=\"https:\/\/eazybackup.com\/wp-content\/uploads\/2022\/07\/nas-network.svg\" alt=\"nas-red\" itemprop=\"image\" height=\"46\" width=\"46\" title=\"nas-red\" onerror=\"this.style.display='none'\"  \/>\n<h4>\n\t\tB\u00fasqueda de copias de seguridad de alto rendimiento\n\t<\/h4>\n\t<p>Busque f\u00e1cilmente elementos espec\u00edficos de Microsoft 365 y descargue el archivo cr\u00edtico o restaurelo en la plataforma<\/p>\n\t\t\t\t<img loading=\"lazy\" decoding=\"async\" src=\"https:\/\/eazybackup.com\/wp-content\/uploads\/2022\/07\/tech-support.svg\" alt=\"soporte t\u00e9cnico\" itemprop=\"image\" height=\"46\" width=\"38\" title=\"soporte t\u00e9cnico\" onerror=\"this.style.display='none'\"  \/>\n<h4>\n\t\tSoporte t\u00e9cnico canadiense\n\t<\/h4>\n\t<p>Disfrute de una asistencia t\u00e9cnica de primer nivel por parte de nuestro experto equipo canadiense, incluida en el precio de su suscripci\u00f3n.<\/p>\n\t\t\t\t<img loading=\"lazy\" decoding=\"async\" src=\"https:\/\/eazybackup.com\/wp-content\/uploads\/2022\/07\/retention.svg\" alt=\"retenci\u00f3n\" itemprop=\"image\" height=\"35\" width=\"34\" title=\"retenci\u00f3n\" onerror=\"this.style.display='none'\"  \/>\n<h4>\n\t\tConservaci\u00f3n de datos para siempre\n\t<\/h4>\n\t<p>Conserva todos tus 365 datos para siempre y restaura tu instant\u00e1nea m\u00e1s antigua tan r\u00e1pido como la m\u00e1s reciente.<\/p>\n<h3>\n\t\tEmpiece en minutos: Copia de seguridad de MS365 sin esfuerzo\n\t<\/h3>\n\t<p>Aprenda a configurar su primera copia de seguridad de MS365 en minutos. Vea lo f\u00e1cil que es registrar la aplicaci\u00f3n eazyBackup en Azure AD.<\/p>\n\t<meta itemprop=\"url\" content=\"https:\/\/eazybackup.com\/wp-content\/uploads\/2024\/05\/MS365_Backup_Getting_Started.mp4\" \/><div style=\"width: 640px;\" class=\"wp-video\"><!--[if lt IE 9]><script>document.createElement('video');<\/script><![endif]-->\n<video class=\"wp-video-shortcode\" id=\"video-2946-1\" width=\"640\" height=\"360\" preload=\"metadata\" controls=\"controls\"><source type=\"video\/mp4\" src=\"https:\/\/eazybackup.com\/wp-content\/uploads\/2024\/05\/MS365_Backup_Getting_Started.mp4?_=1\" \/><a href=\"https:\/\/eazybackup.com\/wp-content\/uploads\/2024\/05\/MS365_Backup_Getting_Started.mp4\">https:\/\/eazybackup.com\/wp-content\/uploads\/2024\/05\/MS365_Backup_Getting_Started.mp4<\/a><\/video><\/div>\n<h3>\n\t\tProteja, haga copias de seguridad y asegure sus datos de Microsoft 365\n\t<\/h3>\n\t<p>Elimine el miedo y la incertidumbre de la p\u00e9rdida de datos con una soluci\u00f3n de copia de seguridad de nube a nube de Microsoft 365 completa y fiable. eazyBackup combina una s\u00f3lida protecci\u00f3n de datos, una potente automatizaci\u00f3n de copias de seguridad, opciones de recuperaci\u00f3n vers\u00e1tiles y seguridad de datos multicapa para una verdadera tranquilidad.<\/p>\n<h3>\n\t\tCopias de seguridad automatizadas\n\t<\/h3>\n\t<p>Con la protecci\u00f3n de datos automatizada de Microsoft 365 de eazyBackup, puede centrarse en lo que m\u00e1s importa. Las opciones de programaci\u00f3n flexibles garantizan que sus valiosos datos est\u00e9n respaldados y recuperables en todo momento.<\/p>\n<h3>\n\t\tRecuperaci\u00f3n de datos de MS 365 sin esfuerzo\n\t<\/h3>\n\t<p>Recupere sus datos de Microsoft 365 de forma r\u00e1pida y sencilla desde nuestro panel de control. Utilice funciones como la b\u00fasqueda granular y la restauraci\u00f3n puntual para encontrar y recuperar exactamente lo que necesita. Tanto los administradores como los usuarios finales pueden restaurar los datos sin esfuerzo, siempre que lo necesiten.<\/p>\n<h3>\n\t\tProtecci\u00f3n de datos conforme\n\t<\/h3>\n\t<p>Nuestra protecci\u00f3n multicapa incluye la capacidad de Bloqueo de Objetos con modos de Cumplimiento y Gobernanza para la retenci\u00f3n legal, y versionado para mantener m\u00faltiples versiones de sus datos. Combinado con un cifrado robusto y 2FA, eazyBackup proporciona la m\u00e1xima seguridad.<\/p>\n<h3>\n\t\tSeguridad multicapa y conformidad del almacenamiento de datos\n\t<\/h3>\n\t<p>Certificado bajo el Programa de Bienes Controlados y conforme a la normativa PIPEDA, eazyBackup garantiza que sus datos se almacenan de forma segura y cumple con los m\u00e1s altos est\u00e1ndares de protecci\u00f3n de datos.<\/p>\n\t\t\t\t<img loading=\"lazy\" decoding=\"async\" src=\"https:\/\/eazybackup.com\/wp-content\/uploads\/2024\/05\/microsoft_365_backup_services.svg\" alt=\"microsoft_365_backup_services\" itemprop=\"image\" height=\"283\" width=\"532\" title=\"microsoft_365_backup_services\" onerror=\"this.style.display='none'\"  \/>\n<h3>\n\t\tCifrado de conocimiento cero\n\t<\/h3>\n\t<ul>\n<li>Gesti\u00f3n de claves de cifrado de conocimiento cero<\/li>\n<li>eazyBackup encripta todos los datos del usuario utilizando AES-256-CTR con Poly1305 en modo AEAD con claves aleatorias de alta entrop\u00eda.<\/li>\n<li>B\u00f3vedas de almacenamiento aprovisionadas para cada cliente con su propia clave de acceso \u00fanica y cifradas por separado.<\/li>\n<\/ul>\n<h3>\n\t\tSeguro, aislado y con protecci\u00f3n multifactor\n\t<\/h3>\n\t<ul>\n<li>Autenticaci\u00f3n basada en contrase\u00f1a con Hashing fuerte<\/li>\n<li>Autenticaci\u00f3n multifactor<\/li>\n<li>Aislamiento por usuario y credenciales \u00fanicas de Storage Vault<\/li>\n<\/ul>\n<h3>\n\t\tProtecci\u00f3n contra ransomware con copias de seguridad inmutables\n\t<\/h3>\n\t<ul>\n<li>Los cubos con bloqueo de objetos garantizan la inmutabilidad. Una vez escritos los datos, no se pueden modificar ni eliminar durante un periodo de retenci\u00f3n predefinido.<\/li>\n<li>La autenticaci\u00f3n multifactor proporciona una capa adicional de seguridad para proteger tus copias de seguridad.<\/li>\n<\/ul>\n\t<p>\u00bfEn qu\u00e9 podemos ayudarle?<\/p>\n\t<p>Contactar con eazyBackup<\/p>\n\t<p>P\u00f3ngase en contacto con nosotros para obtener asistencia comercial, ayuda con la implantaci\u00f3n, preguntas t\u00e9cnicas y solicitudes de demostraci\u00f3n.<\/p>\n\t<p>Al facilitarnos su direcci\u00f3n de correo electr\u00f3nico, acepta que <a href=\"https:\/\/eazybackup.com\/es\/privacy\/\">Pol\u00edtica de privacidad<\/a> y Pol\u00edtica de Cookies.<\/p>\n\t\t\t\t<img loading=\"lazy\" decoding=\"async\" src=\"https:\/\/eazybackup.com\/wp-content\/uploads\/2024\/05\/backup_service_for_managed_service_providers.svg\" alt=\"servicio_de_seguridad_para_proveedores_de_servicios_gestionados\" itemprop=\"image\" height=\"415\" width=\"463\" title=\"servicio_de_seguridad_para_proveedores_de_servicios_gestionados\" onerror=\"this.style.display='none'\"  \/>\n<h3>\n\t\tMSPs: Ofrecemos versiones de marca blanca de eazyBackup\n\t<\/h3>\n\t<p>Proporcionamos servidores privados, as\u00ed como versiones de marca blanca y marca blanca de nuestro software, lo que le permite marcar nuestras s\u00f3lidas soluciones como propias. Benef\u00edciese de las completas funciones de gesti\u00f3n y supervisi\u00f3n remotas, que le permitir\u00e1n gestionar y proteger eficazmente los datos de sus clientes.<\/p>\n\t\t\t<a href=\"https:\/\/eazybackup.com\/es\/online-backup-msp\/\" target=\"_self\">\n\t\t\t\t\t\t\tCopias de seguridad para los MSP\n\t\t\t\t\t<\/a>","protected":false},"excerpt":{"rendered":"<p>Microsoft 365 Cloud Backup Protect your MS 365 data with a enterprise-grade automated cloud to cloud Microsoft 365 backup for Mail, Calendar, Contacts, Tasks, Groups, Teams, OneDrive, and SharePoint. &nbsp; No software to install &#8211; direct cloud to cloud data protection for Microsoft 365 providing businesses with an affordable and secure backup and recovery service. [&hellip;]<\/p>","protected":false},"author":1,"featured_media":0,"parent":0,"menu_order":0,"comment_status":"closed","ping_status":"closed","template":"","meta":{"site-sidebar-layout":"no-sidebar","site-content-layout":"page-builder","ast-site-content-layout":"default","site-content-style":"default","site-sidebar-style":"default","ast-global-header-display":"","ast-banner-title-visibility":"","ast-main-header-display":"disabled","ast-hfb-above-header-display":"","ast-hfb-below-header-display":"","ast-hfb-mobile-header-display":"","site-post-title":"disabled","ast-breadcrumbs-content":"disabled","ast-featured-img":"disabled","footer-sml-layout":"","theme-transparent-header-meta":"default","adv-header-id-meta":"","stick-header-meta":"","header-above-stick-meta":"","header-main-stick-meta":"","header-below-stick-meta":"","astra-migrate-meta-layouts":"default","ast-page-background-enabled":"default","ast-page-background-meta":{"desktop":{"background-color":"var(--ast-global-color-4)","background-image":"","background-repeat":"repeat","background-position":"center center","background-size":"auto","background-attachment":"scroll","background-type":"","background-media":"","overlay-type":"","overlay-color":"","overlay-opacity":"","overlay-gradient":""},"tablet":{"background-color":"","background-image":"","background-repeat":"repeat","background-position":"center center","background-size":"auto","background-attachment":"scroll","background-type":"","background-media":"","overlay-type":"","overlay-color":"","overlay-opacity":"","overlay-gradient":""},"mobile":{"background-color":"","background-image":"","background-repeat":"repeat","background-position":"center center","background-size":"auto","background-attachment":"scroll","background-type":"","background-media":"","overlay-type":"","overlay-color":"","overlay-opacity":"","overlay-gradient":""}},"ast-content-background-meta":{"desktop":{"background-color":"var(--ast-global-color-5)","background-image":"","background-repeat":"repeat","background-position":"center center","background-size":"auto","background-attachment":"scroll","background-type":"","background-media":"","overlay-type":"","overlay-color":"","overlay-opacity":"","overlay-gradient":""},"tablet":{"background-color":"var(--ast-global-color-5)","background-image":"","background-repeat":"repeat","background-position":"center center","background-size":"auto","background-attachment":"scroll","background-type":"","background-media":"","overlay-type":"","overlay-color":"","overlay-opacity":"","overlay-gradient":""},"mobile":{"background-color":"var(--ast-global-color-5)","background-image":"","background-repeat":"repeat","background-position":"center center","background-size":"auto","background-attachment":"scroll","background-type":"","background-media":"","overlay-type":"","overlay-color":"","overlay-opacity":"","overlay-gradient":""}},"footnotes":""},"class_list":["post-2946","page","type-page","status-publish","hentry"],"_links":{"self":[{"href":"https:\/\/eazybackup.com\/es\/wp-json\/wp\/v2\/pages\/2946","targetHints":{"allow":["GET"]}}],"collection":[{"href":"https:\/\/eazybackup.com\/es\/wp-json\/wp\/v2\/pages"}],"about":[{"href":"https:\/\/eazybackup.com\/es\/wp-json\/wp\/v2\/types\/page"}],"author":[{"embeddable":true,"href":"https:\/\/eazybackup.com\/es\/wp-json\/wp\/v2\/users\/1"}],"replies":[{"embeddable":true,"href":"https:\/\/eazybackup.com\/es\/wp-json\/wp\/v2\/comments?post=2946"}],"version-history":[{"count":87,"href":"https:\/\/eazybackup.com\/es\/wp-json\/wp\/v2\/pages\/2946\/revisions"}],"predecessor-version":[{"id":6948,"href":"https:\/\/eazybackup.com\/es\/wp-json\/wp\/v2\/pages\/2946\/revisions\/6948"}],"wp:attachment":[{"href":"https:\/\/eazybackup.com\/es\/wp-json\/wp\/v2\/media?parent=2946"}],"curies":[{"name":"wp","href":"https:\/\/api.w.org\/{rel}","templated":true}]}}