{"id":22,"date":"2020-07-03T11:25:54","date_gmt":"2020-07-03T11:25:54","guid":{"rendered":"https:\/\/eazybackup.com\/?page_id=22"},"modified":"2025-02-18T11:00:00","modified_gmt":"2025-02-18T16:00:00","slug":"cloud-backup-solution-for-msp","status":"publish","type":"page","link":"https:\/\/eazybackup.com\/es\/cloud-backup-solution-for-msp\/","title":{"rendered":"Revendedores"},"content":{"rendered":"<h1>\n\t\tSoluci\u00f3n de copia de seguridad en la nube para MSP y proveedores de TI\n\t<\/h1>\n\t<p>eazyBackup ofrece una soluci\u00f3n de copia de seguridad en la nube adaptada espec\u00edficamente a los MSP.<\/p>\n<p>&nbsp;<\/p>\nOfrecemos versiones de marca blanca y marca blanca del software, lo que le permite marcar nuestra soluci\u00f3n de copia de seguridad en la nube como propia. Benef\u00edciese de las completas funciones de gesti\u00f3n y supervisi\u00f3n remotas, que le permitir\u00e1n gestionar y proteger eficazmente los datos de sus clientes.<br \/>\n\n\t\t\t<a href=\"https:\/\/accounts.eazybackup.ca\/index.php?m=eazybackup&#038;a=signup\" target=\"_self\" rel=\"noopener\">\n\t\t\t\t\t\t\tPru\u00e9belo gratis\n\t\t\t\t\t<\/a>\n\t\t\t\t<img loading=\"lazy\" decoding=\"async\" src=\"https:\/\/eazybackup.com\/wp-content\/uploads\/2022\/07\/features-banner.svg\" alt=\"caracter\u00edsticas-banner\" itemprop=\"image\" height=\"455\" width=\"444\" title=\"caracter\u00edsticas-banner\" onerror=\"this.style.display='none'\"  \/>\n\t\t\t\t<img loading=\"lazy\" decoding=\"async\" src=\"https:\/\/eazybackup.com\/wp-content\/uploads\/2024\/06\/automatic_backup.svg\" alt=\"respaldo_automatico\" itemprop=\"image\" height=\"70\" width=\"70\" title=\"respaldo_automatico\" onerror=\"this.style.display='none'\"  \/>\n<h2>\n\t\tGesti\u00f3n remota\n\t<\/h2>\n\t<p>Gesti\u00f3n remota completa y supervisi\u00f3n central para todas sus cuentas de cliente y copias de seguridad, gestione f\u00e1cilmente las copias de seguridad y controle su estado de forma remota.<\/p>\n\t\t\t\t<img loading=\"lazy\" decoding=\"async\" src=\"https:\/\/eazybackup.com\/wp-content\/uploads\/2024\/06\/service_pricing.svg\" alt=\"precios_servicios\" itemprop=\"image\" height=\"70\" width=\"70\" title=\"precios_servicios\" onerror=\"this.style.display='none'\"  \/>\n<h2>\n\t\tNo hay contratos\n\t<\/h2>\n\t<p>Como proveedor de servicios gestionados, consultor de TI, usted encaja perfectamente en nuestro programa. Disfrute de la flexibilidad de no tener contratos ni compromisos m\u00ednimos de almacenamiento o n\u00famero de cuentas.<\/p>\n\t\t\t\t<img loading=\"lazy\" decoding=\"async\" src=\"https:\/\/eazybackup.com\/wp-content\/uploads\/2024\/06\/data_protection.svg\" alt=\"protecci\u00f3n_datos\" itemprop=\"image\" height=\"70\" width=\"70\" title=\"protecci\u00f3n_datos\" onerror=\"this.style.display='none'\"  \/>\n<h2>\n\t\tSoftware de marca propia\n\t<\/h2>\n\t<p>Marca privada disponible, ideal para aquellos MSP que no quieren que sus clientes vean los precios de venta al p\u00fablico en nuestro sitio web.<\/p>\n\t\t\t\t<img loading=\"lazy\" decoding=\"async\" src=\"https:\/\/eazybackup.com\/wp-content\/uploads\/2022\/07\/Group-37252.svg\" alt=\"Compatible con eazyBackup CGP\" itemprop=\"image\" height=\"224\" width=\"271\" title=\"Compatible con eazyBackup CGP\" onerror=\"this.style.display='none'\"  \/>\n\t<h3>Seguridad de datos acreditada por el CGP<\/h3>\n\t<p>Nuestra acreditaci\u00f3n CGP marca a eazyBackup como l\u00edder de confianza en almacenamiento seguro en la nube, cumpliendo plenamente con los m\u00e1s altos est\u00e1ndares requeridos para el manejo de datos t\u00e9cnicos sensibles con importancia militar o de seguridad nacional. Nos comprometemos a mantener estrictos protocolos de seguridad para garantizar la integridad y confidencialidad de sus datos cr\u00edticos.<\/p>\n<p><a href=\"https:\/\/eazybackup.com\/wp-content\/uploads\/2024\/05\/Certificate-of-Registration-Eazybackup-Systems-Ltd.pdf\"><strong>Ver nuestro certificado<\/strong><\/a><\/p>\n\t\t\t\t<img loading=\"lazy\" decoding=\"async\" src=\"https:\/\/eazybackup.com\/wp-content\/uploads\/2022\/07\/eazyBackup-compliance.svg\" alt=\"eazyBackup-compliance\" itemprop=\"image\" height=\"476\" width=\"469\" title=\"eazyBackup-compliance\" onerror=\"this.style.display='none'\"  \/>\n\t<h3>Cumplimiento de eazyBackup<\/h3>\n\tAlmacenamiento en la nube canadiense impulsado por eazyBackup, desplegado en<br \/>\ncentros de datos de nivel III certificados para SOC 2.\n<p>&nbsp;<\/p>\n<ul>\n<li>Encriptaci\u00f3n completa de extremo a extremo, los archivos se encriptan siempre antes de enviarlos o almacenarlos utilizando una fuerte encriptaci\u00f3n AES-256bit.<\/li>\n<li>Las copias de seguridad inmutables con funciones de bloqueo de objetos y control de versiones proporcionan capas adicionales de defensa, garantizando que sus datos permanezcan seguros y recuperables incluso ante ciberataques.<\/li>\n<li>Autenticaci\u00f3n de dos factores disponible para proteger sus copias de seguridad de accesos no autorizados.<\/li>\n<li>Una clave de encriptaci\u00f3n controlada por el cliente significa que usted es el \u00fanico que tiene acceso a sus datos, lo que garantiza una total privacidad.<\/li>\n<\/ul>\n\t<h3>Protecci\u00f3n de datos conforme a la LPRPDE y la HIPAA<\/h3>\n\t<p>eazyBackup almacena y mantiene historiales m\u00e9dicos electr\u00f3nicos de acuerdo con la Ley de Protecci\u00f3n de Datos Personales y Documentos Electr\u00f3nicos (PIPEDA) y la Ley de Portabilidad y Responsabilidad de los Seguros M\u00e9dicos (HIPAA). eazyBackup se adhiere a las mejores pr\u00e1cticas y tecnolog\u00edas de seguridad para garantizar la seguridad f\u00edsica de sus instalaciones y mantener la privacidad e integridad de los datos electr\u00f3nicos y los historiales digitales. Al cumplir estos estrictos requisitos normativos, garantizamos la protecci\u00f3n de la informaci\u00f3n personal frente a accesos no autorizados, infracciones y otras amenazas a la seguridad.<\/p>\n\t\t\t\t<img loading=\"lazy\" decoding=\"async\" src=\"https:\/\/eazybackup.com\/wp-content\/uploads\/2022\/07\/personal-info.svg\" alt=\"informaci\u00f3n personal\" itemprop=\"image\" height=\"447\" width=\"447\" title=\"informaci\u00f3n personal\" onerror=\"this.style.display='none'\"  \/>\n<h2>\n\t\tVentajas de nuestra soluci\u00f3n de copia de seguridad en la nube\n\t<\/h2>\n\t\t\t\t<img loading=\"lazy\" decoding=\"async\" src=\"https:\/\/eazybackup.com\/wp-content\/uploads\/2024\/05\/tech_support_agent_icon.svg\" alt=\"icono_agente_servicio_tecnico\" itemprop=\"image\" height=\"220\" width=\"175\" title=\"icono_agente_servicio_tecnico\" onerror=\"this.style.display='none'\"  \/>\n<h6>Soporte t\u00e9cnico canadiense<\/h6>\t\t\n\t\t\t<p>Disfrute de la asistencia t\u00e9cnica de primer nivel de nuestro experimentado equipo canadiense. Con tiempos de respuesta r\u00e1pidos y asistencia experta, nuestro equipo garantiza que sus problemas se resuelvan de forma r\u00e1pida y eficaz.<\/p>\n\t\t\t\t<img loading=\"lazy\" decoding=\"async\" src=\"https:\/\/eazybackup.com\/wp-content\/uploads\/2024\/06\/tech_support2.svg\" alt=\"soporte_tecnico2\" itemprop=\"image\" height=\"46\" width=\"38\" title=\"soporte_tecnico2\" onerror=\"this.style.display='none'\"  \/>\n<h6>Atenci\u00f3n al cliente excepcional<\/h6>\t\t\n\t\t\t<p>Nuestros representantes de cuenta dedicados proporcionan un servicio de atenci\u00f3n al cliente personalizado y telef\u00f3nico para garantizar que se satisfacen todas sus necesidades. Disfrute de la asistencia directa y fiable de un equipo canadiense comprometido a ayudarle a sacar el m\u00e1ximo partido de eazyBackup.<\/p>\n\t\t\t\t<img loading=\"lazy\" decoding=\"async\" src=\"https:\/\/eazybackup.com\/wp-content\/uploads\/2024\/06\/ransomware_protection.svg\" alt=\"protecci\u00f3n_ransomware\" itemprop=\"image\" height=\"46\" width=\"49\" title=\"protecci\u00f3n_ransomware\" onerror=\"this.style.display='none'\"  \/>\n<h6>Protecci\u00f3n contra el ransomware<\/h6>\t\t\n\t\t\t<p>Ofrecemos s\u00f3lidas funciones de seguridad, como la autenticaci\u00f3n de dos factores (2FA) y el bloqueo autom\u00e1tico de aplicaciones para evitar manipulaciones. Adem\u00e1s, nuestras funciones avanzadas de bloqueo de objetos y control de versiones proporcionan capas adicionales de defensa, garantizando que sus datos permanezcan seguros y recuperables incluso ante ciberataques.<\/p>\n\t\t\t\t<img loading=\"lazy\" decoding=\"async\" src=\"https:\/\/eazybackup.com\/wp-content\/uploads\/2024\/06\/data_encryption.svg\" alt=\"cifrado_de_datos\" itemprop=\"image\" height=\"38\" width=\"37\" title=\"cifrado_de_datos\" onerror=\"this.style.display='none'\"  \/>\n<h6>Cifrado autom\u00e1tico potente<\/h6>\t\t\n\t\t\t<p>eazyBackup siempre encripta los datos del usuario antes de almacenarlos o transmitirlos, utilizando AES-256-CTR fuerte con Poly1305 en modo AEAD con claves aleatorias de alta entrop\u00eda. La encriptaci\u00f3n est\u00e1 activada por defecto y no puede desactivarse.<\/p>\n\t\t\t\t<img loading=\"lazy\" decoding=\"async\" src=\"https:\/\/eazybackup.com\/wp-content\/uploads\/2024\/06\/remote_dashboard.svg\" alt=\"tablero_remoto\" itemprop=\"image\" height=\"123\" width=\"128\" title=\"tablero_remoto\" onerror=\"this.style.display='none'\"  \/>\n<h6>Gesti\u00f3n de copias de seguridad remotas<\/h6>\t\t\n\t\t\t<p>Nuestro intuitivo panel de control ofrece completas funciones de gesti\u00f3n remota, lo que le permite tomar el control total de sus operaciones de copia de seguridad desde cualquier lugar.<\/p>\n\t\t\t\t<img loading=\"lazy\" decoding=\"async\" src=\"https:\/\/eazybackup.com\/wp-content\/uploads\/2024\/05\/backup_monitor_dashboard.svg\" alt=\"backup_monitor_dashboard\" itemprop=\"image\" height=\"112\" width=\"128\" title=\"backup_monitor_dashboard\" onerror=\"this.style.display='none'\"  \/>\n<h6>Control de estado en tiempo real<\/h6>\t\t\n\t\t\t<p>Trabaje desde un \u00fanico panel de cristal para supervisar el estado en tiempo real de todas sus copias de seguridad de un vistazo. Vea la actividad de copia de seguridad en tiempo real, acceda al historial de trabajos de copia de seguridad de los 24 meses anteriores y revise f\u00e1cilmente las estad\u00edsticas de uso.<\/p>\n<h3>\n\t\tCaracter\u00edsticas principales de nuestro servicio de copia de seguridad en la nube\n\t<\/h3>\n\t\t\t\t<img loading=\"lazy\" decoding=\"async\" src=\"https:\/\/eazybackup.com\/wp-content\/uploads\/2024\/06\/file_folder_cloud_backup.svg\" alt=\"archivo_carpeta_cloud_backup\" itemprop=\"image\" height=\"47\" width=\"44\" title=\"archivo_carpeta_cloud_backup\" onerror=\"this.style.display='none'\"  \/>\n\t\t<h3>Archivos y carpetas<\/h3>\t\t\n\t\t\t<p>Elija los archivos \/ carpetas que desea proteger sin limitaciones de tama\u00f1o o tipo de archivo. Cree programaciones personalizadas, gestione la retenci\u00f3n de datos y administre remotamente sus copias de seguridad y recuperaci\u00f3n desde nuestro panel de control.<\/p>\n\t\t\t\t<img loading=\"lazy\" decoding=\"async\" src=\"https:\/\/eazybackup.com\/wp-content\/uploads\/2024\/06\/disk_image_backup.svg\" alt=\"copia_imagen_disco\" itemprop=\"image\" height=\"27\" width=\"39\" title=\"copia_imagen_disco\" onerror=\"this.style.display='none'\"  \/>\n\t\t<h3>Copias de seguridad de im\u00e1genes de disco<\/h3>\t\t\n\t\t\t<p>Realice copias de seguridad completas de discos enteros o particiones individuales, permitiendo la recuperaci\u00f3n de sistemas bare-metal. M\u00faltiples opciones de restauraci\u00f3n, como imagen de disco virtual y USB de arranque, que garantizan una restauraci\u00f3n r\u00e1pida y eficaz. <a href=\"https:\/\/eazybackup.com\/es\/windows-disk-image-backup-software\/\">M\u00e1s informaci\u00f3n.<\/a><\/p>\n\t\t\t\t<img loading=\"lazy\" decoding=\"async\" src=\"https:\/\/eazybackup.com\/wp-content\/uploads\/2024\/06\/network_drive_backup.svg\" alt=\"copia_de_seguridad_de_la_unidad_de_red\" itemprop=\"image\" height=\"46\" width=\"46\" title=\"copia_de_seguridad_de_la_unidad_de_red\" onerror=\"this.style.display='none'\"  \/>\n\t\t<h3>M\u00e1quinas virtuales Hyper-V<\/h3>\t\t\n\t\t\t<p>Realice copias de seguridad de m\u00e1quinas virtuales invitadas Hyper-V sin tiempo de inactividad. Admite el seguimiento de bloques modificados (CBT) para realizar copias de seguridad eficientes leyendo \u00fanicamente los bloques de un disco virtual que han cambiado desde la \u00faltima tarea de copia de seguridad.<\/p>\n\t\t\t\t<img loading=\"lazy\" decoding=\"async\" src=\"https:\/\/eazybackup.com\/wp-content\/uploads\/2023\/11\/vmware.svg\" alt=\"Copia de seguridad de VMware\" itemprop=\"image\" height=\"24\" width=\"24\" title=\"Copia de seguridad de VMware\" onerror=\"this.style.display='none'\"  \/>\n\t\t<h3>M\u00e1quinas virtuales VMware<\/h3>\t\t\n\t\t\t<p>Proteja sus entornos VMware vSphere con copias de seguridad r\u00e1pidas, seguras y f\u00e1ciles de restaurar, compatibles con licencias ESXi gratuitas y de pago. Incorpora Changed Block Tracking (CBT) para mejorar significativamente el rendimiento y la eficiencia. Realice copias de seguridad directamente desde vCenter o ESXi, y disfrute de la compatibilidad con la inactividad en VM en los sistemas operativos invitados compatibles, lo que garantiza la coherencia de los datos.<\/p>\n\t\t\t\t<img loading=\"lazy\" decoding=\"async\" src=\"https:\/\/eazybackup.com\/wp-content\/uploads\/2024\/06\/Microsoft_365_2022.svg\" alt=\"Copia de seguridad de Microsoft 365\" itemprop=\"image\" height=\"44\" width=\"40\" title=\"Copia de seguridad de Microsoft 365\" onerror=\"this.style.display='none'\"  \/>\n\t\t<h3>Copia de seguridad de Microsoft 365<\/h3>\t\t\n\t\t\t<p>Proteja sus datos cr\u00edticos con un sistema automatizado de nube a nube de nivel empresarial <a href=\"https:\/\/eazybackup.com\/es\/microsoft-365-backup-service\/\">Copia de seguridad de Microsoft 365<\/a> para Correo, Calendario, Contactos, Tareas, Grupos, Equipos, OneDrive y SharePoint. Totalmente gestionado desde nuestro Panel de Control, sin necesidad de instalar software.<\/p>\n\t\t\t\t<img loading=\"lazy\" decoding=\"async\" src=\"https:\/\/eazybackup.com\/wp-content\/uploads\/2024\/06\/server-backup.svg\" alt=\"copia de seguridad del servidor\" itemprop=\"image\" height=\"35\" width=\"39\" title=\"copia de seguridad del servidor\" onerror=\"this.style.display='none'\"  \/>\n\t\t<h3>NAS y unidades de red<\/h3>\t\t\n\t\t\t<p>Realiza copias de seguridad de archivos y carpetas desde ubicaciones de red, incluidas rutas UNC y dispositivos NAS, sin limitaciones de tama\u00f1o o tipo de archivo.<\/p>\n\t\t\t\t<img decoding=\"async\" src=\"https:\/\/eazybackup.com\/wp-content\/uploads\/2023\/11\/sqlserver.svg\" alt=\"Copia de seguridad de SQL Server\" itemprop=\"image\" height=\"321.001\" width=\"292.96497\" title=\"Copia de seguridad de SQL Server\" onerror=\"this.style.display='none'\"  \/>\n\t\t<h3>Copia de seguridad de la base de datos<\/h3>\t\t\n\t\t\t<p>Cree copias de seguridad en tiempo real de Microsoft SQL Server, MySQL y MariaDB sin tiempo de inactividad.<\/p>\n\tPanel de control en tiempo real\n<h3>\n\t\tControl centralizado\n\t<\/h3>\n\t<p>Trabaje desde un \u00fanico panel de vidrio supervisando el estado en vivo de todas sus copias de seguridad de un vistazo.<\/p>\n<p>&nbsp;<\/p>\n<ul>\n<li>Ver la actividad de las copias de seguridad en tiempo real<\/li>\n<li>Todos los antecedentes laborales de los \u00faltimos 24 meses<\/li>\n<li>Controlar las estad\u00edsticas de uso<\/li>\n<\/ul>\n\t\t\t\t<img loading=\"lazy\" decoding=\"async\" src=\"https:\/\/eazybackup.com\/wp-content\/uploads\/2024\/05\/eazyBackup_Control_Panel_img.png\" alt=\"eazyBackup_Control_Panel_img\" itemprop=\"image\" height=\"876\" width=\"1565\" title=\"eazyBackup_Control_Panel_img\" onerror=\"this.style.display='none'\"  \/>\n\t\t\t\t<img loading=\"lazy\" decoding=\"async\" src=\"https:\/\/eazybackup.com\/wp-content\/uploads\/2024\/05\/eazyBackup_remote_backup_dashboard.png\" alt=\"eazyBackup_remote_backup_dashboard\" itemprop=\"image\" height=\"967\" width=\"1576\" title=\"eazyBackup_remote_backup_dashboard\" onerror=\"this.style.display='none'\"  \/>\n<h3>\n\t\tGesti\u00f3n de copias de seguridad remotas\n\t<\/h3>\n\tNuestro intuitivo panel de control ofrece completas funciones de gesti\u00f3n remota, lo que le permite tomar el control total de sus operaciones de copia de seguridad.<br \/>\n\u00a0\n<ul>\n<li>Crear y gestionar tareas de copia de seguridad<\/li>\n<li>Gestionar la programaci\u00f3n de las copias de seguridad<\/li>\n<li>Iniciar\/detener manualmente los trabajos de copia de seguridad<\/li>\n<li>Revisar el historial de actividades de copia de seguridad<\/li>\n<li>Restaurar copias de seguridad en dispositivos conectados<\/li>\n<li>Realizar restauraciones de prueba<\/li>\n<li>Supervisar la salud y el estado del dispositivo<\/li>\n<li>Configurar alertas y notificaciones<\/li>\n<\/ul>\n\t\t\t\t<img loading=\"lazy\" decoding=\"async\" src=\"https:\/\/eazybackup.com\/wp-content\/uploads\/2024\/06\/obc_white_label_backup_dashboard.png\" alt=\"obc_etiqueta_blanca_backup_dashboard\" itemprop=\"image\" height=\"690\" width=\"1405\" title=\"obc_etiqueta_blanca_backup_dashboard\" onerror=\"this.style.display='none'\"  \/>\n\t<h3>Servidor de copia de seguridad dedicado con marca blanca<\/h3>\n\t<p>Mejore sus servicios de copia de seguridad con nuestro potente y flexible servidor de copia de seguridad, dise\u00f1ado espec\u00edficamente para MSP. Benef\u00edciese de funciones avanzadas y de la posibilidad de personalizarlo con su propia marca, lo que garantiza una experiencia profesional y fluida para sus clientes.<\/p>\n<ul>\n<li><strong>Gesti\u00f3n centralizada de cuentas:<\/strong> Gestione f\u00e1cilmente todas las cuentas de sus clientes desde una interfaz \u00fanica e intuitiva.<\/li>\n<li><strong>Gesti\u00f3n remota de copias de seguridad:<\/strong> Tome el control de los trabajos de copia de seguridad de forma remota, proporcionando comodidad y flexibilidad.<\/li>\n<li><strong>Supervisi\u00f3n exhaustiva de las copias de seguridad:<\/strong> Revise el historial y el estado de los trabajos de copia de seguridad, garantizando la integridad y fiabilidad de los datos.<\/li>\n<li><strong>Marca blanca:<\/strong> Personalice el servidor de copia de seguridad y el software cliente con su propia marca, ofreciendo un aspecto coherente y profesional acorde con su empresa.<\/li>\n<li><strong>Panel de control del cliente:<\/strong> Proporcione a sus clientes su propio inicio de sesi\u00f3n, lo que les permitir\u00e1 gestionar sus copias de seguridad y dispositivos desde un panel de control espec\u00edfico.<\/li>\n<\/ul>\n<h3>\n\t\tAlmacenamiento en la nube compatible con S3 para MSP\n\t<\/h3>\n\t<ul>\n<li><strong>Acreditado por el Programa de Productos Controlados (CGP):<\/strong> Nuestro servicio de almacenamiento est\u00e1 certificado para manejar datos de mercanc\u00edas controladas, lo que lo convierte en la opci\u00f3n ideal para clientes con estrictos requisitos de seguridad.<\/li>\n<li><strong>Conformidad con HIPAA y PIPEDA:<\/strong> Damos prioridad a la protecci\u00f3n y privacidad de los datos, garantizando que nuestro servicio de almacenamiento cumpla las normativas HIPAA y PIPEDA. Adecuado para clientes de los sectores sanitario, jur\u00eddico y otros sectores sensibles.<\/li>\n<li><strong>Residencia de datos canadiense:<\/strong> Todos los datos se almacenan en Canad\u00e1, lo que proporciona tranquilidad a los clientes que deben cumplir la legislaci\u00f3n canadiense sobre soberan\u00eda de datos.<\/li>\n<\/ul>\n\t\t\t\t<img loading=\"lazy\" decoding=\"async\" src=\"https:\/\/eazybackup.com\/wp-content\/uploads\/2024\/05\/s3_compatible_storage_dashboard.png\" alt=\"s3_compatible_storage_dashboard\" itemprop=\"image\" height=\"756\" width=\"1570\" title=\"s3_compatible_storage_dashboard\" onerror=\"this.style.display='none'\"  \/>\n<h2>\n\t\tVeeam\u00ae Backup &amp; Replication\n\t<\/h2>\n\t<p>Nuestro servicio de almacenamiento en la nube compatible con S3 est\u00e1 dise\u00f1ado para integrarse a la perfecci\u00f3n con Veeam Backup &amp; Replication, proporcionando a los proveedores de servicios gestionados (MSP) una soluci\u00f3n de backup potente, eficiente y rentable. Al aprovechar nuestro servicio de almacenamiento, puede ofrecer a sus clientes copias de seguridad directas a la nube que garantizan la integridad y accesibilidad de los datos.<\/p>\n<ul>\n<li><strong>Copias de seguridad directas a la nube:<\/strong> Utilice nuestro almacenamiento de objetos compatible con S3 para realizar backups directos a la nube con Veeam, eliminando la necesidad de almacenamiento intermedio y agilizando sus procesos de backup.<\/li>\n<li><strong>Alto rendimiento:<\/strong> Experimente la transferencia y recuperaci\u00f3n de datos a alta velocidad, lo que garantiza que las copias de seguridad se realicen con rapidez y eficacia, minimizando el tiempo de inactividad y las interrupciones.<\/li>\n<li><strong>Rentabilidad:<\/strong> Benef\u00edciese de nuestro asequible modelo de precios, que facilita a los MSP la gesti\u00f3n de costes a la vez que proporcionan servicios de copia de seguridad de primer nivel a sus clientes.<\/li>\n<\/ul>\n<p>&nbsp;<\/p>\n\t\t\t\t<img loading=\"lazy\" decoding=\"async\" src=\"https:\/\/onlinebackupcanada.ca\/wp-content\/uploads\/veeam-backup-s3-compatible-cloud-storage.webp\" alt=\"veeam-backup-s3-compatible-cloud-storage\" itemprop=\"image\" height=\"1137\" width=\"1739\" title=\"veeam-backup-s3-compatible-cloud-storage\" onerror=\"this.style.display='none'\"  \/>\n\t<p>\u00bfEn qu\u00e9 podemos ayudarle?<\/p>\n\t<p>Contactar con eazyBackup<\/p>\n\t<p>P\u00f3ngase en contacto con nosotros para obtener asistencia comercial, ayuda con la implantaci\u00f3n, preguntas t\u00e9cnicas y solicitudes de demostraci\u00f3n.<\/p>\n\t<p>Al facilitarnos su direcci\u00f3n de correo electr\u00f3nico, acepta que <a href=\"https:\/\/eazybackup.com\/es\/privacy\/\">Pol\u00edtica de privacidad<\/a> y Pol\u00edtica de Cookies.<\/p>\n\t\t\t\t<img loading=\"lazy\" decoding=\"async\" src=\"https:\/\/eazybackup.com\/wp-content\/uploads\/2022\/07\/get-started-box-img.png\" alt=\"get-started-box-img\" itemprop=\"image\" height=\"407\" width=\"463\" title=\"get-started-box-img\" onerror=\"this.style.display='none'\"  \/>\n<h3>\n\t\tEmpezar en segundos\n\t<\/h3>\n\t<p>14 d\u00edas de prueba. No se requiere tarjeta de cr\u00e9dito.<\/p>\n\t\t\t<a href=\"https:\/\/accounts.eazybackup.ca\/index.php?m=eazybackup&#038;a=signup\" target=\"_self\" rel=\"noopener\">\n\t\t\t\t\t\t\tPrueba eazyBackup gratis\n\t\t\t\t\t<\/a>","protected":false},"excerpt":{"rendered":"<p>Cloud Backup Solution for MSPs and IT Providers eazyBackup provides a cloud backup solution tailored specifically for MSPs. &nbsp; We provide white label and private label versions of the software allowing you to brand our cloud backup solution as your own. Benefit from comprehensive remote management and monitoring capabilities, ensuring you can efficiently manage and [&hellip;]<\/p>","protected":false},"author":1,"featured_media":0,"parent":0,"menu_order":0,"comment_status":"closed","ping_status":"closed","template":"","meta":{"site-sidebar-layout":"no-sidebar","site-content-layout":"page-builder","ast-site-content-layout":"default","site-content-style":"default","site-sidebar-style":"default","ast-global-header-display":"","ast-banner-title-visibility":"","ast-main-header-display":"","ast-hfb-above-header-display":"","ast-hfb-below-header-display":"","ast-hfb-mobile-header-display":"","site-post-title":"disabled","ast-breadcrumbs-content":"disabled","ast-featured-img":"disabled","footer-sml-layout":"","theme-transparent-header-meta":"default","adv-header-id-meta":"","stick-header-meta":"","header-above-stick-meta":"","header-main-stick-meta":"","header-below-stick-meta":"","astra-migrate-meta-layouts":"default","ast-page-background-enabled":"default","ast-page-background-meta":{"desktop":{"background-color":"var(--ast-global-color-4)","background-image":"","background-repeat":"repeat","background-position":"center center","background-size":"auto","background-attachment":"scroll","background-type":"","background-media":"","overlay-type":"","overlay-color":"","overlay-opacity":"","overlay-gradient":""},"tablet":{"background-color":"","background-image":"","background-repeat":"repeat","background-position":"center center","background-size":"auto","background-attachment":"scroll","background-type":"","background-media":"","overlay-type":"","overlay-color":"","overlay-opacity":"","overlay-gradient":""},"mobile":{"background-color":"","background-image":"","background-repeat":"repeat","background-position":"center center","background-size":"auto","background-attachment":"scroll","background-type":"","background-media":"","overlay-type":"","overlay-color":"","overlay-opacity":"","overlay-gradient":""}},"ast-content-background-meta":{"desktop":{"background-color":"var(--ast-global-color-5)","background-image":"","background-repeat":"repeat","background-position":"center center","background-size":"auto","background-attachment":"scroll","background-type":"","background-media":"","overlay-type":"","overlay-color":"","overlay-opacity":"","overlay-gradient":""},"tablet":{"background-color":"var(--ast-global-color-5)","background-image":"","background-repeat":"repeat","background-position":"center center","background-size":"auto","background-attachment":"scroll","background-type":"","background-media":"","overlay-type":"","overlay-color":"","overlay-opacity":"","overlay-gradient":""},"mobile":{"background-color":"var(--ast-global-color-5)","background-image":"","background-repeat":"repeat","background-position":"center center","background-size":"auto","background-attachment":"scroll","background-type":"","background-media":"","overlay-type":"","overlay-color":"","overlay-opacity":"","overlay-gradient":""}},"footnotes":""},"class_list":["post-22","page","type-page","status-publish","hentry"],"_links":{"self":[{"href":"https:\/\/eazybackup.com\/es\/wp-json\/wp\/v2\/pages\/22","targetHints":{"allow":["GET"]}}],"collection":[{"href":"https:\/\/eazybackup.com\/es\/wp-json\/wp\/v2\/pages"}],"about":[{"href":"https:\/\/eazybackup.com\/es\/wp-json\/wp\/v2\/types\/page"}],"author":[{"embeddable":true,"href":"https:\/\/eazybackup.com\/es\/wp-json\/wp\/v2\/users\/1"}],"replies":[{"embeddable":true,"href":"https:\/\/eazybackup.com\/es\/wp-json\/wp\/v2\/comments?post=22"}],"version-history":[{"count":134,"href":"https:\/\/eazybackup.com\/es\/wp-json\/wp\/v2\/pages\/22\/revisions"}],"predecessor-version":[{"id":6893,"href":"https:\/\/eazybackup.com\/es\/wp-json\/wp\/v2\/pages\/22\/revisions\/6893"}],"wp:attachment":[{"href":"https:\/\/eazybackup.com\/es\/wp-json\/wp\/v2\/media?parent=22"}],"curies":[{"name":"wp","href":"https:\/\/api.w.org\/{rel}","templated":true}]}}