{"id":2176,"date":"2020-10-03T13:26:46","date_gmt":"2020-10-03T13:26:46","guid":{"rendered":"https:\/\/eazybackup.com\/?page_id=2176"},"modified":"2025-08-04T12:02:57","modified_gmt":"2025-08-04T16:02:57","slug":"windows-disk-image-backup-software","status":"publish","type":"page","link":"https:\/\/eazybackup.com\/es\/windows-disk-image-backup-software\/","title":{"rendered":"Software de copia de seguridad de im\u00e1genes de disco de Windows"},"content":{"rendered":"<h1>\n\t\tCopias de seguridad de im\u00e1genes de disco\n\t<\/h1>\n\t\t\t\t<img loading=\"lazy\" decoding=\"async\" src=\"https:\/\/eazybackup.com\/wp-content\/uploads\/2022\/07\/disk-img-cloning.svg\" alt=\"disco-img-clonaci\u00f3n\" itemprop=\"image\" height=\"50\" width=\"50\" title=\"disco-img-clonaci\u00f3n\" onerror=\"this.style.display='none'\"  \/>\n\t\t<h4>Imagen de disco y clonaci\u00f3n de discos<\/h4>\t\t\n\t\t\t<p>Crear im\u00e1genes de discos enteros o particiones individuales<\/p>\n\t\t\t\t<img loading=\"lazy\" decoding=\"async\" src=\"https:\/\/eazybackup.com\/wp-content\/uploads\/2022\/07\/bare-metal.svg\" alt=\"bare-metal\" itemprop=\"image\" height=\"50\" width=\"50\" title=\"bare-metal\" onerror=\"this.style.display='none'\"  \/>\n\t\t<h4>Recuperaci\u00f3n de sistemas bare-metal<\/h4>\t\t\n\t\t\t<p>Restaura directamente desde la nube a tu disco con nuestra utilidad USB de arranque<\/p>\n\t\t\t\t<img loading=\"lazy\" decoding=\"async\" src=\"https:\/\/eazybackup.com\/wp-content\/uploads\/2022\/07\/local-cloud-storage.svg\" alt=\"local-cloud-storage\" itemprop=\"image\" height=\"50\" width=\"50\" title=\"local-cloud-storage\" onerror=\"this.style.display='none'\"  \/>\n\t\t<h4>Copia de seguridad local, en la nube o en la nube h\u00edbrida<\/h4>\t\t\n\t\t\t<p>Haga una copia de seguridad en un disco local, env\u00ede sus datos a la nube, o ambos<\/p>\n\tCopia de seguridad de im\u00e1genes de disco\n<h2>\n\t\tCopia de seguridad in situ o directa en la nube\n\t<\/h2>\n\t<p>Proteja su copia de seguridad de im\u00e1genes de disco en varios destinos para obtener la m\u00e1xima redundancia. Programe copias de seguridad en un disco interno, discos duros USB y dispositivos NAS.<\/p>\n\t\t\t\t<img loading=\"lazy\" decoding=\"async\" src=\"https:\/\/eazybackup.com\/wp-content\/uploads\/2022\/07\/workshop-server-backup.png\" alt=\"taller-servidor-backup\" itemprop=\"image\" height=\"467\" width=\"645\" title=\"taller-servidor-backup\" onerror=\"this.style.display='none'\"  \/>\n\t\t\t\t<img decoding=\"async\" src=\"https:\/\/eazybackup.com\/wp-content\/uploads\/2022\/07\/backup-direct-cloud.svg\" alt=\"\" itemprop=\"image\" onerror=\"this.style.display='none'\"  \/>\n\tCopia de seguridad de im\u00e1genes de disco\n<h2>\n\t\tCopia de seguridad directa en la nube\n\t<\/h2>\n\t<p>Realiza una copia de seguridad directamente en tu cuenta de almacenamiento en la nube, sin necesidad de espacio en la cola de impresi\u00f3n local. Elija uno o varios destinos. Elija entre eazyBackup, Amazon S3, Azure, Google Cloud Storage, Wasabi y BackBlaze B2...<\/p>\n<h2>\n\t\tM\u00faltiples opciones de restauraci\u00f3n\n\t<\/h2>\n\tProteja sus archivos contra la p\u00e9rdida de datos y el ransomware con una copia de seguridad automatizada y cifrada para<br \/>\nla fuerza de trabajo remota e h\u00edbrida.\n\t\t\t\t<img loading=\"lazy\" decoding=\"async\" src=\"https:\/\/eazybackup.com\/wp-content\/uploads\/2022\/07\/bootable-usb.svg\" alt=\"bootable-usb\" itemprop=\"image\" height=\"59\" width=\"29\" title=\"bootable-usb\" onerror=\"this.style.display='none'\"  \/>\n<h4>\n\t\tRecuperaci\u00f3n de USB de arranque\n\t<\/h4>\n\t<p>La aplicaci\u00f3n eazyBackup le permite crear medios de recuperaci\u00f3n USB basados en el entorno de recuperaci\u00f3n de Windows.<\/p>\n\t\t\t\t<img loading=\"lazy\" decoding=\"async\" src=\"https:\/\/eazybackup.com\/wp-content\/uploads\/2022\/07\/baremetal-recovery.svg\" alt=\"baremaci\u00f3n-recuperaci\u00f3n\" itemprop=\"image\" height=\"56\" width=\"53\" title=\"baremaci\u00f3n-recuperaci\u00f3n\" onerror=\"this.style.display='none'\"  \/>\n<h4>\n\t\tRecuperaci\u00f3n Bare-Metal\n\t<\/h4>\n\t<p>Arranca con nuestra herramienta de recuperaci\u00f3n USB y restaura directamente desde el almacenamiento en la nube a un dispositivo f\u00edsico.<\/p>\n\t\t\t\t<img loading=\"lazy\" decoding=\"async\" src=\"https:\/\/eazybackup.com\/wp-content\/uploads\/2022\/07\/virtualbox.svg\" alt=\"virtualbox\" itemprop=\"image\" height=\"61\" width=\"60\" title=\"virtualbox\" onerror=\"this.style.display='none'\"  \/>\n<h4>\n\t\tRestaurar en disco virtual\n\t<\/h4>\n\t<p>Restaura tu imagen de disco en archivos de imagen de disco virtual (.vmdk) y arranca en VirtualBox o Hyper-V.<\/p>\n<h2>\n\t\tDeduplicado, comprimido y encriptado\n\t<\/h2>\n\t<p>Tanto si est\u00e1 empezando como si tiene una agencia establecida, nuestros precios se adaptan a su crecimiento<\/p>\n\t\t\t\t<img loading=\"lazy\" decoding=\"async\" src=\"https:\/\/eazybackup.com\/wp-content\/uploads\/2022\/07\/deduplication.svg\" alt=\"deduplicaci\u00f3n\" itemprop=\"image\" height=\"43\" width=\"42\" title=\"deduplicaci\u00f3n\" onerror=\"this.style.display='none'\"  \/>\n<h6>\n\t\tDeduplicaci\u00f3n\n\t<\/h6>\n\t<p>La deduplicaci\u00f3n en el lado del cliente garantiza la realizaci\u00f3n de copias de seguridad r\u00e1pidas, que ahorran espacio y utilizan el ancho de banda.<\/p>\n\t\t\t\t<img loading=\"lazy\" decoding=\"async\" src=\"https:\/\/eazybackup.com\/wp-content\/uploads\/2022\/07\/retention.svg\" alt=\"retenci\u00f3n\" itemprop=\"image\" height=\"35\" width=\"34\" title=\"retenci\u00f3n\" onerror=\"this.style.display='none'\"  \/>\n<h6>\n\t\tRetenci\u00f3n ilimitada\n\t<\/h6>\n\t<p>Conserva todos tus datos para siempre y restaura tu instant\u00e1nea m\u00e1s antigua tan r\u00e1pido como la m\u00e1s reciente.<\/p>\n\t\t\t\t<img loading=\"lazy\" decoding=\"async\" src=\"https:\/\/eazybackup.com\/wp-content\/uploads\/2022\/07\/re-uploads.svg\" alt=\"vuelve a cargar\" itemprop=\"image\" height=\"33\" width=\"26\" title=\"vuelve a cargar\" onerror=\"this.style.display='none'\"  \/>\n<h6>\n\t\tNo hay recargas de im\u00e1genes completas\n\t<\/h6>\n\t<p>Ejecute su copia de seguridad una vez y no tendr\u00e1 que volver a cargar el archivo completo.<\/p>\n\t\t\t\t<img loading=\"lazy\" decoding=\"async\" src=\"https:\/\/eazybackup.com\/wp-content\/uploads\/2022\/07\/data-encryption.svg\" alt=\"cifrado de datos\" itemprop=\"image\" height=\"38\" width=\"37\" title=\"cifrado de datos\" onerror=\"this.style.display='none'\"  \/>\n<h6>\n\t\tComprimido y encriptado\n\t<\/h6>\n\t<p>Encriptaci\u00f3n fuerte de extremo a extremo. Los archivos siempre se comprimen y encriptan antes de enviarlos o almacenarlos usando un fuerte AES-256.<\/p>\n\t\t\t\t<img loading=\"lazy\" decoding=\"async\" src=\"https:\/\/eazybackup.com\/wp-content\/uploads\/2022\/07\/phone.png\" alt=\"tel\u00e9fono\" itemprop=\"image\" height=\"77\" width=\"76\" title=\"tel\u00e9fono\" onerror=\"this.style.display='none'\"  \/>\n\t<h3><strong>Contacto<\/strong> para la asistencia<\/h3>\n\t<p>\u00bfNecesita un presupuesto? H\u00e1blenos de sus ordenadores y necesidades de almacenamiento.<\/p>\n\t\t\t<a href=\"tel:(888) 969-2016\" target=\"_self\" rel=\"noopener\">\n\t\t\t\t\t\t(888) 969-2016\n\t\t\t\t\t<\/a>\n\t[fc id=&#8217;9&#8242;][\/fc]","protected":false},"excerpt":{"rendered":"<p>Disk Image Backups Disk Image and Disk Cloning Create images of entire disks or individual partitions Bare-metal System Recovery Restore direct from cloud to your disk with our bootable USB utility Local, Cloud, or Hybrid Cloud Backup Back up to a local disk, send your data to the cloud, or both Disk ImageBackup Backup On-site [&hellip;]<\/p>","protected":false},"author":1,"featured_media":0,"parent":0,"menu_order":0,"comment_status":"closed","ping_status":"closed","template":"","meta":{"site-sidebar-layout":"no-sidebar","site-content-layout":"page-builder","ast-site-content-layout":"default","site-content-style":"default","site-sidebar-style":"default","ast-global-header-display":"","ast-banner-title-visibility":"","ast-main-header-display":"disabled","ast-hfb-above-header-display":"","ast-hfb-below-header-display":"","ast-hfb-mobile-header-display":"","site-post-title":"disabled","ast-breadcrumbs-content":"disabled","ast-featured-img":"","footer-sml-layout":"","theme-transparent-header-meta":"default","adv-header-id-meta":"","stick-header-meta":"","header-above-stick-meta":"","header-main-stick-meta":"","header-below-stick-meta":"","astra-migrate-meta-layouts":"default","ast-page-background-enabled":"default","ast-page-background-meta":{"desktop":{"background-color":"var(--ast-global-color-4)","background-image":"","background-repeat":"repeat","background-position":"center center","background-size":"auto","background-attachment":"scroll","background-type":"","background-media":"","overlay-type":"","overlay-color":"","overlay-opacity":"","overlay-gradient":""},"tablet":{"background-color":"","background-image":"","background-repeat":"repeat","background-position":"center center","background-size":"auto","background-attachment":"scroll","background-type":"","background-media":"","overlay-type":"","overlay-color":"","overlay-opacity":"","overlay-gradient":""},"mobile":{"background-color":"","background-image":"","background-repeat":"repeat","background-position":"center center","background-size":"auto","background-attachment":"scroll","background-type":"","background-media":"","overlay-type":"","overlay-color":"","overlay-opacity":"","overlay-gradient":""}},"ast-content-background-meta":{"desktop":{"background-color":"var(--ast-global-color-5)","background-image":"","background-repeat":"repeat","background-position":"center center","background-size":"auto","background-attachment":"scroll","background-type":"","background-media":"","overlay-type":"","overlay-color":"","overlay-opacity":"","overlay-gradient":""},"tablet":{"background-color":"var(--ast-global-color-5)","background-image":"","background-repeat":"repeat","background-position":"center center","background-size":"auto","background-attachment":"scroll","background-type":"","background-media":"","overlay-type":"","overlay-color":"","overlay-opacity":"","overlay-gradient":""},"mobile":{"background-color":"var(--ast-global-color-5)","background-image":"","background-repeat":"repeat","background-position":"center center","background-size":"auto","background-attachment":"scroll","background-type":"","background-media":"","overlay-type":"","overlay-color":"","overlay-opacity":"","overlay-gradient":""}},"footnotes":""},"class_list":["post-2176","page","type-page","status-publish","hentry"],"_links":{"self":[{"href":"https:\/\/eazybackup.com\/es\/wp-json\/wp\/v2\/pages\/2176","targetHints":{"allow":["GET"]}}],"collection":[{"href":"https:\/\/eazybackup.com\/es\/wp-json\/wp\/v2\/pages"}],"about":[{"href":"https:\/\/eazybackup.com\/es\/wp-json\/wp\/v2\/types\/page"}],"author":[{"embeddable":true,"href":"https:\/\/eazybackup.com\/es\/wp-json\/wp\/v2\/users\/1"}],"replies":[{"embeddable":true,"href":"https:\/\/eazybackup.com\/es\/wp-json\/wp\/v2\/comments?post=2176"}],"version-history":[{"count":42,"href":"https:\/\/eazybackup.com\/es\/wp-json\/wp\/v2\/pages\/2176\/revisions"}],"predecessor-version":[{"id":6934,"href":"https:\/\/eazybackup.com\/es\/wp-json\/wp\/v2\/pages\/2176\/revisions\/6934"}],"wp:attachment":[{"href":"https:\/\/eazybackup.com\/es\/wp-json\/wp\/v2\/media?parent=2176"}],"curies":[{"name":"wp","href":"https:\/\/api.w.org\/{rel}","templated":true}]}}