{"id":20,"date":"2020-07-03T11:25:41","date_gmt":"2020-07-03T11:25:41","guid":{"rendered":"https:\/\/eazybackup.com\/?page_id=20"},"modified":"2025-05-26T15:26:17","modified_gmt":"2025-05-26T19:26:17","slug":"features","status":"publish","type":"page","link":"https:\/\/eazybackup.com\/es\/features\/","title":{"rendered":"Caracter\u00edsticas"},"content":{"rendered":"<h1>\n\t\tCopia de seguridad y recuperaci\u00f3n de todo en Windows y macOS\n\t<\/h1>\n\t<p>Experimente un servicio de copia de seguridad en l\u00ednea que ofrece un rendimiento puro con una seguridad sin compromisos y un software l\u00edder en el sector<\/p>\n\t\t\t<a href=\"https:\/\/eazybackup.com\/es\/pricing\/\" target=\"_self\" rel=\"noopener\">\n\t\t\t\t\t\t\tVer Planes\n\t\t\t\t\t<\/a>\n\t\t\t\t<img loading=\"lazy\" decoding=\"async\" src=\"https:\/\/eazybackup.com\/wp-content\/uploads\/2022\/07\/features-banner.svg\" alt=\"caracter\u00edsticas-banner\" itemprop=\"image\" height=\"455\" width=\"444\" title=\"caracter\u00edsticas-banner\" onerror=\"this.style.display='none'\"  \/>\n\t\t\t\t<img loading=\"lazy\" decoding=\"async\" src=\"https:\/\/eazybackup.com\/wp-content\/uploads\/2022\/07\/Frame.png\" alt=\"Marco\" itemprop=\"image\" height=\"70\" width=\"70\" title=\"Marco\" onerror=\"this.style.display='none'\"  \/>\n<h2>\n\t\tAutom\u00e1tico\n\t<\/h2>\n\t<p>Programe copias de seguridad autom\u00e1ticas para su PC, servidores y dispositivos de red<\/p>\n\t\t\t\t<img loading=\"lazy\" decoding=\"async\" src=\"https:\/\/eazybackup.com\/wp-content\/uploads\/2022\/07\/Group-37187.png\" alt=\"Grupo 37187\" itemprop=\"image\" height=\"70\" width=\"70\" title=\"Grupo 37187\" onerror=\"this.style.display='none'\"  \/>\n<h2>\n\t\tAsequible\n\t<\/h2>\n\t<p>Almacenamiento en la nube canadiense impulsado por eazyBackup<\/p>\n\t\t\t\t<img loading=\"lazy\" decoding=\"async\" src=\"https:\/\/eazybackup.com\/wp-content\/uploads\/2022\/07\/Frame1.png\" alt=\"Marco(1)\" itemprop=\"image\" height=\"70\" width=\"70\" title=\"Marco(1)\" onerror=\"this.style.display='none'\"  \/>\n<h2>\n\t\tProtecci\u00f3n\n\t<\/h2>\n\t<p>Proteja sus datos en Canad\u00e1 con la encriptaci\u00f3n AES-256bit y 2FA<\/p>\n\tSus datos m\u00e1s sensibles\n<h2>\n\t\tCopia de seguridad r\u00e1pida, segura y encriptada para\n\t<\/h2>\n\t\t\t\t<img loading=\"lazy\" decoding=\"async\" src=\"https:\/\/eazybackup.com\/wp-content\/uploads\/2022\/07\/documents.svg\" alt=\"documentos\" itemprop=\"image\" height=\"47\" width=\"44\" title=\"documentos\" onerror=\"this.style.display='none'\"  \/>\n\t\t<h3>Documentos<\/h3>\t\t\n\t<p>Elija los archivos\/carpetas que desea proteger sin limitaciones de tama\u00f1o o tipo de archivo.<\/p>\n<ul>\n<li>Crear horarios personalizados<\/li>\n<li>Configurar exclusiones personalizadas<\/li>\n<li>Gestionar la retenci\u00f3n de datos (retenci\u00f3n ilimitada en el Plan Servidor)<\/li>\n<li>Configurar remotamente las copias de seguridad desde nuestro panel de control<\/li>\n<\/ul>\n\t\t\t\t<img loading=\"lazy\" decoding=\"async\" src=\"https:\/\/eazybackup.com\/wp-content\/uploads\/2022\/07\/documents.svg\" alt=\"documentos\" itemprop=\"image\" height=\"47\" width=\"44\" title=\"documentos\" onerror=\"this.style.display='none'\"  \/>\n\t\t<h3>NAS y red<\/h3>\t\t\n\t<p>Realiza copias de seguridad de archivos y carpetas desde ubicaciones de red como rutas UNC y dispositivos NAS.Realiza copias de seguridad de archivos y carpetas sin limitaciones de tama\u00f1o o tipo de archivo.<\/p>\n\t\t\t\t<img loading=\"lazy\" decoding=\"async\" src=\"https:\/\/eazybackup.com\/wp-content\/uploads\/2022\/07\/documents.svg\" alt=\"documentos\" itemprop=\"image\" height=\"47\" width=\"44\" title=\"documentos\" onerror=\"this.style.display='none'\"  \/>\n\t\t<h3>Servidores virtuales Hyper-V<\/h3>\t\t\n\t<p>Realice una copia de seguridad de un n\u00famero ilimitado de m\u00e1quinas virtuales invitadas de Hyper-V sin tiempo de inactividad. Incluyendo, pero sin limitarse a ello:<\/p>\n<ul>\n<li>El archivo de configuraci\u00f3n<\/li>\n<li>Todas las unidades virtuales conectadas<\/li>\n<li>El contenido de la memoria (si la m\u00e1quina estaba funcionando)<\/li>\n<li>El \u00e1rbol completo de puntos de control guardados<\/li>\n<\/ul>\n\t\t\t\t<img loading=\"lazy\" decoding=\"async\" src=\"https:\/\/eazybackup.com\/wp-content\/uploads\/2022\/07\/documents.svg\" alt=\"documentos\" itemprop=\"image\" height=\"47\" width=\"44\" title=\"documentos\" onerror=\"this.style.display='none'\"  \/>\n\t\t<h3>Bases de datos<\/h3>\t\t\n\t<p>Utilizando nuestro plan Server, cree copias de seguridad en vivo de Microsoft SQL Server, MySQL y MariaDB con cero tiempo de inactividad.<\/p>\n<ul>\n<li>Protege SQL Server 2005 y superiores, incluido SQL Server 2019<\/li>\n<li>Compatible con Oracle MySQL, MariaDB y Percona Server<\/li>\n<\/ul>\n\t\t\t\t<img loading=\"lazy\" decoding=\"async\" src=\"https:\/\/eazybackup.com\/wp-content\/uploads\/2022\/07\/documents.svg\" alt=\"documentos\" itemprop=\"image\" height=\"47\" width=\"44\" title=\"documentos\" onerror=\"this.style.display='none'\"  \/>\n\t\t<h3>Copias de seguridad de im\u00e1genes de disco<\/h3>\t\t\n\t<p>Realice copias de seguridad de discos enteros o particiones individuales para la recuperaci\u00f3n de sistemas bare-metal. Copia de seguridad de im\u00e1genes de disco.<\/p>\n\t\t\t\t<img loading=\"lazy\" decoding=\"async\" src=\"https:\/\/eazybackup.com\/wp-content\/uploads\/2022\/07\/documents.svg\" alt=\"documentos\" itemprop=\"image\" height=\"47\" width=\"44\" title=\"documentos\" onerror=\"this.style.display='none'\"  \/>\n\t\t<h3>Copia de seguridad de Office 365<\/h3>\t\t\n\t<p>Protege los datos de Microsoft 365 almacenados en OneDrive for Business, SharePoint Online, Exchange Online y Teams. Copia de seguridad de Office 365.<\/p>\n<h2>\n\t\tVentajas de nuestra soluci\u00f3n de copia de seguridad en la nube\n\t<\/h2>\n\t\t\t\t<img loading=\"lazy\" decoding=\"async\" src=\"https:\/\/eazybackup.com\/wp-content\/uploads\/2022\/07\/tech-support.svg\" alt=\"soporte t\u00e9cnico\" itemprop=\"image\" height=\"46\" width=\"38\" title=\"soporte t\u00e9cnico\" onerror=\"this.style.display='none'\"  \/>\n<h6>Soporte t\u00e9cnico canadiense<\/h6>\t\t\n\t\t\t<p>Disfrute de una asistencia t\u00e9cnica de primer nivel por parte de nuestro experto equipo canadiense, incluida en el precio de su suscripci\u00f3n.<\/p>\n\t\t\t\t<img loading=\"lazy\" decoding=\"async\" src=\"https:\/\/eazybackup.com\/wp-content\/uploads\/2022\/07\/protect.svg\" alt=\"proteger\" itemprop=\"image\" height=\"46\" width=\"49\" title=\"proteger\" onerror=\"this.style.display='none'\"  \/>\n<h6>Protecci\u00f3n contra el ransomware<\/h6>\t\t\n\t\t\t<p>La protecci\u00f3n definitiva contra el ransomware para sus copias de seguridad con 2FA y un bloqueo autom\u00e1tico de la aplicaci\u00f3n para evitar su manipulaci\u00f3n.<\/p>\n\t\t\t\t<img loading=\"lazy\" decoding=\"async\" src=\"https:\/\/eazybackup.com\/wp-content\/uploads\/2022\/07\/ultra-fast.svg\" alt=\"ultrarr\u00e1pido\" itemprop=\"image\" height=\"31\" width=\"58\" title=\"ultrarr\u00e1pido\" onerror=\"this.style.display='none'\"  \/>\n<h6>Restauraciones ultrarr\u00e1pidas<\/h6>\t\t\n\t\t\t<p>Las restauraciones son r\u00e1pidas (s\u00f3lo limitadas por su conexi\u00f3n y la velocidad del disco). Nuestra tecnolog\u00eda de fragmentaci\u00f3n garantiza que las transferencias de restauraci\u00f3n comiencen inmediatamente.<\/p>\n\t\t\t\t<img loading=\"lazy\" decoding=\"async\" src=\"https:\/\/eazybackup.com\/wp-content\/uploads\/2022\/07\/deduplication.svg\" alt=\"deduplicaci\u00f3n\" itemprop=\"image\" height=\"43\" width=\"42\" title=\"deduplicaci\u00f3n\" onerror=\"this.style.display='none'\"  \/>\n<h6>Deduplicaci\u00f3n<\/h6>\t\t\n\t\t\t<p>La deduplicaci\u00f3n en el lado del cliente garantiza la realizaci\u00f3n de copias de seguridad r\u00e1pidas, que ahorran espacio y utilizan el ancho de banda.<\/p>\n\t\t\t\t<img loading=\"lazy\" decoding=\"async\" src=\"https:\/\/eazybackup.com\/wp-content\/uploads\/2022\/07\/retention.svg\" alt=\"retenci\u00f3n\" itemprop=\"image\" height=\"35\" width=\"34\" title=\"retenci\u00f3n\" onerror=\"this.style.display='none'\"  \/>\n<h6>Retenci\u00f3n ilimitada<\/h6>\t\t\n\t\t\t<p>Inicie un trabajo de copia de seguridad bajo demanda en cualquier momento que necesite o configure copias de seguridad autom\u00e1ticas utilizando el programador incorporado.<\/p>\n\t\t\t\t<img loading=\"lazy\" decoding=\"async\" src=\"https:\/\/eazybackup.com\/wp-content\/uploads\/2022\/07\/data-encryption.svg\" alt=\"cifrado de datos\" itemprop=\"image\" height=\"38\" width=\"37\" title=\"cifrado de datos\" onerror=\"this.style.display='none'\"  \/>\n<h6>Siempre encriptado<\/h6>\t\t\n\t\t\t<p>Conserva todos tus 365 datos para siempre y restaura tu instant\u00e1nea m\u00e1s antigua tan r\u00e1pido como la m\u00e1s reciente.<\/p>\n\t\t\t\t<img loading=\"lazy\" decoding=\"async\" src=\"https:\/\/eazybackup.com\/wp-content\/uploads\/2022\/07\/eazyBackup-compliance.svg\" alt=\"eazyBackup-compliance\" itemprop=\"image\" height=\"476\" width=\"469\" title=\"eazyBackup-compliance\" onerror=\"this.style.display='none'\"  \/>\n\t<h3>Cumplimiento de eazyBackup<\/h3>\n\t<p>Almacenamiento en la nube canadiense impulsado por eazyBackup.<\/p>\n<p>&nbsp;<\/p>\n<ul>\n<li>Encriptaci\u00f3n completa de extremo a extremo, los archivos se encriptan siempre antes de enviarlos o almacenarlos utilizando una fuerte encriptaci\u00f3n AES-256bit.<\/li>\n<li>Las copias de seguridad inmutables con funciones de bloqueo de objetos y control de versiones proporcionan capas adicionales de defensa, garantizando que sus datos permanezcan seguros y recuperables incluso ante ciberataques.<\/li>\n<li>Autenticaci\u00f3n de dos factores para proteger tus copias de seguridad de accesos no autorizados.<\/li>\n<li>Una clave de encriptaci\u00f3n controlada por el cliente significa que usted es el \u00fanico que tiene acceso a sus datos, lo que garantiza una total privacidad.<\/li>\n<\/ul>\n\tCumplimiento de la PHI\n<h3>\n\t\tLey de Protecci\u00f3n de Datos Personales y Documentos Electr\u00f3nicos\n\t<\/h3>\n\teazyBackup almacena y mantiene los registros sanitarios electr\u00f3nicos de acuerdo con la PIPEDA (Ley de Protecci\u00f3n de la Informaci\u00f3n Personal y los Documentos Electr\u00f3nicos). eazyBackup utiliza las mejores pr\u00e1cticas y tecnolog\u00edas de seguridad para garantizar la seguridad f\u00edsica de<br \/>\nsus instalaciones y para mantener la privacidad e integridad de<br \/>\ndatos electr\u00f3nicos y registros digitales.\n\t\t\t\t<img loading=\"lazy\" decoding=\"async\" src=\"https:\/\/eazybackup.com\/wp-content\/uploads\/2022\/07\/personal-info.svg\" alt=\"informaci\u00f3n personal\" itemprop=\"image\" height=\"447\" width=\"447\" title=\"informaci\u00f3n personal\" onerror=\"this.style.display='none'\"  \/>\n\t\t\t\t<img loading=\"lazy\" decoding=\"async\" src=\"https:\/\/eazybackup.com\/wp-content\/uploads\/2022\/07\/workshop-server-backup.png\" alt=\"taller-servidor-backup\" itemprop=\"image\" height=\"467\" width=\"645\" title=\"taller-servidor-backup\" onerror=\"this.style.display='none'\"  \/>\n\tMando a distancia\n<h3>\n\t\tGesti\u00f3n de copias de seguridad remotas\n\t<\/h3>\n\tObtenga una completa capacidad de gesti\u00f3n remota para todos sus dispositivos conectados.<br \/>\nCrear y gestionar trabajos de copia de seguridad\n<ul>\n<li>Modificar las selecciones de archivos de copia de seguridad con la exploraci\u00f3n del sistema de archivos remoto<br \/>\ncapacidad<\/li>\n<li>Gestionar los horarios<\/li>\n<li>Iniciar \/ detener manualmente los trabajos de copia de seguridad<\/li>\n<li>Gestionar las ubicaciones de almacenamiento, incluyendo la nube (eazyBackup AWS,<br \/>\nWasabi, B2) y los impulsos locales<\/li>\n<li>Realiza restauraciones en dispositivos conectados<\/li>\n<li>Ejecutar restauraciones de prueba (los datos se descargan pero no se almacenan en el<br \/>\ndispositivo conectado<\/li>\n<\/ul>\n\tPanel de control en tiempo real\n<h3>\n\t\tControl centralizado\n\t<\/h3>\n\t<p>Trabaje desde un \u00fanico panel de vidrio supervisando el estado en vivo de todas sus copias de seguridad de un vistazo.<\/p>\n<ul>\n<li>Ver la actividad de las copias de seguridad en tiempo real<\/li>\n<li>Todos los registros de copias de seguridad de los dos a\u00f1os anteriores<\/li>\n<li>Controlar las estad\u00edsticas de uso<\/li>\n<\/ul>\n\t\t\t\t<img loading=\"lazy\" decoding=\"async\" src=\"https:\/\/eazybackup.com\/wp-content\/uploads\/2022\/07\/central-monitoring-1.png\" alt=\"central de control\" itemprop=\"image\" height=\"363\" width=\"533\" title=\"central de control\" onerror=\"this.style.display='none'\"  \/>\n\t\t\t\t<img loading=\"lazy\" decoding=\"async\" src=\"https:\/\/eazybackup.com\/wp-content\/uploads\/2022\/07\/get-started-box-img.png\" alt=\"get-started-box-img\" itemprop=\"image\" height=\"407\" width=\"463\" title=\"get-started-box-img\" onerror=\"this.style.display='none'\"  \/>\n<h3>\n\t\tEmpezar en segundos\n\t<\/h3>\n\t<p>14 d\u00edas de prueba. No se requiere tarjeta de cr\u00e9dito.<\/p>\n\t\t\t<a href=\"https:\/\/eazybackup.com\/es\/signup\/\" target=\"_self\" rel=\"noopener\">\n\t\t\t\t\t\t\tPruebe eazyBackup gratis durante 14 d\u00edas\n\t\t\t\t\t<\/a>","protected":false},"excerpt":{"rendered":"<p>Backup and Recover Everything on Windows and macOS Experience an online backup service that delivers pure performance with zero-compromise security and industry-leading software View Plans Automatic Schedule automated backups for your PC, Servers, and Network Devices Affordable Canadian cloud storage powered by eazyBackup Protection Secure your data in Canada with AES-256bit encryption and 2FA Your [&hellip;]<\/p>","protected":false},"author":1,"featured_media":0,"parent":0,"menu_order":0,"comment_status":"closed","ping_status":"closed","template":"","meta":{"site-sidebar-layout":"no-sidebar","site-content-layout":"page-builder","ast-site-content-layout":"default","site-content-style":"default","site-sidebar-style":"default","ast-global-header-display":"","ast-banner-title-visibility":"","ast-main-header-display":"","ast-hfb-above-header-display":"","ast-hfb-below-header-display":"","ast-hfb-mobile-header-display":"","site-post-title":"disabled","ast-breadcrumbs-content":"disabled","ast-featured-img":"disabled","footer-sml-layout":"","theme-transparent-header-meta":"default","adv-header-id-meta":"","stick-header-meta":"","header-above-stick-meta":"","header-main-stick-meta":"","header-below-stick-meta":"","astra-migrate-meta-layouts":"default","ast-page-background-enabled":"default","ast-page-background-meta":{"desktop":{"background-color":"var(--ast-global-color-4)","background-image":"","background-repeat":"repeat","background-position":"center center","background-size":"auto","background-attachment":"scroll","background-type":"","background-media":"","overlay-type":"","overlay-color":"","overlay-opacity":"","overlay-gradient":""},"tablet":{"background-color":"","background-image":"","background-repeat":"repeat","background-position":"center center","background-size":"auto","background-attachment":"scroll","background-type":"","background-media":"","overlay-type":"","overlay-color":"","overlay-opacity":"","overlay-gradient":""},"mobile":{"background-color":"","background-image":"","background-repeat":"repeat","background-position":"center center","background-size":"auto","background-attachment":"scroll","background-type":"","background-media":"","overlay-type":"","overlay-color":"","overlay-opacity":"","overlay-gradient":""}},"ast-content-background-meta":{"desktop":{"background-color":"var(--ast-global-color-5)","background-image":"","background-repeat":"repeat","background-position":"center center","background-size":"auto","background-attachment":"scroll","background-type":"","background-media":"","overlay-type":"","overlay-color":"","overlay-opacity":"","overlay-gradient":""},"tablet":{"background-color":"var(--ast-global-color-5)","background-image":"","background-repeat":"repeat","background-position":"center center","background-size":"auto","background-attachment":"scroll","background-type":"","background-media":"","overlay-type":"","overlay-color":"","overlay-opacity":"","overlay-gradient":""},"mobile":{"background-color":"var(--ast-global-color-5)","background-image":"","background-repeat":"repeat","background-position":"center center","background-size":"auto","background-attachment":"scroll","background-type":"","background-media":"","overlay-type":"","overlay-color":"","overlay-opacity":"","overlay-gradient":""}},"footnotes":""},"class_list":["post-20","page","type-page","status-publish","hentry"],"_links":{"self":[{"href":"https:\/\/eazybackup.com\/es\/wp-json\/wp\/v2\/pages\/20","targetHints":{"allow":["GET"]}}],"collection":[{"href":"https:\/\/eazybackup.com\/es\/wp-json\/wp\/v2\/pages"}],"about":[{"href":"https:\/\/eazybackup.com\/es\/wp-json\/wp\/v2\/types\/page"}],"author":[{"embeddable":true,"href":"https:\/\/eazybackup.com\/es\/wp-json\/wp\/v2\/users\/1"}],"replies":[{"embeddable":true,"href":"https:\/\/eazybackup.com\/es\/wp-json\/wp\/v2\/comments?post=20"}],"version-history":[{"count":78,"href":"https:\/\/eazybackup.com\/es\/wp-json\/wp\/v2\/pages\/20\/revisions"}],"predecessor-version":[{"id":6931,"href":"https:\/\/eazybackup.com\/es\/wp-json\/wp\/v2\/pages\/20\/revisions\/6931"}],"wp:attachment":[{"href":"https:\/\/eazybackup.com\/es\/wp-json\/wp\/v2\/media?parent=20"}],"curies":[{"name":"wp","href":"https:\/\/api.w.org\/{rel}","templated":true}]}}