{"id":18,"date":"2020-07-03T11:25:18","date_gmt":"2020-07-03T11:25:18","guid":{"rendered":"https:\/\/eazybackup.com\/?page_id=18"},"modified":"2024-12-04T17:13:41","modified_gmt":"2024-12-04T22:13:41","slug":"pricing","status":"publish","type":"page","link":"https:\/\/eazybackup.com\/es\/pricing\/","title":{"rendered":"Precios"},"content":{"rendered":"<h3>\n\t\tAumente la protecci\u00f3n de sus datos con eazyBackup\n\t<\/h3>\n\t<p>\u00bfTiene m\u00e1s de 25 usuarios en su equipo? <a href=\"https:\/\/eazybackup.com\/es\/contact\/\">Solicitar presupuesto<\/a><\/p>\n\t<p>Protecci\u00f3n de archivos y carpetas<\/p>\n<h1>\n\t\tEstaci\u00f3n de trabajo eazyBackup\n\t<\/h1>\n\t<p>Adecuado para usuarios dom\u00e9sticos y peque\u00f1as y medianas empresas que requieren protecci\u00f3n de archivos, carpetas y una copia de seguridad completa del sistema.<\/p>\n\t$ 12,95 \/ mes<br \/>\n\n\t\t\t\n\t\t\t<!-- Display Switch -->\n\t\t\t<label><input type=\"checkbox\"\/><\/label>\n\t\t\t<h5>M\u00e1s detalles<\/h5>\n\t\t\t<div class=\"fl-builder-content fl-builder-content-6428 fl-builder-template fl-builder-row-template fl-builder-global-templates-locked\" data-post-id=\"6428\"><div class=\"fl-row fl-row-full-width fl-row-bg-color fl-node-e2gda5p81bws fl-row-default-height fl-row-align-center\" data-node=\"e2gda5p81bws\">\n\t<div class=\"fl-row-content-wrap\">\n\t\t\t\t\t\t\t\t<div class=\"fl-row-content fl-row-fixed-width fl-node-content\">\n\t\t\n<div class=\"fl-col-group fl-node-7ydvgmt6kf53\" data-node=\"7ydvgmt6kf53\">\n\t\t\t<div class=\"fl-col fl-node-ocz52vxm3arn\" data-node=\"ocz52vxm3arn\">\n\t<div class=\"fl-col-content fl-node-content\"><div class=\"fl-module fl-module-icon fl-node-iexg703qv1rn\" data-node=\"iexg703qv1rn\">\n\t<div class=\"fl-module-content fl-node-content\">\n\t\t<div class=\"fl-icon-wrap\">\n\t<span class=\"fl-icon\">\n\t\t\t\t<i class=\"ua-icon ua-icon-check\" aria-hidden=\"true\"><\/i>\n\t\t\t\t\t<\/span>\n\t\t\t<div id=\"fl-icon-text-iexg703qv1rn\" class=\"fl-icon-text fl-icon-text-wrap\">\n\t\t\t\t\t\t<p>Copia de seguridad para dispositivos Windows 10\/11 y macOS<\/p>\t\t\t\t\t<\/div>\n\t<\/div>\n\t<\/div>\n<\/div>\n<div class=\"fl-module fl-module-icon fl-node-yiuv6oxdbmlc\" data-node=\"yiuv6oxdbmlc\">\n\t<div class=\"fl-module-content fl-node-content\">\n\t\t<div class=\"fl-icon-wrap\">\n\t<span class=\"fl-icon\">\n\t\t\t\t<i class=\"ua-icon ua-icon-check\" aria-hidden=\"true\"><\/i>\n\t\t\t\t\t<\/span>\n\t\t\t<div id=\"fl-icon-text-yiuv6oxdbmlc\" class=\"fl-icon-text fl-icon-text-wrap\">\n\t\t\t\t\t\t<p>Retenci\u00f3n configurable, hasta un historial de versiones para siempre<\/p>\t\t\t\t\t<\/div>\n\t<\/div>\n\t<\/div>\n<\/div>\n<div class=\"fl-module fl-module-icon fl-node-rex2jkvdfl7c\" data-node=\"rex2jkvdfl7c\">\n\t<div class=\"fl-module-content fl-node-content\">\n\t\t<div class=\"fl-icon-wrap\">\n\t<span class=\"fl-icon\">\n\t\t\t\t<i class=\"ua-icon ua-icon-check\" aria-hidden=\"true\"><\/i>\n\t\t\t\t\t<\/span>\n\t\t\t<div id=\"fl-icon-text-rex2jkvdfl7c\" class=\"fl-icon-text fl-icon-text-wrap\">\n\t\t\t\t\t\t<p>Panel de control basado en web<\/p>\t\t\t\t\t<\/div>\n\t<\/div>\n\t<\/div>\n<\/div>\n<div class=\"fl-module fl-module-icon fl-node-cfby9mugjshi\" data-node=\"cfby9mugjshi\">\n\t<div class=\"fl-module-content fl-node-content\">\n\t\t<div class=\"fl-icon-wrap\">\n\t<span class=\"fl-icon\">\n\t\t\t\t<i class=\"ua-icon ua-icon-check\" aria-hidden=\"true\"><\/i>\n\t\t\t\t\t<\/span>\n\t\t\t<div id=\"fl-icon-text-cfby9mugjshi\" class=\"fl-icon-text fl-icon-text-wrap\">\n\t\t\t\t\t\t<p>Restauraci\u00f3n de emergencia del disco duro con env\u00edo urgente*.<\/p>\t\t\t\t\t<\/div>\n\t<\/div>\n\t<\/div>\n<\/div>\n<div class=\"fl-module fl-module-icon fl-node-f0cwh2japmxe\" data-node=\"f0cwh2japmxe\">\n\t<div class=\"fl-module-content fl-node-content\">\n\t\t<div class=\"fl-icon-wrap\">\n\t<span class=\"fl-icon\">\n\t\t\t\t<i class=\"ua-icon ua-icon-check\" aria-hidden=\"true\"><\/i>\n\t\t\t\t\t<\/span>\n\t\t\t<div id=\"fl-icon-text-f0cwh2japmxe\" class=\"fl-icon-text fl-icon-text-wrap\">\n\t\t\t\t\t\t<p>Proteja un n\u00famero ilimitado de archivos, sin l\u00edmite de tama\u00f1o<\/p>\t\t\t\t\t<\/div>\n\t<\/div>\n\t<\/div>\n<\/div>\n<\/div>\n<\/div>\n\t<\/div>\n\t\t<\/div>\n\t<\/div>\n<\/div>\n<\/div><div class=\"uabb-js-breakpoint\" style=\"display: none;\"><\/div>\t\t\n\t\t\t<a href=\"https:\/\/accounts.eazybackup.ca\/index.php?m=eazybackup&#038;a=signup\" target=\"_self\" rel=\"noopener\">\n\t\t\t\t\t\t\tPru\u00e9belo gratis\n\t\t\t<\/a>\n\t<p>Protecci\u00f3n integral de datos<\/p>\n<h1>\n\t\tServidor eazyBackup\n\t<\/h1>\n\t<p>Perfecto para empresas y administradores de centros de datos que buscan servicios de copia de seguridad completos y asistencia de primer nivel.<\/p>\n\t$ 20,75 \/ mes<br \/>\n\n\t\t\t\n\t\t\t<!-- Display Switch -->\n\t\t\t<label><input type=\"checkbox\"\/><\/label>\n\t\t\t<h5>M\u00e1s detalles<\/h5>\n\t\t\t<div class=\"fl-builder-content fl-builder-content-6435 fl-builder-template fl-builder-row-template fl-builder-global-templates-locked\" data-post-id=\"6435\"><div class=\"fl-row fl-row-full-width fl-row-bg-color fl-node-l96qnyp0fbiv fl-row-default-height fl-row-align-center\" data-node=\"l96qnyp0fbiv\">\n\t<div class=\"fl-row-content-wrap\">\n\t\t\t\t\t\t\t\t<div class=\"fl-row-content fl-row-fixed-width fl-node-content\">\n\t\t\n<div class=\"fl-col-group fl-node-ak8qnfpb1uw4\" data-node=\"ak8qnfpb1uw4\">\n\t\t\t<div class=\"fl-col fl-node-inb9qxlgkhy8\" data-node=\"inb9qxlgkhy8\">\n\t<div class=\"fl-col-content fl-node-content\"><div class=\"fl-module fl-module-icon fl-node-4vkfqyzec86j\" data-node=\"4vkfqyzec86j\">\n\t<div class=\"fl-module-content fl-node-content\">\n\t\t<div class=\"fl-icon-wrap\">\n\t<span class=\"fl-icon\">\n\t\t\t\t<i class=\"ua-icon ua-icon-check\" aria-hidden=\"true\"><\/i>\n\t\t\t\t\t<\/span>\n\t\t\t<div id=\"fl-icon-text-4vkfqyzec86j\" class=\"fl-icon-text fl-icon-text-wrap\">\n\t\t\t\t\t\t<p>Copia de seguridad para dispositivos Windows 10\/11\/Server y macOS<\/p>\t\t\t\t\t<\/div>\n\t<\/div>\n\t<\/div>\n<\/div>\n<div class=\"fl-module fl-module-icon fl-node-pwl3ks0znqx8\" data-node=\"pwl3ks0znqx8\">\n\t<div class=\"fl-module-content fl-node-content\">\n\t\t<div class=\"fl-icon-wrap\">\n\t<span class=\"fl-icon\">\n\t\t\t\t<i class=\"ua-icon ua-icon-check\" aria-hidden=\"true\"><\/i>\n\t\t\t\t\t<\/span>\n\t\t\t<div id=\"fl-icon-text-pwl3ks0znqx8\" class=\"fl-icon-text fl-icon-text-wrap\">\n\t\t\t\t\t\t<p>Copias de seguridad para servidores Linux<\/p>\t\t\t\t\t<\/div>\n\t<\/div>\n\t<\/div>\n<\/div>\n<div class=\"fl-module fl-module-icon fl-node-krf7x2195y38\" data-node=\"krf7x2195y38\">\n\t<div class=\"fl-module-content fl-node-content\">\n\t\t<div class=\"fl-icon-wrap\">\n\t<span class=\"fl-icon\">\n\t\t\t\t<i class=\"ua-icon ua-icon-check\" aria-hidden=\"true\"><\/i>\n\t\t\t\t\t<\/span>\n\t\t\t<div id=\"fl-icon-text-krf7x2195y38\" class=\"fl-icon-text fl-icon-text-wrap\">\n\t\t\t\t\t\t<p>Proteja los dispositivos NAS y las unidades de red<\/p>\t\t\t\t\t<\/div>\n\t<\/div>\n\t<\/div>\n<\/div>\n<div class=\"fl-module fl-module-icon fl-node-v910u6o8zskl\" data-node=\"v910u6o8zskl\">\n\t<div class=\"fl-module-content fl-node-content\">\n\t\t<div class=\"fl-icon-wrap\">\n\t<span class=\"fl-icon\">\n\t\t\t\t<i class=\"ua-icon ua-icon-check\" aria-hidden=\"true\"><\/i>\n\t\t\t\t\t<\/span>\n\t\t\t<div id=\"fl-icon-text-v910u6o8zskl\" class=\"fl-icon-text fl-icon-text-wrap\">\n\t\t\t\t\t\t<p>Historial de versiones para siempre, retenci\u00f3n de datos configurable<\/p>\t\t\t\t\t<\/div>\n\t<\/div>\n\t<\/div>\n<\/div>\n<div class=\"fl-module fl-module-icon fl-node-naxogchkr6i8\" data-node=\"naxogchkr6i8\">\n\t<div class=\"fl-module-content fl-node-content\">\n\t\t<div class=\"fl-icon-wrap\">\n\t<span class=\"fl-icon\">\n\t\t\t\t<i class=\"ua-icon ua-icon-check\" aria-hidden=\"true\"><\/i>\n\t\t\t\t\t<\/span>\n\t\t\t<div id=\"fl-icon-text-naxogchkr6i8\" class=\"fl-icon-text fl-icon-text-wrap\">\n\t\t\t\t\t\t<p>Panel de control basado en web<\/p>\t\t\t\t\t<\/div>\n\t<\/div>\n\t<\/div>\n<\/div>\n<div class=\"fl-module fl-module-icon fl-node-0ilotpzybjgc\" data-node=\"0ilotpzybjgc\">\n\t<div class=\"fl-module-content fl-node-content\">\n\t\t<div class=\"fl-icon-wrap\">\n\t<span class=\"fl-icon\">\n\t\t\t\t<i class=\"ua-icon ua-icon-check\" aria-hidden=\"true\"><\/i>\n\t\t\t\t\t<\/span>\n\t\t\t<div id=\"fl-icon-text-0ilotpzybjgc\" class=\"fl-icon-text fl-icon-text-wrap\">\n\t\t\t\t\t\t<p>Restauraci\u00f3n de emergencia del disco duro con env\u00edo urgente*.<\/p>\t\t\t\t\t<\/div>\n\t<\/div>\n\t<\/div>\n<\/div>\n<div class=\"fl-module fl-module-icon fl-node-f3js8bw0i1gy\" data-node=\"f3js8bw0i1gy\">\n\t<div class=\"fl-module-content fl-node-content\">\n\t\t<div class=\"fl-icon-wrap\">\n\t<span class=\"fl-icon\">\n\t\t\t\t<i class=\"ua-icon ua-icon-check\" aria-hidden=\"true\"><\/i>\n\t\t\t\t\t<\/span>\n\t\t\t<div id=\"fl-icon-text-f3js8bw0i1gy\" class=\"fl-icon-text fl-icon-text-wrap\">\n\t\t\t\t\t\t<p>Proteja un n\u00famero ilimitado de archivos, sin l\u00edmite de tama\u00f1o<\/p>\t\t\t\t\t<\/div>\n\t<\/div>\n\t<\/div>\n<\/div>\n<div class=\"fl-module fl-module-icon fl-node-lpnu73k641y9\" data-node=\"lpnu73k641y9\">\n\t<div class=\"fl-module-content fl-node-content\">\n\t\t<div class=\"fl-icon-wrap\">\n\t<span class=\"fl-icon\">\n\t\t\t\t<i class=\"ua-icon ua-icon-check\" aria-hidden=\"true\"><\/i>\n\t\t\t\t\t<\/span>\n\t\t\t<div id=\"fl-icon-text-lpnu73k641y9\" class=\"fl-icon-text fl-icon-text-wrap\">\n\t\t\t\t\t\t<p>\u00a0SQL, MySQL y MariaDB<\/p>\t\t\t\t\t<\/div>\n\t<\/div>\n\t<\/div>\n<\/div>\n<\/div>\n<\/div>\n\t<\/div>\n\t\t<\/div>\n\t<\/div>\n<\/div>\n<\/div><div class=\"uabb-js-breakpoint\" style=\"display: none;\"><\/div>\t\t\n\t\t\t<a href=\"https:\/\/accounts.eazybackup.ca\/index.php?m=eazybackup&#038;a=signup\" target=\"_self\" rel=\"noopener\">\n\t\t\t\t\t\t\tPru\u00e9belo gratis\n\t\t\t<\/a>\n\t\t\t<a href=\"https:\/\/eazybackup.com\/es\/contact\/\" target=\"_self\" rel=\"noopener\">\n\t\t\t\t\t\t\tContacto ventas\n\t\t\t\t\t<\/a>\n\t<p>Copia de seguridad de nube a nube para empresas<\/p>\n<h1>\n\t\tMicrosoft 365\n\t<\/h1>\n\t<p>Protege tus datos cr\u00edticos con una soluci\u00f3n de copia de seguridad de nube a nube para Microsoft 365 Mail, Calendar, Contacts, Tasks, Groups, Teams, OneDrive y SharePoint.<\/p>\n\t$ 3,50 \/ mes por usuario, almacenamiento ilimitado<br \/>\n\n\t\t\t<a href=\"https:\/\/accounts.eazybackup.ca\/index.php?m=eazybackup&#038;a=signup\" target=\"_self\" rel=\"noopener\">\n\t\t\t\t\t\t\tPrueba gratuita\n\t\t\t<\/a>\n\t<p>Oferta introductoria de acceso anticipado<\/p>\n<h1>\n\t\tConsola de gesti\u00f3n para MSP\n\t<\/h1>\n\t<p>Comercialice eazyBackup como marca blanca para sus clientes. Aproveche las caracter\u00edsticas premium, incluida la personalizaci\u00f3n completa de marca blanca, todo ello gestionado sin esfuerzo desde una \u00fanica consola de gesti\u00f3n centralizada.<\/p>\n\t$ 0,00 \/ mes<br \/>\n\n\t\t\t<a href=\"https:\/\/eazybackup.com\/es\/contact\/\" target=\"_self\" rel=\"noopener\">\n\t\t\t\t\t\t\tContacto ventas\n\t\t\t\t\t<\/a>\n\t<p>\u00bfEn qu\u00e9 podemos ayudarle?<\/p>\n\t<p>Contactar con eazyBackup<\/p>\n\t<p>P\u00f3ngase en contacto con nosotros para obtener asistencia comercial, ayuda con la implantaci\u00f3n, preguntas t\u00e9cnicas y solicitudes de demostraci\u00f3n.<\/p>\n\t<p>Al facilitarnos su direcci\u00f3n de correo electr\u00f3nico, acepta que <a href=\"https:\/\/eazybackup.com\/es\/privacy\/\">Pol\u00edtica de privacidad<\/a> y Pol\u00edtica de Cookies.<\/p>\n\t\t\t\t<img loading=\"lazy\" decoding=\"async\" src=\"https:\/\/eazybackup.com\/wp-content\/uploads\/2024\/05\/backup_service_for_managed_service_providers.svg\" alt=\"servicio_de_seguridad_para_proveedores_de_servicios_gestionados\" itemprop=\"image\" height=\"415\" width=\"463\" title=\"servicio_de_seguridad_para_proveedores_de_servicios_gestionados\" onerror=\"this.style.display='none'\"  \/>\n<h3>\n\t\tMSPs: Ofrecemos versiones de marca blanca de eazyBackup\n\t<\/h3>\n\t<p>Proporcionamos servidores privados, as\u00ed como versiones de marca blanca y marca blanca de nuestro software, lo que le permite marcar nuestras s\u00f3lidas soluciones como propias. Benef\u00edciese de las completas funciones de gesti\u00f3n y supervisi\u00f3n remotas, que le permitir\u00e1n gestionar y proteger eficazmente los datos de sus clientes.<\/p>\n\t\t\t<a href=\"https:\/\/eazybackup.com\/es\/online-backup-msp\/\" target=\"_self\" rel=\"noopener\">\n\t\t\t\t\t\t\tCopias de seguridad para los MSP\n\t\t\t\t\t<\/a>","protected":false},"excerpt":{"rendered":"<p>Elevate Your Data Protection with eazyBackup Do you have 25+ users in your team? Request a Quote File and Folder Protection eazyBackup Workstation Suitable for home users and small to medimum businesses requiring protection of files, folders and complete system backup $ 12.95 \/ month More Details Try It Free Comprehensive Data Protection eazyBackup Server [&hellip;]<\/p>","protected":false},"author":1,"featured_media":0,"parent":0,"menu_order":0,"comment_status":"closed","ping_status":"closed","template":"","meta":{"site-sidebar-layout":"no-sidebar","site-content-layout":"page-builder","ast-site-content-layout":"default","site-content-style":"default","site-sidebar-style":"default","ast-global-header-display":"","ast-banner-title-visibility":"","ast-main-header-display":"","ast-hfb-above-header-display":"","ast-hfb-below-header-display":"","ast-hfb-mobile-header-display":"","site-post-title":"disabled","ast-breadcrumbs-content":"disabled","ast-featured-img":"disabled","footer-sml-layout":"","theme-transparent-header-meta":"default","adv-header-id-meta":"","stick-header-meta":"","header-above-stick-meta":"","header-main-stick-meta":"","header-below-stick-meta":"","astra-migrate-meta-layouts":"default","ast-page-background-enabled":"default","ast-page-background-meta":{"desktop":{"background-color":"var(--ast-global-color-4)","background-image":"","background-repeat":"repeat","background-position":"center center","background-size":"auto","background-attachment":"scroll","background-type":"","background-media":"","overlay-type":"","overlay-color":"","overlay-opacity":"","overlay-gradient":""},"tablet":{"background-color":"","background-image":"","background-repeat":"repeat","background-position":"center center","background-size":"auto","background-attachment":"scroll","background-type":"","background-media":"","overlay-type":"","overlay-color":"","overlay-opacity":"","overlay-gradient":""},"mobile":{"background-color":"","background-image":"","background-repeat":"repeat","background-position":"center center","background-size":"auto","background-attachment":"scroll","background-type":"","background-media":"","overlay-type":"","overlay-color":"","overlay-opacity":"","overlay-gradient":""}},"ast-content-background-meta":{"desktop":{"background-color":"var(--ast-global-color-5)","background-image":"","background-repeat":"repeat","background-position":"center center","background-size":"auto","background-attachment":"scroll","background-type":"","background-media":"","overlay-type":"","overlay-color":"","overlay-opacity":"","overlay-gradient":""},"tablet":{"background-color":"var(--ast-global-color-5)","background-image":"","background-repeat":"repeat","background-position":"center center","background-size":"auto","background-attachment":"scroll","background-type":"","background-media":"","overlay-type":"","overlay-color":"","overlay-opacity":"","overlay-gradient":""},"mobile":{"background-color":"var(--ast-global-color-5)","background-image":"","background-repeat":"repeat","background-position":"center center","background-size":"auto","background-attachment":"scroll","background-type":"","background-media":"","overlay-type":"","overlay-color":"","overlay-opacity":"","overlay-gradient":""}},"footnotes":""},"class_list":["post-18","page","type-page","status-publish","hentry"],"_links":{"self":[{"href":"https:\/\/eazybackup.com\/es\/wp-json\/wp\/v2\/pages\/18","targetHints":{"allow":["GET"]}}],"collection":[{"href":"https:\/\/eazybackup.com\/es\/wp-json\/wp\/v2\/pages"}],"about":[{"href":"https:\/\/eazybackup.com\/es\/wp-json\/wp\/v2\/types\/page"}],"author":[{"embeddable":true,"href":"https:\/\/eazybackup.com\/es\/wp-json\/wp\/v2\/users\/1"}],"replies":[{"embeddable":true,"href":"https:\/\/eazybackup.com\/es\/wp-json\/wp\/v2\/comments?post=18"}],"version-history":[{"count":120,"href":"https:\/\/eazybackup.com\/es\/wp-json\/wp\/v2\/pages\/18\/revisions"}],"predecessor-version":[{"id":6756,"href":"https:\/\/eazybackup.com\/es\/wp-json\/wp\/v2\/pages\/18\/revisions\/6756"}],"wp:attachment":[{"href":"https:\/\/eazybackup.com\/es\/wp-json\/wp\/v2\/media?parent=18"}],"curies":[{"name":"wp","href":"https:\/\/api.w.org\/{rel}","templated":true}]}}