{"id":2946,"date":"2021-05-31T14:14:55","date_gmt":"2021-05-31T14:14:55","guid":{"rendered":"https:\/\/eazybackup.com\/?page_id=2946"},"modified":"2025-12-12T10:44:02","modified_gmt":"2025-12-12T15:44:02","slug":"microsoft-365-backup-service","status":"publish","type":"page","link":"https:\/\/eazybackup.com\/de\/microsoft-365-backup-service\/","title":{"rendered":"Sicherung f\u00fcr Office 365"},"content":{"rendered":"<h1>\n\t\tMicrosoft 365 Cloud-Sicherung\n\t<\/h1>\n\t<p>Sch\u00fctzen Sie Ihre MS 365-Daten mit einem automatisierten Cloud-to-Cloud-Backup von Microsoft 365 f\u00fcr Mail, Kalender, Kontakte, Aufgaben, Gruppen, Teams, OneDrive und SharePoint in Unternehmensqualit\u00e4t.<\/p>\n<p>&nbsp;<\/p>\n<p>Keine zu installierende Software - direkter Cloud-to-Cloud-Datenschutz f\u00fcr Microsoft 365 bietet Unternehmen einen erschwinglichen und sicheren Sicherungs- und Wiederherstellungsdienst. Unser Cloud-Speicher ist im Rahmen des kanadischen Controlled Goods Program zertifiziert und entspricht dem PIPEDA-Gesetz.<\/p>\n\t\t\t\t<img loading=\"lazy\" decoding=\"async\" src=\"https:\/\/eazybackup.com\/wp-content\/uploads\/2022\/07\/office-365-banner-1.svg\" alt=\"b\u00fcro-365-banner\" itemprop=\"image\" height=\"361\" width=\"569\" title=\"b\u00fcro-365-banner\" onerror=\"this.style.display='none'\"  \/>\n\t\t\t\t<img loading=\"lazy\" decoding=\"async\" src=\"https:\/\/eazybackup.com\/wp-content\/uploads\/2024\/06\/Microsoft_365_2022.svg\" alt=\"Microsoft 365 Sicherung\" itemprop=\"image\" height=\"44\" width=\"40\" title=\"Microsoft 365 Sicherung\" onerror=\"this.style.display='none'\"  \/>\n<h2>\n\t\tMS 365-Datenschutz\n\t<\/h2>\n\t<p>Sichern Sie alle Ihre MS 365-Daten (Mail, Kalender, Kontakte, Aufgaben), SharePoint Online, OneDrive, Office Groups und Teams.<\/p>\n\t\t\t\t<img loading=\"lazy\" decoding=\"async\" src=\"https:\/\/eazybackup.com\/wp-content\/uploads\/2022\/07\/Group-37187.png\" alt=\"Gruppe 37187\" itemprop=\"image\" height=\"70\" width=\"70\" title=\"Gruppe 37187\" onerror=\"this.style.display='none'\"  \/>\n<h2>\n\t\tEinfache Preisgestaltung pro Benutzer\n\t<\/h2>\n\t<p>$3.50\/month per user with 1-year retention. Includes unlimited storage for Microsoft 365 data (Exchange mail, calendars, contacts, SharePoint, Teams) plus 1 TB per user for OneDrive. Technical support and a central management dashboard included.<\/p>\n\t\t\t\t<img loading=\"lazy\" decoding=\"async\" src=\"https:\/\/eazybackup.com\/wp-content\/uploads\/2022\/07\/Frame1.png\" alt=\"Rahmen(1)\" itemprop=\"image\" height=\"70\" width=\"70\" title=\"Rahmen(1)\" onerror=\"this.style.display='none'\"  \/>\n<h2>\n\t\tDatenschutz in Kanada\n\t<\/h2>\n\t<p>Ihre MS365-Daten werden sicher in Kanada gespeichert, um die Einhaltung der lokalen Vorschriften zu gew\u00e4hrleisten. Sch\u00fctzen Sie Ihre sensiblen Informationen und wahren Sie gleichzeitig die strenge kanadische Datensouver\u00e4nit\u00e4t.<\/p>\n\t\t\t\t<img loading=\"lazy\" decoding=\"async\" src=\"https:\/\/eazybackup.com\/wp-content\/uploads\/2024\/05\/Microsoft_365_Backup_Overview.png\" alt=\"Microsoft_365_Backup_\u00dcbersicht\" itemprop=\"image\" height=\"718\" width=\"909\" title=\"Microsoft_365_Backup_\u00dcbersicht\" onerror=\"this.style.display='none'\"  \/>\n<h3>\n\t\tWarum Microsoft 365 sichern?\n\t<\/h3>\n\t<p>In der heutigen IT-Landschaft sind Datenverluste und -besch\u00e4digungen ein h\u00e4ufiges Problem, das erhebliche Auswirkungen auf Unternehmen haben kann. SaaS-Anwendungen wie Microsoft 365 sind Hauptziele f\u00fcr Cyberangriffe, und Untersuchungen zeigen, dass die H\u00e4ufigkeit, Komplexit\u00e4t und Kosten dieser Angriffe nur noch zunehmen werden. Dar\u00fcber hinaus k\u00f6nnen Daten durch versehentliche Fehler oder absichtliche Aktionen wie b\u00f6swillige L\u00f6schungen gef\u00e4hrdet werden.<\/p>\n<p>&nbsp;<\/p>\n<p>Wenn es um Microsoft 365 und andere Cloud-Daten geht, ist das Grundprinzip klar: \"Ihre Daten, Ihre Verantwortung\". Nach dem Shared Responsibility Model von Microsoft ist es Ihre Pflicht als Kunde, die Sicherheit Ihrer Daten und Identit\u00e4ten zu sch\u00fctzen, unabh\u00e4ngig davon, ob sie sich vor Ort oder in der Cloud befinden. Dazu geh\u00f6rt die Verwaltung all Ihrer Daten, Endpunkte, Konten und Zugriffskontrollen.<\/p>\n<p>&nbsp;<\/p>\n<p>Unser Cloud-to-Cloud MS365-Backup-Service sorgt daf\u00fcr, dass Ihre Daten sicher gesichert und leicht wiederherstellbar sind. Das gibt Ihnen Sicherheit und sch\u00fctzt Ihr Unternehmen vor potenziellen Datenverlusten und Cyber-Bedrohungen.<\/p>\n\t\t\t<a href=\"https:\/\/eazybackup.com\/de\/schedule-a-meeting\/\" target=\"_self\">\n\t\t\t\t\t\t\tDemo anfordern\n\t\t\t\t\t<\/a>\n<h2>\n\t\tSch\u00fctzen Sie Ihre kritischen Microsoft 365-Daten\n\t<\/h2>\n\t<p>Unsere leistungsstarke Cloud-to-Cloud-Backup-L\u00f6sung wurde von Grund auf f\u00fcr den Schutz von Microsoft 365-Daten entwickelt, die in OneDrive for Business, SharePoint Online, Exchange Online und Teams gespeichert sind.<\/p>\n\t\t\t\t<img loading=\"lazy\" decoding=\"async\" src=\"https:\/\/eazybackup.com\/wp-content\/uploads\/2022\/07\/onedrive-backup.svg\" alt=\"onedrive-backup\" itemprop=\"image\" height=\"58\" width=\"58\" title=\"onedrive-backup\" onerror=\"this.style.display='none'\"  \/>\n<h4>\n\t\tSicherung von OneDrive for Business\n\t<\/h4>\n\tSichern Sie Ihre Websites, Listen, Bibliotheken, Ordner, Metadaten, Sicherheit<br \/>\nEinstellungen und Versionsgeschichte.\n\t\t\t\t<img loading=\"lazy\" decoding=\"async\" src=\"https:\/\/eazybackup.com\/wp-content\/uploads\/2022\/07\/sharepoint-backup.svg\" alt=\"sharepoint-backup\" itemprop=\"image\" height=\"50\" width=\"50\" title=\"sharepoint-backup\" onerror=\"this.style.display='none'\"  \/>\n<h4>\n\t\tSicherung von SharePoint Online\n\t<\/h4>\n\tOneDrive-Ordner, Dateien, Bibliotheken, Metadaten, Sicherheit sichern<br \/>\nEinstellungen und Versionsgeschichte.\n\t\t\t\t<img loading=\"lazy\" decoding=\"async\" src=\"https:\/\/eazybackup.com\/wp-content\/uploads\/2022\/07\/365-xchange.svg\" alt=\"365-Tausch\" itemprop=\"image\" height=\"56\" width=\"61\" title=\"365-Tausch\" onerror=\"this.style.display='none'\"  \/>\n<h4>\n\t\tSicherung von Microsoft 365 Exchange Online\n\t<\/h4>\n\t<p>Sichern Sie Ihre Mailboxen, Kalender, Kontakte und vieles mehr.<\/p>\n\t\t\t\t<img loading=\"lazy\" decoding=\"async\" src=\"https:\/\/eazybackup.com\/wp-content\/uploads\/2022\/07\/ransomware-protection.svg\" alt=\"Ransomware-Schutz\" itemprop=\"image\" height=\"50\" width=\"50\" title=\"Ransomware-Schutz\" onerror=\"this.style.display='none'\"  \/>\n<h4>\n\t\tSchutz vor Ransomware\n\t<\/h4>\n\tSichern Sie ganze Teams, Kan\u00e4le und Unterhaltungen auf sichere Weise,<br \/>\nSitzungsunterlagen und mehr.\n<h3>\n\t\tPreise f\u00fcr Microsoft 365 Backup\n\t<\/h3>\n\t<p>Vollst\u00e4ndige Datensicherung f\u00fcr Ihre Microsoft 365-Daten - Exchange, SharePoint, OneDrive, Gruppen und Teams<\/p>\n<h3>\n\t\tMonatlich\n\t<\/h3>\n\t<p>$3.50<\/p>\n\tUnlimited storage for Microsoft 365 data<br \/>\nPlus 1 TB per user for OneDrive<br \/>\nEin Jahr Beibehaltung\n\t\t\t<a href=\"https:\/\/eazybackup.com\/de\/signup\/\" target=\"_self\">\n\t\t\t\t\t\t\tKostenlos ausprobieren\n\t\t\t\t\t<\/a>\n<h3>\n\t\tJ\u00e4hrlich\n\t<\/h3>\n\t<p>$42<\/p>\n\tCAD\/Jahr pro Benutzer<br \/>\nInklusive unbegrenztem Speicherplatz<br \/>\nEin Jahr Beibehaltung\n<p>&nbsp;<\/p>\n\t\t\t<a href=\"https:\/\/eazybackup.com\/de\/signup\/\" target=\"_self\">\n\t\t\t\t\t\t\tKostenlos ausprobieren\n\t\t\t\t\t<\/a>\n<h3>\n\t\tUnternehmen\n\t<\/h3>\n\tBen\u00f6tigen Sie eine robuste Backup-L\u00f6sung f\u00fcr Ihr Unternehmen?<br \/>\nWir haben das Richtige f\u00fcr Sie.\n\t\t\t<a href=\"https:\/\/eazybackup.com\/de\/microsoft-365-backup-service\/#contact\" target=\"_self\">\n\t\t\t\t\t\t\tAngebot anfordern\n\t\t\t\t\t<\/a>\n<h3>\n\t\tVorteile von eazyBackup's Microsoft 365 Backup\n\t<\/h3>\n\t\t\t\t<img loading=\"lazy\" decoding=\"async\" src=\"https:\/\/eazybackup.com\/wp-content\/uploads\/2022\/07\/Frame.png\" alt=\"Rahmen\" itemprop=\"image\" height=\"70\" width=\"70\" title=\"Rahmen\" onerror=\"this.style.display='none'\"  \/>\n<h4>\n\t\tAutomatisches oder On-Demand-Backup\n\t<\/h4>\n\t<p>Starten Sie bei Bedarf jederzeit einen Backup-Auftrag oder konfigurieren Sie automatische Backups mit dem integrierten Planer.<\/p>\n\t\t\t\t<img loading=\"lazy\" decoding=\"async\" src=\"https:\/\/eazybackup.com\/wp-content\/uploads\/2022\/07\/central.svg\" alt=\"zentral\" itemprop=\"image\" height=\"36\" width=\"58\" title=\"zentral\" onerror=\"this.style.display='none'\"  \/>\n<h4>\n\t\tZentrale Verwaltung\n\t<\/h4>\n\t\u00dcberwachen und verwalten Sie alle Ihre Microsoft 365-Postf\u00e4cher, OneDrive, SharePoint und<br \/>\nTeamsicherungen \u00fcber unser Online-Dashboar\n\t\t\t\t<img loading=\"lazy\" decoding=\"async\" src=\"https:\/\/eazybackup.com\/wp-content\/uploads\/2022\/07\/granular-backup.svg\" alt=\"granulare Sicherung\" itemprop=\"image\" height=\"35\" width=\"39\" title=\"granulare Sicherung\" onerror=\"this.style.display='none'\"  \/>\n<h4>\n\t\tGranulare Sicherung und Wiederherstellung\n\t<\/h4>\n\t<p>Sichern Sie alle Ihre Exchange- und SharePoint-Daten oder w\u00e4hlen Sie nur bestimmte Elemente, Ordner oder Websitesammlungen aus. Stellen Sie einzelne Dateien, Ordner oder E-Mails mit einer granularen Point-in-Time-Wiederherstellung schnell wieder her.<\/p>\n\t\t\t\t<img loading=\"lazy\" decoding=\"async\" src=\"https:\/\/eazybackup.com\/wp-content\/uploads\/2022\/07\/nas-network.svg\" alt=\"nas-network\" itemprop=\"image\" height=\"46\" width=\"46\" title=\"nas-network\" onerror=\"this.style.display='none'\"  \/>\n<h4>\n\t\tHochperformante Backup-Suche\n\t<\/h4>\n\t<p>Einfaches Suchen nach bestimmten Microsoft 365-Elementen und Herunterladen der kritischen Datei oder Wiederherstellen auf der Plattform<\/p>\n\t\t\t\t<img loading=\"lazy\" decoding=\"async\" src=\"https:\/\/eazybackup.com\/wp-content\/uploads\/2022\/07\/tech-support.svg\" alt=\"Technischer Support\" itemprop=\"image\" height=\"46\" width=\"38\" title=\"Technischer Support\" onerror=\"this.style.display='none'\"  \/>\n<h4>\n\t\tKanadischer technischer Support\n\t<\/h4>\n\t<p>Genie\u00dfen Sie den erstklassigen technischen Support unseres sachkundigen kanadischen Teams, der im Preis Ihres Abonnements enthalten ist.<\/p>\n\t\t\t\t<img loading=\"lazy\" decoding=\"async\" src=\"https:\/\/eazybackup.com\/wp-content\/uploads\/2022\/07\/retention.svg\" alt=\"Selbstbehalt\" itemprop=\"image\" height=\"35\" width=\"34\" title=\"Selbstbehalt\" onerror=\"this.style.display='none'\"  \/>\n<h4>\n\t\tAufbewahrung von Daten f\u00fcr immer\n\t<\/h4>\n\t<p>Bewahren Sie alle 365 Daten f\u00fcr immer auf und stellen Sie Ihren \u00e4ltesten Schnappschuss so schnell wieder her wie Ihren neuesten.<\/p>\n<h3>\n\t\tStarten Sie in wenigen Minuten: M\u00fchelose MS365-Sicherung\n\t<\/h3>\n\t<p>Erfahren Sie, wie Sie Ihr erstes MS365-Backup in wenigen Minuten einrichten k\u00f6nnen. Sehen Sie, wie einfach es ist, die eazyBackup-App in Azure AD zu registrieren.<\/p>\n\t<meta itemprop=\"url\" content=\"https:\/\/eazybackup.com\/wp-content\/uploads\/2024\/05\/MS365_Backup_Getting_Started.mp4\" \/><div style=\"width: 640px;\" class=\"wp-video\"><!--[if lt IE 9]><script>document.createElement('video');<\/script><![endif]-->\n<video class=\"wp-video-shortcode\" id=\"video-2946-1\" width=\"640\" height=\"360\" preload=\"metadata\" controls=\"controls\"><source type=\"video\/mp4\" src=\"https:\/\/eazybackup.com\/wp-content\/uploads\/2024\/05\/MS365_Backup_Getting_Started.mp4?_=1\" \/><a href=\"https:\/\/eazybackup.com\/wp-content\/uploads\/2024\/05\/MS365_Backup_Getting_Started.mp4\">https:\/\/eazybackup.com\/wp-content\/uploads\/2024\/05\/MS365_Backup_Getting_Started.mp4<\/a><\/video><\/div>\n<h3>\n\t\tSch\u00fctzen, sichern und sichern Sie Ihre Microsoft 365-Daten\n\t<\/h3>\n\t<p>Beseitigen Sie die Angst und Ungewissheit vor Datenverlusten mit einer vollst\u00e4ndigen, zuverl\u00e4ssigen Microsoft 365 Cloud-to-Cloud-Backup-L\u00f6sung. eazyBackup kombiniert robusten Datenschutz, leistungsstarke Backup-Automatisierung, vielseitige Wiederherstellungsoptionen und mehrschichtige Datensicherheit f\u00fcr echten Seelenfrieden.<\/p>\n<h3>\n\t\tAutomatisierte Backups\n\t<\/h3>\n\t<p>Mit der automatisierten Microsoft 365 Datensicherung von eazyBackup k\u00f6nnen Sie sich auf das konzentrieren, was am wichtigsten ist. Flexible Planungsoptionen stellen sicher, dass Ihre wertvollen Daten jederzeit gesichert und wiederherstellbar sind.<\/p>\n<h3>\n\t\tM\u00fchelose MS 365 Datenwiederherstellung\n\t<\/h3>\n\t<p>Stellen Sie Ihre Microsoft 365-Daten schnell und einfach \u00fcber unser Dashboard wieder her. Nutzen Sie Funktionen wie die granulare Suche und die zeitpunktgenaue Wiederherstellung, um genau das zu finden und wiederherzustellen, was Sie brauchen. Sowohl Administratoren als auch Endbenutzer k\u00f6nnen Daten m\u00fchelos wiederherstellen, wann immer sie ben\u00f6tigt werden.<\/p>\n<h3>\n\t\tKonforme Datensicherung\n\t<\/h3>\n\t<p>Unser mehrschichtiger Schutz umfasst die M\u00f6glichkeit, Object Lock mit Compliance- und Governance-Modi f\u00fcr die gesetzliche Aufbewahrung zu verwenden, sowie die Versionierung, um mehrere Versionen Ihrer Daten zu speichern. In Kombination mit robuster Verschl\u00fcsselung und 2FA bietet eazyBackup maximale Sicherheit.<\/p>\n<h3>\n\t\tMehrschichtige Sicherheit und Konformit\u00e4t bei der Datenspeicherung\n\t<\/h3>\n\t<p>eazyBackup ist im Rahmen des Controlled Goods Program zertifiziert und entspricht den PIPEDA-Bestimmungen. Damit ist sichergestellt, dass Ihre Daten sicher gespeichert sind und den h\u00f6chsten Datenschutzstandards entsprechen.<\/p>\n\t\t\t\t<img loading=\"lazy\" decoding=\"async\" src=\"https:\/\/eazybackup.com\/wp-content\/uploads\/2024\/05\/microsoft_365_backup_services.svg\" alt=\"microsoft_365_backup_services\" itemprop=\"image\" height=\"283\" width=\"532\" title=\"microsoft_365_backup_services\" onerror=\"this.style.display='none'\"  \/>\n<h3>\n\t\tZero-Knowledge-Verschl\u00fcsselung\n\t<\/h3>\n\t<ul>\n<li>Zero-Knowledge-Verschl\u00fcsselung Schl\u00fcsselverwaltung<\/li>\n<li>eazyBackup verschl\u00fcsselt alle Benutzerdaten mit AES-256-CTR mit Poly1305 im AEAD-Modus mit hochentropischen Zufallsschl\u00fcsseln.<\/li>\n<li>Storage Vaults, die f\u00fcr jeden Kunden mit einem eigenen Zugangsschl\u00fcssel bereitgestellt und separat verschl\u00fcsselt werden.<\/li>\n<\/ul>\n<h3>\n\t\tSicher, isoliert und mehrstufig gesch\u00fctzt\n\t<\/h3>\n\t<ul>\n<li>Passwortbasierte Authentifizierung mit Strong Hashing<\/li>\n<li>Multi-Faktor-Authentifizierung<\/li>\n<li>Isolierung pro Benutzer und eindeutige Storage Vault-Anmeldeinformationen<\/li>\n<\/ul>\n<h3>\n\t\tSchutz vor Ransomeware mit unver\u00e4nderlichen Backups\n\t<\/h3>\n\t<ul>\n<li>Objektgesperrte Buckets erzwingen Unver\u00e4nderbarkeit. Einmal geschriebene Daten k\u00f6nnen w\u00e4hrend einer vordefinierten Aufbewahrungsfrist weder ge\u00e4ndert noch gel\u00f6scht werden.<\/li>\n<li>Die Multi-Factor-Authentifizierung bietet eine zus\u00e4tzliche Sicherheitsebene zum Schutz Ihrer Backups.<\/li>\n<\/ul>\n\t<p>Wie k\u00f6nnen wir Ihnen helfen?<\/p>\n\t<p>Kontakt zu eazyBackup<\/p>\n\t<p>Setzen Sie sich mit uns in Verbindung, wenn Sie Vertriebsunterst\u00fctzung, Hilfe bei der Bereitstellung, technische Fragen oder Demoanfragen ben\u00f6tigen - wir sind f\u00fcr Sie da.<\/p>\n\t<p>Mit der Angabe Ihrer E-Mail-Adresse erkl\u00e4ren Sie sich mit unserer <a href=\"https:\/\/eazybackup.com\/de\/privacy\/\">Datenschutzbestimmungen<\/a> und Cookie-Richtlinie.<\/p>\n\t\t\t\t<img loading=\"lazy\" decoding=\"async\" src=\"https:\/\/eazybackup.com\/wp-content\/uploads\/2024\/05\/backup_service_for_managed_service_providers.svg\" alt=\"backup_service_f\u00fcr_verwaltete_service_provider\" itemprop=\"image\" height=\"415\" width=\"463\" title=\"backup_service_f\u00fcr_verwaltete_service_provider\" onerror=\"this.style.display='none'\"  \/>\n<h3>\n\t\tMSPs: Wir bieten White Label-Versionen von eazyBackup\n\t<\/h3>\n\t<p>Wir bieten private Server sowie White-Label- und Private-Label-Versionen unserer Software an, so dass Sie unsere robusten L\u00f6sungen als Ihre eigenen ausgeben k\u00f6nnen. Profitieren Sie von umfassenden Fernverwaltungs- und \u00dcberwachungsfunktionen, die sicherstellen, dass Sie die Daten Ihrer Kunden effizient verwalten und sch\u00fctzen k\u00f6nnen.<\/p>\n\t\t\t<a href=\"https:\/\/eazybackup.com\/de\/online-backup-msp\/\" target=\"_self\">\n\t\t\t\t\t\t\tBackup f\u00fcr MSPs\n\t\t\t\t\t<\/a>","protected":false},"excerpt":{"rendered":"<p>Microsoft 365 Cloud Backup Protect your MS 365 data with a enterprise-grade automated cloud to cloud Microsoft 365 backup for Mail, Calendar, Contacts, Tasks, Groups, Teams, OneDrive, and SharePoint. &nbsp; No software to install &#8211; direct cloud to cloud data protection for Microsoft 365 providing businesses with an affordable and secure backup and recovery service. [&hellip;]<\/p>","protected":false},"author":1,"featured_media":0,"parent":0,"menu_order":0,"comment_status":"closed","ping_status":"closed","template":"","meta":{"site-sidebar-layout":"no-sidebar","site-content-layout":"page-builder","ast-site-content-layout":"default","site-content-style":"default","site-sidebar-style":"default","ast-global-header-display":"","ast-banner-title-visibility":"","ast-main-header-display":"disabled","ast-hfb-above-header-display":"","ast-hfb-below-header-display":"","ast-hfb-mobile-header-display":"","site-post-title":"disabled","ast-breadcrumbs-content":"disabled","ast-featured-img":"disabled","footer-sml-layout":"","theme-transparent-header-meta":"default","adv-header-id-meta":"","stick-header-meta":"","header-above-stick-meta":"","header-main-stick-meta":"","header-below-stick-meta":"","astra-migrate-meta-layouts":"default","ast-page-background-enabled":"default","ast-page-background-meta":{"desktop":{"background-color":"var(--ast-global-color-4)","background-image":"","background-repeat":"repeat","background-position":"center center","background-size":"auto","background-attachment":"scroll","background-type":"","background-media":"","overlay-type":"","overlay-color":"","overlay-opacity":"","overlay-gradient":""},"tablet":{"background-color":"","background-image":"","background-repeat":"repeat","background-position":"center center","background-size":"auto","background-attachment":"scroll","background-type":"","background-media":"","overlay-type":"","overlay-color":"","overlay-opacity":"","overlay-gradient":""},"mobile":{"background-color":"","background-image":"","background-repeat":"repeat","background-position":"center center","background-size":"auto","background-attachment":"scroll","background-type":"","background-media":"","overlay-type":"","overlay-color":"","overlay-opacity":"","overlay-gradient":""}},"ast-content-background-meta":{"desktop":{"background-color":"var(--ast-global-color-5)","background-image":"","background-repeat":"repeat","background-position":"center center","background-size":"auto","background-attachment":"scroll","background-type":"","background-media":"","overlay-type":"","overlay-color":"","overlay-opacity":"","overlay-gradient":""},"tablet":{"background-color":"var(--ast-global-color-5)","background-image":"","background-repeat":"repeat","background-position":"center center","background-size":"auto","background-attachment":"scroll","background-type":"","background-media":"","overlay-type":"","overlay-color":"","overlay-opacity":"","overlay-gradient":""},"mobile":{"background-color":"var(--ast-global-color-5)","background-image":"","background-repeat":"repeat","background-position":"center center","background-size":"auto","background-attachment":"scroll","background-type":"","background-media":"","overlay-type":"","overlay-color":"","overlay-opacity":"","overlay-gradient":""}},"footnotes":""},"class_list":["post-2946","page","type-page","status-publish","hentry"],"_links":{"self":[{"href":"https:\/\/eazybackup.com\/de\/wp-json\/wp\/v2\/pages\/2946","targetHints":{"allow":["GET"]}}],"collection":[{"href":"https:\/\/eazybackup.com\/de\/wp-json\/wp\/v2\/pages"}],"about":[{"href":"https:\/\/eazybackup.com\/de\/wp-json\/wp\/v2\/types\/page"}],"author":[{"embeddable":true,"href":"https:\/\/eazybackup.com\/de\/wp-json\/wp\/v2\/users\/1"}],"replies":[{"embeddable":true,"href":"https:\/\/eazybackup.com\/de\/wp-json\/wp\/v2\/comments?post=2946"}],"version-history":[{"count":87,"href":"https:\/\/eazybackup.com\/de\/wp-json\/wp\/v2\/pages\/2946\/revisions"}],"predecessor-version":[{"id":6948,"href":"https:\/\/eazybackup.com\/de\/wp-json\/wp\/v2\/pages\/2946\/revisions\/6948"}],"wp:attachment":[{"href":"https:\/\/eazybackup.com\/de\/wp-json\/wp\/v2\/media?parent=2946"}],"curies":[{"name":"wp","href":"https:\/\/api.w.org\/{rel}","templated":true}]}}