{"id":24,"date":"2020-07-03T11:26:04","date_gmt":"2020-07-03T11:26:04","guid":{"rendered":"https:\/\/eazybackup.com\/?page_id=24"},"modified":"2024-07-08T12:35:31","modified_gmt":"2024-07-08T16:35:31","slug":"contact","status":"publish","type":"page","link":"https:\/\/eazybackup.com\/de\/contact\/","title":{"rendered":"Kontakt"},"content":{"rendered":"<h1>\n\t\tVerbindung mit dem eazyBackup-Team\n\t<\/h1>\n<h3>\n\t\tWie k\u00f6nnen wir helfen?\n\t<\/h3>\n\t<p>Schauen Sie sich unsere unten verlinkten, kundenorientierten Support-Ressourcen an. Wenn Sie nicht finden, wonach Sie suchen, stellen Sie eine Support-Anfrage.<\/p>\n\t\t\t<a href=\"tel:(888) 969-2016\" target=\"_self\" rel=\"noopener\">\n\t\t\t\t\t\t(888) 969-2016\n\t\t\t\t\t<\/a>\n\t\t\t<a href=\"tel:(613) 416-8885\" target=\"_self\" rel=\"noopener\">\n\t\t\t\t\t\t(613) 416-8885\n\t\t\t\t\t<\/a>\n\t\t\t\t<a href=\"https:\/\/accounts.eazybackup.ca\/supporttickets.php\" target=\"_self\" itemprop=\"url\" rel=\"noopener\">\n\t\t\t\t<img loading=\"lazy\" decoding=\"async\" src=\"https:\/\/eazybackup.com\/wp-content\/uploads\/2022\/07\/SUBMIT-REQUEST.svg\" alt=\"ANFRAGE STELLEN\" itemprop=\"image\" height=\"50\" width=\"50\" title=\"ANFRAGE STELLEN\" onerror=\"this.style.display='none'\"  \/>\n\t\t\t\t<\/a>\n\t\t<h4><a href=\"https:\/\/accounts.eazybackup.ca\/supporttickets.php\" target=\"_self\" rel=\"noopener\">Supportanfrage einreichen<\/a><\/h4>\t\t\n\t\t\t<p>Senden Sie eine Support-Anfrage f\u00fcr technische Fragen und erhalten Sie eine vorrangige Antwort.<\/p>\n\t\t\t\t<a href=\"https:\/\/docs.eazybackup.com\" target=\"_self\" itemprop=\"url\" rel=\"noopener\">\n\t\t\t\t<img loading=\"lazy\" decoding=\"async\" src=\"https:\/\/eazybackup.com\/wp-content\/uploads\/2022\/07\/knowledgebase.svg\" alt=\"Wissensdatenbank\" itemprop=\"image\" height=\"50\" width=\"50\" title=\"Wissensdatenbank\" onerror=\"this.style.display='none'\"  \/>\n\t\t\t\t<\/a>\n\t\t<h4><a href=\"https:\/\/docs.eazybackup.com\" target=\"_self\" rel=\"noopener\">Wissensdatenbank<\/a><\/h4>\t\t\n\t\t\t<p>Entdecken Sie eazyBackup Produkttutorials, Anleitungen und Artikel zur Fehlerbehebung.<\/p>\n\t\t\t\t<a href=\"https:\/\/eazybackup.com\/de\/online-backup-msp\/\" target=\"_self\" itemprop=\"url\" rel=\"noopener\">\n\t\t\t\t<img loading=\"lazy\" decoding=\"async\" src=\"https:\/\/eazybackup.com\/wp-content\/uploads\/2022\/07\/become-reseller.svg\" alt=\"Wiederverk\u00e4ufer werden\" itemprop=\"image\" height=\"50\" width=\"50\" title=\"Wiederverk\u00e4ufer werden\" onerror=\"this.style.display='none'\"  \/>\n\t\t\t\t<\/a>\n\t\t<h4><a href=\"https:\/\/eazybackup.com\/de\/online-backup-msp\/\" target=\"_self\" rel=\"noopener\">Wiederverk\u00e4ufer werden<\/a><\/h4>\t\t\n\t\t\t<p>Nehmen Sie noch heute an unserem Wiederverk\u00e4uferprogramm teil und steigern Sie Ihren Erfolg.<\/p>\n<h1>\n\t\tKontakt zu unserem Verkaufsteam\n\t<\/h1>\n\t<p>F\u00fcllen Sie dieses Formular aus, wenn Sie Unterst\u00fctzung bei der Migrationsplanung ben\u00f6tigen, ein Angebot anfordern oder Fragen zu Preisen und Produktfunktionen haben.<\/p>","protected":false},"excerpt":{"rendered":"<p>Connect With the eazyBackup Team How Can We Help? Check out our customer-focused support resources linked below. If you don&#8217;t find what you are looking for, open a support request. (888) 969-2016 (613) 416-8885 Submit Support Request Submit a support request for technical questions and receive a priority response. Knowledgebase Explore eazyBackup product tutorials, guides, [&hellip;]<\/p>","protected":false},"author":1,"featured_media":0,"parent":0,"menu_order":0,"comment_status":"closed","ping_status":"closed","template":"","meta":{"site-sidebar-layout":"no-sidebar","site-content-layout":"page-builder","ast-site-content-layout":"default","site-content-style":"default","site-sidebar-style":"default","ast-global-header-display":"","ast-banner-title-visibility":"","ast-main-header-display":"","ast-hfb-above-header-display":"","ast-hfb-below-header-display":"","ast-hfb-mobile-header-display":"","site-post-title":"disabled","ast-breadcrumbs-content":"disabled","ast-featured-img":"disabled","footer-sml-layout":"","theme-transparent-header-meta":"default","adv-header-id-meta":"","stick-header-meta":"","header-above-stick-meta":"","header-main-stick-meta":"","header-below-stick-meta":"","astra-migrate-meta-layouts":"default","ast-page-background-enabled":"default","ast-page-background-meta":{"desktop":{"background-color":"var(--ast-global-color-4)","background-image":"","background-repeat":"repeat","background-position":"center center","background-size":"auto","background-attachment":"scroll","background-type":"","background-media":"","overlay-type":"","overlay-color":"","overlay-opacity":"","overlay-gradient":""},"tablet":{"background-color":"","background-image":"","background-repeat":"repeat","background-position":"center center","background-size":"auto","background-attachment":"scroll","background-type":"","background-media":"","overlay-type":"","overlay-color":"","overlay-opacity":"","overlay-gradient":""},"mobile":{"background-color":"","background-image":"","background-repeat":"repeat","background-position":"center center","background-size":"auto","background-attachment":"scroll","background-type":"","background-media":"","overlay-type":"","overlay-color":"","overlay-opacity":"","overlay-gradient":""}},"ast-content-background-meta":{"desktop":{"background-color":"var(--ast-global-color-5)","background-image":"","background-repeat":"repeat","background-position":"center center","background-size":"auto","background-attachment":"scroll","background-type":"","background-media":"","overlay-type":"","overlay-color":"","overlay-opacity":"","overlay-gradient":""},"tablet":{"background-color":"var(--ast-global-color-5)","background-image":"","background-repeat":"repeat","background-position":"center center","background-size":"auto","background-attachment":"scroll","background-type":"","background-media":"","overlay-type":"","overlay-color":"","overlay-opacity":"","overlay-gradient":""},"mobile":{"background-color":"var(--ast-global-color-5)","background-image":"","background-repeat":"repeat","background-position":"center center","background-size":"auto","background-attachment":"scroll","background-type":"","background-media":"","overlay-type":"","overlay-color":"","overlay-opacity":"","overlay-gradient":""}},"footnotes":""},"class_list":["post-24","page","type-page","status-publish","hentry"],"_links":{"self":[{"href":"https:\/\/eazybackup.com\/de\/wp-json\/wp\/v2\/pages\/24","targetHints":{"allow":["GET"]}}],"collection":[{"href":"https:\/\/eazybackup.com\/de\/wp-json\/wp\/v2\/pages"}],"about":[{"href":"https:\/\/eazybackup.com\/de\/wp-json\/wp\/v2\/types\/page"}],"author":[{"embeddable":true,"href":"https:\/\/eazybackup.com\/de\/wp-json\/wp\/v2\/users\/1"}],"replies":[{"embeddable":true,"href":"https:\/\/eazybackup.com\/de\/wp-json\/wp\/v2\/comments?post=24"}],"version-history":[{"count":70,"href":"https:\/\/eazybackup.com\/de\/wp-json\/wp\/v2\/pages\/24\/revisions"}],"predecessor-version":[{"id":6737,"href":"https:\/\/eazybackup.com\/de\/wp-json\/wp\/v2\/pages\/24\/revisions\/6737"}],"wp:attachment":[{"href":"https:\/\/eazybackup.com\/de\/wp-json\/wp\/v2\/media?parent=24"}],"curies":[{"name":"wp","href":"https:\/\/api.w.org\/{rel}","templated":true}]}}