{"id":22,"date":"2020-07-03T11:25:54","date_gmt":"2020-07-03T11:25:54","guid":{"rendered":"https:\/\/eazybackup.com\/?page_id=22"},"modified":"2025-02-18T11:00:00","modified_gmt":"2025-02-18T16:00:00","slug":"cloud-backup-solution-for-msp","status":"publish","type":"page","link":"https:\/\/eazybackup.com\/de\/cloud-backup-solution-for-msp\/","title":{"rendered":"Wiederverk\u00e4ufer"},"content":{"rendered":"<h1>\n\t\tCloud-Backup-L\u00f6sung f\u00fcr MSPs und IT-Anbieter\n\t<\/h1>\n\t<p>eazyBackup bietet eine Cloud-Backup-L\u00f6sung, die speziell auf MSPs zugeschnitten ist.<\/p>\n<p>&nbsp;<\/p>\nWir bieten White-Label- und Private-Label-Versionen der Software an, mit denen Sie unsere Cloud-Backup-L\u00f6sung als Ihre eigene kennzeichnen k\u00f6nnen. Profitieren Sie von umfassenden Fernverwaltungs- und \u00dcberwachungsfunktionen, damit Sie die Daten Ihrer Kunden effizient verwalten und sch\u00fctzen k\u00f6nnen.<br \/>\n\n\t\t\t<a href=\"https:\/\/accounts.eazybackup.ca\/index.php?m=eazybackup&#038;a=signup\" target=\"_self\" rel=\"noopener\">\n\t\t\t\t\t\t\tKostenlos ausprobieren\n\t\t\t\t\t<\/a>\n\t\t\t\t<img loading=\"lazy\" decoding=\"async\" src=\"https:\/\/eazybackup.com\/wp-content\/uploads\/2022\/07\/features-banner.svg\" alt=\"Eigenschaften-Banner\" itemprop=\"image\" height=\"455\" width=\"444\" title=\"Eigenschaften-Banner\" onerror=\"this.style.display='none'\"  \/>\n\t\t\t\t<img loading=\"lazy\" decoding=\"async\" src=\"https:\/\/eazybackup.com\/wp-content\/uploads\/2024\/06\/automatic_backup.svg\" alt=\"automatische_Sicherung\" itemprop=\"image\" height=\"70\" width=\"70\" title=\"automatische_Sicherung\" onerror=\"this.style.display='none'\"  \/>\n<h2>\n\t\tFernverwaltung\n\t<\/h2>\n\t<p>Vollst\u00e4ndige Fernverwaltung und zentrale \u00dcberwachung aller Kundenkonten und Backups, einfache Verwaltung von Backups und \u00dcberwachung ihres Status aus der Ferne.<\/p>\n\t\t\t\t<img loading=\"lazy\" decoding=\"async\" src=\"https:\/\/eazybackup.com\/wp-content\/uploads\/2024\/06\/service_pricing.svg\" alt=\"dienstleistung_preisgestaltung\" itemprop=\"image\" height=\"70\" width=\"70\" title=\"dienstleistung_preisgestaltung\" onerror=\"this.style.display='none'\"  \/>\n<h2>\n\t\tKeine Vertr\u00e4ge\n\t<\/h2>\n\t<p>Als Managed Service Provider, IT-Berater, passen Sie perfekt in unser Programm. Genie\u00dfen Sie die Flexibilit\u00e4t ohne Vertr\u00e4ge oder Mindestverpflichtungen f\u00fcr Speicherplatz oder Anzahl der Konten.<\/p>\n\t\t\t\t<img loading=\"lazy\" decoding=\"async\" src=\"https:\/\/eazybackup.com\/wp-content\/uploads\/2024\/06\/data_protection.svg\" alt=\"daten_schutz\" itemprop=\"image\" height=\"70\" width=\"70\" title=\"daten_schutz\" onerror=\"this.style.display='none'\"  \/>\n<h2>\n\t\tEigenmarken-Software\n\t<\/h2>\n\t<p>Private Labeling m\u00f6glich, ideal f\u00fcr MSPs, die nicht wollen, dass ihre Kunden die Einzelhandelspreise auf unserer Website sehen.<\/p>\n\t\t\t\t<img loading=\"lazy\" decoding=\"async\" src=\"https:\/\/eazybackup.com\/wp-content\/uploads\/2022\/07\/Group-37252.svg\" alt=\"eazyBackup CGP-konform\" itemprop=\"image\" height=\"224\" width=\"271\" title=\"eazyBackup CGP-konform\" onerror=\"this.style.display='none'\"  \/>\n\t<h3>CGP-akkreditierte Datensicherheit<\/h3>\n\t<p>Unsere CGP-Akkreditierung kennzeichnet eazyBackup als vertrauensw\u00fcrdigen Marktf\u00fchrer im Bereich der sicheren Cloud-Speicherung, der die h\u00f6chsten Standards erf\u00fcllt, die f\u00fcr den Umgang mit sensiblen technischen Daten mit milit\u00e4rischer oder nationaler Sicherheitsrelevanz erforderlich sind. Wir verpflichten uns zur Einhaltung strenger Sicherheitsprotokolle, um die Integrit\u00e4t und Vertraulichkeit Ihrer wichtigen Daten zu gew\u00e4hrleisten.<\/p>\n<p><a href=\"https:\/\/eazybackup.com\/wp-content\/uploads\/2024\/05\/Certificate-of-Registration-Eazybackup-Systems-Ltd.pdf\"><strong>Unser Zertifikat ansehen<\/strong><\/a><\/p>\n\t\t\t\t<img loading=\"lazy\" decoding=\"async\" src=\"https:\/\/eazybackup.com\/wp-content\/uploads\/2022\/07\/eazyBackup-compliance.svg\" alt=\"eazyBackup-Konformit\u00e4t\" itemprop=\"image\" height=\"476\" width=\"469\" title=\"eazyBackup-Konformit\u00e4t\" onerror=\"this.style.display='none'\"  \/>\n\t<h3>eazyBackup Konformit\u00e4t<\/h3>\n\tKanadischer Cloud-Speicher mit eazyBackup, eingesetzt in<br \/>\nTier-III-Rechenzentren, die nach SOC 2 zertifiziert sind.\n<p>&nbsp;<\/p>\n<ul>\n<li>Vollst\u00e4ndige Ende-zu-Ende-Verschl\u00fcsselung, Dateien werden vor dem Senden oder Speichern immer mit einer starken AES-256bit-Verschl\u00fcsselung verschl\u00fcsselt.<\/li>\n<li>Unver\u00e4nderliche Backups mit Object Lock- und Versioning-Funktionen bieten zus\u00e4tzliche Schutzmechanismen, die sicherstellen, dass Ihre Daten auch bei Cyber-Angriffen sicher und wiederherstellbar bleiben.<\/li>\n<li>Zwei-Faktor-Authentifizierung verf\u00fcgbar, um Ihre Backups vor unbefugtem Zugriff zu sch\u00fctzen.<\/li>\n<li>Ein vom Kunden kontrollierter Verschl\u00fcsselungsschl\u00fcssel bedeutet, dass nur Sie Zugriff auf Ihre Daten haben, wodurch ein absoluter Datenschutz gew\u00e4hrleistet ist.<\/li>\n<\/ul>\n\t<h3>PIPEDA- und HIPAA-konforme Datensicherung<\/h3>\n\t<p>eazyBackup speichert und verwaltet elektronische Gesundheitsdaten in \u00dcbereinstimmung mit dem PIPEDA (Personal Information Protection and Electronic Documents Act) und dem HIPAA (Health Insurance Portability and Accountability Act). eazyBackup h\u00e4lt sich an bew\u00e4hrte Sicherheitspraktiken und -technologien, um die physische Sicherheit seiner Einrichtungen zu gew\u00e4hrleisten und den Datenschutz und die Integrit\u00e4t elektronischer Daten und digitaler Aufzeichnungen zu erhalten. Durch die Einhaltung dieser strengen gesetzlichen Anforderungen stellen wir sicher, dass personenbezogene Daten vor unbefugtem Zugriff, Verst\u00f6\u00dfen und anderen Sicherheitsbedrohungen gesch\u00fctzt sind.<\/p>\n\t\t\t\t<img loading=\"lazy\" decoding=\"async\" src=\"https:\/\/eazybackup.com\/wp-content\/uploads\/2022\/07\/personal-info.svg\" alt=\"pers\u00f6nliche Daten\" itemprop=\"image\" height=\"447\" width=\"447\" title=\"pers\u00f6nliche Daten\" onerror=\"this.style.display='none'\"  \/>\n<h2>\n\t\tVorteile unserer Cloud-Backup-L\u00f6sung\n\t<\/h2>\n\t\t\t\t<img loading=\"lazy\" decoding=\"async\" src=\"https:\/\/eazybackup.com\/wp-content\/uploads\/2024\/05\/tech_support_agent_icon.svg\" alt=\"tech_support_agent_icon\" itemprop=\"image\" height=\"220\" width=\"175\" title=\"tech_support_agent_icon\" onerror=\"this.style.display='none'\"  \/>\n<h6>Kanadischer technischer Support<\/h6>\t\t\n\t\t\t<p>Erleben Sie technischen Support der Spitzenklasse von unserem erfahrenen kanadischen Team. Mit schnellen Reaktionszeiten und fachkundiger Unterst\u00fctzung sorgt unser Team daf\u00fcr, dass Ihre Probleme schnell und effizient gel\u00f6st werden.<\/p>\n\t\t\t\t<img loading=\"lazy\" decoding=\"async\" src=\"https:\/\/eazybackup.com\/wp-content\/uploads\/2024\/06\/tech_support2.svg\" alt=\"tech_support2\" itemprop=\"image\" height=\"46\" width=\"38\" title=\"tech_support2\" onerror=\"this.style.display='none'\"  \/>\n<h6>Au\u00dfergew\u00f6hnlicher Kundenservice<\/h6>\t\t\n\t\t\t<p>Unsere engagierten Kundenbetreuer bieten einen pers\u00f6nlichen, telefonischen Kundenservice, der alle Ihre Anforderungen erf\u00fcllt. Genie\u00dfen Sie direkten, zuverl\u00e4ssigen Support von einem kanadischen Team, das Ihnen hilft, das Beste aus eazyBackup herauszuholen.<\/p>\n\t\t\t\t<img loading=\"lazy\" decoding=\"async\" src=\"https:\/\/eazybackup.com\/wp-content\/uploads\/2024\/06\/ransomware_protection.svg\" alt=\"ransomware_protection\" itemprop=\"image\" height=\"46\" width=\"49\" title=\"ransomware_protection\" onerror=\"this.style.display='none'\"  \/>\n<h6>Schutz vor Ransomware<\/h6>\t\t\n\t\t\t<p>Wir bieten robuste Sicherheitsfunktionen, darunter die Zwei-Faktor-Authentifizierung (2FA) und eine automatische Anwendungssperre, die Manipulationen verhindert. Dar\u00fcber hinaus bieten unsere fortschrittlichen Funktionen zur Objektsperrung und Versionierung zus\u00e4tzliche Schutzmechanismen, die sicherstellen, dass Ihre Daten auch bei Cyberangriffen sicher und wiederherstellbar bleiben.<\/p>\n\t\t\t\t<img loading=\"lazy\" decoding=\"async\" src=\"https:\/\/eazybackup.com\/wp-content\/uploads\/2024\/06\/data_encryption.svg\" alt=\"data_encryption\" itemprop=\"image\" height=\"38\" width=\"37\" title=\"data_encryption\" onerror=\"this.style.display='none'\"  \/>\n<h6>Starke automatische Verschl\u00fcsselung<\/h6>\t\t\n\t\t\t<p>eazyBackup verschl\u00fcsselt Benutzerdaten immer, bevor sie gespeichert oder \u00fcbertragen werden, und zwar mit starkem AES-256-CTR mit Poly1305 im AEAD-Modus mit Zufallsschl\u00fcsseln mit hoher Entropie. Die Verschl\u00fcsselung ist standardm\u00e4\u00dfig aktiviert und kann nicht deaktiviert werden.<\/p>\n\t\t\t\t<img loading=\"lazy\" decoding=\"async\" src=\"https:\/\/eazybackup.com\/wp-content\/uploads\/2024\/06\/remote_dashboard.svg\" alt=\"remote_dashboard\" itemprop=\"image\" height=\"123\" width=\"128\" title=\"remote_dashboard\" onerror=\"this.style.display='none'\"  \/>\n<h6>Verwaltung der Fernsicherung<\/h6>\t\t\n\t\t\t<p>Unser intuitives Dashboard bietet umfassende Fernverwaltungsfunktionen, mit denen Sie die volle Kontrolle \u00fcber Ihre Backup-Vorg\u00e4nge von jedem beliebigen Standort aus \u00fcbernehmen k\u00f6nnen.<\/p>\n\t\t\t\t<img loading=\"lazy\" decoding=\"async\" src=\"https:\/\/eazybackup.com\/wp-content\/uploads\/2024\/05\/backup_monitor_dashboard.svg\" alt=\"backup_monitor_dashboard\" itemprop=\"image\" height=\"112\" width=\"128\" title=\"backup_monitor_dashboard\" onerror=\"this.style.display='none'\"  \/>\n<h6>Status\u00fcberwachung in Echtzeit<\/h6>\t\t\n\t\t\t<p>Arbeiten Sie von einem einzigen Fenster aus, um den Live-Status aller Ihrer Backups auf einen Blick zu \u00fcberwachen. Zeigen Sie die Backup-Aktivit\u00e4ten in Echtzeit an, greifen Sie auf den Verlauf der Backup-Auftr\u00e4ge der letzten 24 Monate zu und \u00fcberpr\u00fcfen Sie ganz einfach die Nutzungsstatistiken.<\/p>\n<h3>\n\t\tHauptmerkmale unseres Cloud Backup Service\n\t<\/h3>\n\t\t\t\t<img loading=\"lazy\" decoding=\"async\" src=\"https:\/\/eazybackup.com\/wp-content\/uploads\/2024\/06\/file_folder_cloud_backup.svg\" alt=\"datei_ordner_wolken_backup\" itemprop=\"image\" height=\"47\" width=\"44\" title=\"datei_ordner_wolken_backup\" onerror=\"this.style.display='none'\"  \/>\n\t\t<h3>Dateien und Verzeichnisse<\/h3>\t\t\n\t\t\t<p>W\u00e4hlen Sie die Dateien\/Ordner aus, die Sie sch\u00fctzen m\u00f6chten, ohne Einschr\u00e4nkungen hinsichtlich Dateigr\u00f6\u00dfe oder -typ. Erstellen Sie benutzerdefinierte Zeitpl\u00e4ne, verwalten Sie die Datenaufbewahrung, und verwalten Sie Ihre Backups und Wiederherstellungen per Fernzugriff \u00fcber unser Bedienfeld.<\/p>\n\t\t\t\t<img loading=\"lazy\" decoding=\"async\" src=\"https:\/\/eazybackup.com\/wp-content\/uploads\/2024\/06\/disk_image_backup.svg\" alt=\"disk_image_backup\" itemprop=\"image\" height=\"27\" width=\"39\" title=\"disk_image_backup\" onerror=\"this.style.display='none'\"  \/>\n\t\t<h3>Disk Image Backups<\/h3>\t\t\n\t\t\t<p>F\u00fchren Sie vollst\u00e4ndige Backups ganzer Festplatten oder einzelner Partitionen durch und erm\u00f6glichen Sie so die Wiederherstellung eines Bare-Metal-Systems. Mehrere Wiederherstellungsoptionen, einschlie\u00dflich virtuellem Festplatten-Image und bootf\u00e4higem USB, gew\u00e4hrleisten eine schnelle und effiziente Wiederherstellung. <a href=\"https:\/\/eazybackup.com\/de\/windows-disk-image-backup-software\/\">Erfahren Sie mehr.<\/a><\/p>\n\t\t\t\t<img loading=\"lazy\" decoding=\"async\" src=\"https:\/\/eazybackup.com\/wp-content\/uploads\/2024\/06\/network_drive_backup.svg\" alt=\"netzwerk_laufwerk_backup\" itemprop=\"image\" height=\"46\" width=\"46\" title=\"netzwerk_laufwerk_backup\" onerror=\"this.style.display='none'\"  \/>\n\t\t<h3>Virtuelle Hyper-V-Maschinen<\/h3>\t\t\n\t\t\t<p>Sichern Sie Hyper-V-Gast-VMs ohne Ausfallzeiten. Unterst\u00fctzt Changed Block Tracking (CBT), um effiziente Backups durchzuf\u00fchren, indem nur Bl\u00f6cke einer virtuellen Festplatte gelesen werden, die seit dem letzten Backup-Auftrag ge\u00e4ndert wurden.<\/p>\n\t\t\t\t<img loading=\"lazy\" decoding=\"async\" src=\"https:\/\/eazybackup.com\/wp-content\/uploads\/2023\/11\/vmware.svg\" alt=\"VMware-Sicherung\" itemprop=\"image\" height=\"24\" width=\"24\" title=\"VMware-Sicherung\" onerror=\"this.style.display='none'\"  \/>\n\t\t<h3>Virtuelle Maschinen von VMware<\/h3>\t\t\n\t\t\t<p>Sichern Sie Ihre VMware vSphere-Umgebungen mit schnellen, sicheren und einfach wiederherzustellenden Backups, die sowohl kostenlose als auch kostenpflichtige ESXi-Lizenzen unterst\u00fctzen. Mit Changed Block Tracking (CBT) f\u00fcr deutlich verbesserte Leistung und Effizienz. F\u00fchren Sie Backups direkt von vCenter oder ESXi aus durch, und profitieren Sie von der Unterst\u00fctzung f\u00fcr In-VM-Quiescence auf unterst\u00fctzten Gastbetriebssystemen, um die Datenkonsistenz zu gew\u00e4hrleisten.<\/p>\n\t\t\t\t<img loading=\"lazy\" decoding=\"async\" src=\"https:\/\/eazybackup.com\/wp-content\/uploads\/2024\/06\/Microsoft_365_2022.svg\" alt=\"Microsoft 365 Sicherung\" itemprop=\"image\" height=\"44\" width=\"40\" title=\"Microsoft 365 Sicherung\" onerror=\"this.style.display='none'\"  \/>\n\t\t<h3>Microsoft 365 Sicherung<\/h3>\t\t\n\t\t\t<p>Sch\u00fctzen Sie Ihre kritischen Daten mit einer automatisierten Cloud-to-Cloud-L\u00f6sung auf Unternehmensniveau <a href=\"https:\/\/eazybackup.com\/de\/microsoft-365-backup-service\/\">Microsoft 365-Sicherung<\/a> f\u00fcr Mail, Kalender, Kontakte, Aufgaben, Gruppen, Teams, OneDrive und SharePoint. Vollst\u00e4ndig \u00fcber unser Control Panel verwaltet, keine Software zu installieren.<\/p>\n\t\t\t\t<img loading=\"lazy\" decoding=\"async\" src=\"https:\/\/eazybackup.com\/wp-content\/uploads\/2024\/06\/server-backup.svg\" alt=\"Server-Backup\" itemprop=\"image\" height=\"35\" width=\"39\" title=\"Server-Backup\" onerror=\"this.style.display='none'\"  \/>\n\t\t<h3>NAS &amp; Netzwerk-Laufwerke<\/h3>\t\t\n\t\t\t<p>Sichern Sie Dateien und Ordner von Netzwerkspeichern, einschlie\u00dflich UNC-Pfaden und NAS-Ger\u00e4ten, ohne Einschr\u00e4nkungen hinsichtlich Dateigr\u00f6\u00dfe oder -typ.<\/p>\n\t\t\t\t<img decoding=\"async\" src=\"https:\/\/eazybackup.com\/wp-content\/uploads\/2023\/11\/sqlserver.svg\" alt=\"SQL Server-Sicherung\" itemprop=\"image\" height=\"321.001\" width=\"292.96497\" title=\"SQL Server-Sicherung\" onerror=\"this.style.display='none'\"  \/>\n\t\t<h3>Datenbank-Sicherung<\/h3>\t\t\n\t\t\t<p>Erstellen Sie Live-Backups von Microsoft SQL Server, MySQL und MariaDB ohne Ausfallzeit.<\/p>\n\tDashboard in Echtzeit\n<h3>\n\t\tZentrale \u00dcberwachung\n\t<\/h3>\n\t<p>Arbeiten Sie von einem einzigen Fenster aus und \u00fcberwachen Sie den Live-Status aller Ihrer Backups auf einen Blick.<\/p>\n<p>&nbsp;<\/p>\n<ul>\n<li>Echtzeit-Backup-Aktivit\u00e4ten anzeigen<\/li>\n<li>Alle Sicherungsauftr\u00e4ge der letzten 24 Monate<\/li>\n<li>Nutzungsstatistiken \u00fcberwachen<\/li>\n<\/ul>\n\t\t\t\t<img loading=\"lazy\" decoding=\"async\" src=\"https:\/\/eazybackup.com\/wp-content\/uploads\/2024\/05\/eazyBackup_Control_Panel_img.png\" alt=\"eazyBackup_Control_Panel_img\" itemprop=\"image\" height=\"876\" width=\"1565\" title=\"eazyBackup_Control_Panel_img\" onerror=\"this.style.display='none'\"  \/>\n\t\t\t\t<img loading=\"lazy\" decoding=\"async\" src=\"https:\/\/eazybackup.com\/wp-content\/uploads\/2024\/05\/eazyBackup_remote_backup_dashboard.png\" alt=\"eazyBackup_remote_backup_dashboard\" itemprop=\"image\" height=\"967\" width=\"1576\" title=\"eazyBackup_remote_backup_dashboard\" onerror=\"this.style.display='none'\"  \/>\n<h3>\n\t\tVerwaltung der Fernsicherung\n\t<\/h3>\n\tUnser intuitives Dashboard bietet umfassende Remote-Management-Funktionen, mit denen Sie die volle Kontrolle \u00fcber Ihre Backup-Vorg\u00e4nge \u00fcbernehmen k\u00f6nnen.<br \/>\n\u00a0\n<ul>\n<li>Erstellen und Verwalten von Sicherungsauftr\u00e4gen<\/li>\n<li>Sicherungszeitpl\u00e4ne verwalten<\/li>\n<li>Manuelles Starten\/Stoppen von Sicherungsauftr\u00e4gen<\/li>\n<li>\u00dcberpr\u00fcfung des Verlaufs der Sicherungsaktivit\u00e4ten<\/li>\n<li>Wiederherstellen von Backups auf angeschlossenen Ger\u00e4ten<\/li>\n<li>Testwiederherstellungen durchf\u00fchren<\/li>\n<li>Ger\u00e4tezustand und -status \u00fcberwachen<\/li>\n<li>Konfigurieren Sie Alarme und Benachrichtigungen<\/li>\n<\/ul>\n\t\t\t\t<img loading=\"lazy\" decoding=\"async\" src=\"https:\/\/eazybackup.com\/wp-content\/uploads\/2024\/06\/obc_white_label_backup_dashboard.png\" alt=\"obc_white_label_backup_dashboard\" itemprop=\"image\" height=\"690\" width=\"1405\" title=\"obc_white_label_backup_dashboard\" onerror=\"this.style.display='none'\"  \/>\n\t<h3>Dedizierter Backup-Server mit White-Label-Branding<\/h3>\n\t<p>Verbessern Sie Ihre Backup-Services mit unserem leistungsstarken und flexiblen Backup-Server, der speziell f\u00fcr MSPs entwickelt wurde. Profitieren Sie von fortschrittlichen Funktionen und der M\u00f6glichkeit, Ihr eigenes Branding zu verwenden, um eine nahtlose und professionelle Erfahrung f\u00fcr Ihre Kunden zu gew\u00e4hrleisten.<\/p>\n<ul>\n<li><strong>Zentralisierte Kontof\u00fchrung:<\/strong> Verwalten Sie alle Ihre Kundenkonten \u00fcber eine einzige, intuitive Schnittstelle.<\/li>\n<li><strong>Remote Backup Management:<\/strong> \u00dcbernehmen Sie die Kontrolle \u00fcber Backup-Auftr\u00e4ge aus der Ferne und profitieren Sie von Komfort und Flexibilit\u00e4t.<\/li>\n<li><strong>Umfassende Backup-\u00dcberwachung:<\/strong> \u00dcberpr\u00fcfen Sie den Verlauf und den Zustand von Sicherungsauftr\u00e4gen, um die Integrit\u00e4t und Zuverl\u00e4ssigkeit der Daten sicherzustellen.<\/li>\n<li><strong>White Label Branding:<\/strong> Passen Sie den Backup-Server und die Client-Software mit Ihrem eigenen Branding an und sorgen Sie so f\u00fcr ein einheitliches und professionelles Erscheinungsbild, das zu Ihrem Unternehmen passt.<\/li>\n<li><strong>Kundenkontrollzentrum:<\/strong> Stellen Sie Ihren Kunden ein eigenes Login zur Verf\u00fcgung, mit dem sie ihre Backups und Ger\u00e4te \u00fcber ein spezielles Bedienfeld verwalten k\u00f6nnen.<\/li>\n<\/ul>\n<h3>\n\t\tS3-kompatibler Cloud-Speicher f\u00fcr MSPs\n\t<\/h3>\n\t<ul>\n<li><strong>Das Programm f\u00fcr kontrollierte Waren (CGP) ist akkreditiert:<\/strong> Unser Lagerungsdienst ist f\u00fcr den Umgang mit kontrollierten Waren zertifiziert und damit die ideale Wahl f\u00fcr Kunden mit strengen Sicherheitsanforderungen.<\/li>\n<li><strong>HIPAA- und PIPEDA-konform:<\/strong> Wir legen gro\u00dfen Wert auf Datenschutz und Privatsph\u00e4re und stellen sicher, dass unser Speicherservice die HIPAA- und PIPEDA-Vorschriften erf\u00fcllt. Geeignet f\u00fcr Kunden aus dem Gesundheitswesen, dem Rechtswesen und anderen sensiblen Branchen.<\/li>\n<li><strong>Kanadischer Datenaufenthalt:<\/strong> Alle Daten werden in Kanada gespeichert, so dass Kunden, die die kanadischen Gesetze zur Datensouver\u00e4nit\u00e4t einhalten m\u00fcssen, beruhigt sein k\u00f6nnen.<\/li>\n<\/ul>\n\t\t\t\t<img loading=\"lazy\" decoding=\"async\" src=\"https:\/\/eazybackup.com\/wp-content\/uploads\/2024\/05\/s3_compatible_storage_dashboard.png\" alt=\"s3_kompatibel_speicher_dashboard\" itemprop=\"image\" height=\"756\" width=\"1570\" title=\"s3_kompatibel_speicher_dashboard\" onerror=\"this.style.display='none'\"  \/>\n<h2>\n\t\tVeeam\u00ae Sicherung &amp; Replikation\n\t<\/h2>\n\t<p>Unser S3-kompatibler Cloud-Storage-Service ist so konzipiert, dass er sich nahtlos in Veeam Backup &amp; Replication integrieren l\u00e4sst und Managed Service Providern (MSPs) eine leistungsstarke, effiziente und kosteng\u00fcnstige Backup-L\u00f6sung bietet. Durch die Nutzung unseres Speicherservices k\u00f6nnen Sie Ihren Kunden Direct-to-Cloud-Backups anbieten, die die Integrit\u00e4t und Zug\u00e4nglichkeit der Daten gew\u00e4hrleisten.<\/p>\n<ul>\n<li><strong>Direct-to-Cloud-Backups:<\/strong> Nutzen Sie unseren S3-kompatiblen Objektspeicher f\u00fcr Direct-to-Cloud-Backups mit Veeam, wodurch der Bedarf an Zwischenspeichern entf\u00e4llt und Ihre Backup-Prozesse rationalisiert werden.<\/li>\n<li><strong>Hohe Leistung:<\/strong> Erleben Sie Hochgeschwindigkeitsdaten\u00fcbertragung und -abruf und stellen Sie sicher, dass Backups schnell und effizient durchgef\u00fchrt werden, um Ausfallzeiten und Unterbrechungen zu minimieren.<\/li>\n<li><strong>Kosteneffizienz:<\/strong> Profitieren Sie von unserem erschwinglichen Preismodell, das es MSPs erleichtert, ihre Kosten zu verwalten und gleichzeitig ihren Kunden erstklassige Backup-Services anzubieten.<\/li>\n<\/ul>\n<p>&nbsp;<\/p>\n\t\t\t\t<img loading=\"lazy\" decoding=\"async\" src=\"https:\/\/onlinebackupcanada.ca\/wp-content\/uploads\/veeam-backup-s3-compatible-cloud-storage.webp\" alt=\"veeam-backup-s3-kompatibler-cloud-speicher\" itemprop=\"image\" height=\"1137\" width=\"1739\" title=\"veeam-backup-s3-kompatibler-cloud-speicher\" onerror=\"this.style.display='none'\"  \/>\n\t<p>Wie k\u00f6nnen wir Ihnen helfen?<\/p>\n\t<p>Kontakt zu eazyBackup<\/p>\n\t<p>Setzen Sie sich mit uns in Verbindung, wenn Sie Vertriebsunterst\u00fctzung, Hilfe bei der Bereitstellung, technische Fragen oder Demoanfragen ben\u00f6tigen - wir sind f\u00fcr Sie da.<\/p>\n\t<p>Mit der Angabe Ihrer E-Mail-Adresse erkl\u00e4ren Sie sich mit unserer <a href=\"https:\/\/eazybackup.com\/de\/privacy\/\">Datenschutzbestimmungen<\/a> und Cookie-Richtlinie.<\/p>\n\t\t\t\t<img loading=\"lazy\" decoding=\"async\" src=\"https:\/\/eazybackup.com\/wp-content\/uploads\/2022\/07\/get-started-box-img.png\" alt=\"get-started-box-img\" itemprop=\"image\" height=\"407\" width=\"463\" title=\"get-started-box-img\" onerror=\"this.style.display='none'\"  \/>\n<h3>\n\t\tStarten Sie in Sekundenschnelle\n\t<\/h3>\n\t<p>14 Tage Probezeit. Keine Kreditkarte erforderlich.<\/p>\n\t\t\t<a href=\"https:\/\/accounts.eazybackup.ca\/index.php?m=eazybackup&#038;a=signup\" target=\"_self\" rel=\"noopener\">\n\t\t\t\t\t\t\teazyBackup kostenlos testen\n\t\t\t\t\t<\/a>","protected":false},"excerpt":{"rendered":"<p>Cloud Backup Solution for MSPs and IT Providers eazyBackup provides a cloud backup solution tailored specifically for MSPs. &nbsp; We provide white label and private label versions of the software allowing you to brand our cloud backup solution as your own. Benefit from comprehensive remote management and monitoring capabilities, ensuring you can efficiently manage and [&hellip;]<\/p>","protected":false},"author":1,"featured_media":0,"parent":0,"menu_order":0,"comment_status":"closed","ping_status":"closed","template":"","meta":{"site-sidebar-layout":"no-sidebar","site-content-layout":"page-builder","ast-site-content-layout":"default","site-content-style":"default","site-sidebar-style":"default","ast-global-header-display":"","ast-banner-title-visibility":"","ast-main-header-display":"","ast-hfb-above-header-display":"","ast-hfb-below-header-display":"","ast-hfb-mobile-header-display":"","site-post-title":"disabled","ast-breadcrumbs-content":"disabled","ast-featured-img":"disabled","footer-sml-layout":"","theme-transparent-header-meta":"default","adv-header-id-meta":"","stick-header-meta":"","header-above-stick-meta":"","header-main-stick-meta":"","header-below-stick-meta":"","astra-migrate-meta-layouts":"default","ast-page-background-enabled":"default","ast-page-background-meta":{"desktop":{"background-color":"var(--ast-global-color-4)","background-image":"","background-repeat":"repeat","background-position":"center center","background-size":"auto","background-attachment":"scroll","background-type":"","background-media":"","overlay-type":"","overlay-color":"","overlay-opacity":"","overlay-gradient":""},"tablet":{"background-color":"","background-image":"","background-repeat":"repeat","background-position":"center center","background-size":"auto","background-attachment":"scroll","background-type":"","background-media":"","overlay-type":"","overlay-color":"","overlay-opacity":"","overlay-gradient":""},"mobile":{"background-color":"","background-image":"","background-repeat":"repeat","background-position":"center center","background-size":"auto","background-attachment":"scroll","background-type":"","background-media":"","overlay-type":"","overlay-color":"","overlay-opacity":"","overlay-gradient":""}},"ast-content-background-meta":{"desktop":{"background-color":"var(--ast-global-color-5)","background-image":"","background-repeat":"repeat","background-position":"center center","background-size":"auto","background-attachment":"scroll","background-type":"","background-media":"","overlay-type":"","overlay-color":"","overlay-opacity":"","overlay-gradient":""},"tablet":{"background-color":"var(--ast-global-color-5)","background-image":"","background-repeat":"repeat","background-position":"center center","background-size":"auto","background-attachment":"scroll","background-type":"","background-media":"","overlay-type":"","overlay-color":"","overlay-opacity":"","overlay-gradient":""},"mobile":{"background-color":"var(--ast-global-color-5)","background-image":"","background-repeat":"repeat","background-position":"center center","background-size":"auto","background-attachment":"scroll","background-type":"","background-media":"","overlay-type":"","overlay-color":"","overlay-opacity":"","overlay-gradient":""}},"footnotes":""},"class_list":["post-22","page","type-page","status-publish","hentry"],"_links":{"self":[{"href":"https:\/\/eazybackup.com\/de\/wp-json\/wp\/v2\/pages\/22","targetHints":{"allow":["GET"]}}],"collection":[{"href":"https:\/\/eazybackup.com\/de\/wp-json\/wp\/v2\/pages"}],"about":[{"href":"https:\/\/eazybackup.com\/de\/wp-json\/wp\/v2\/types\/page"}],"author":[{"embeddable":true,"href":"https:\/\/eazybackup.com\/de\/wp-json\/wp\/v2\/users\/1"}],"replies":[{"embeddable":true,"href":"https:\/\/eazybackup.com\/de\/wp-json\/wp\/v2\/comments?post=22"}],"version-history":[{"count":134,"href":"https:\/\/eazybackup.com\/de\/wp-json\/wp\/v2\/pages\/22\/revisions"}],"predecessor-version":[{"id":6893,"href":"https:\/\/eazybackup.com\/de\/wp-json\/wp\/v2\/pages\/22\/revisions\/6893"}],"wp:attachment":[{"href":"https:\/\/eazybackup.com\/de\/wp-json\/wp\/v2\/media?parent=22"}],"curies":[{"name":"wp","href":"https:\/\/api.w.org\/{rel}","templated":true}]}}