{"id":2176,"date":"2020-10-03T13:26:46","date_gmt":"2020-10-03T13:26:46","guid":{"rendered":"https:\/\/eazybackup.com\/?page_id=2176"},"modified":"2025-08-04T12:02:57","modified_gmt":"2025-08-04T16:02:57","slug":"windows-disk-image-backup-software","status":"publish","type":"page","link":"https:\/\/eazybackup.com\/de\/windows-disk-image-backup-software\/","title":{"rendered":"Windows Disk Image Backup Software"},"content":{"rendered":"<h1>\n\t\tDisk Image Backups\n\t<\/h1>\n\t\t\t\t<img loading=\"lazy\" decoding=\"async\" src=\"https:\/\/eazybackup.com\/wp-content\/uploads\/2022\/07\/disk-img-cloning.svg\" alt=\"disk-img-klonen\" itemprop=\"image\" height=\"50\" width=\"50\" title=\"disk-img-klonen\" onerror=\"this.style.display='none'\"  \/>\n\t\t<h4>Disk-Image und Disk-Klonen<\/h4>\t\t\n\t\t\t<p>Erstellen von Images ganzer Festplatten oder einzelner Partitionen<\/p>\n\t\t\t\t<img loading=\"lazy\" decoding=\"async\" src=\"https:\/\/eazybackup.com\/wp-content\/uploads\/2022\/07\/bare-metal.svg\" alt=\"Bare-Metal\" itemprop=\"image\" height=\"50\" width=\"50\" title=\"Bare-Metal\" onerror=\"this.style.display='none'\"  \/>\n\t\t<h4>Bare-Metal-Systemwiederherstellung<\/h4>\t\t\n\t\t\t<p>Wiederherstellung direkt aus der Cloud auf Ihrer Festplatte mit unserem bootf\u00e4higen USB-Dienstprogramm<\/p>\n\t\t\t\t<img loading=\"lazy\" decoding=\"async\" src=\"https:\/\/eazybackup.com\/wp-content\/uploads\/2022\/07\/local-cloud-storage.svg\" alt=\"local-cloud-storage\" itemprop=\"image\" height=\"50\" width=\"50\" title=\"local-cloud-storage\" onerror=\"this.style.display='none'\"  \/>\n\t\t<h4>Lokale, Cloud- oder Hybrid-Cloud-Sicherung<\/h4>\t\t\n\t\t\t<p>Sichern Sie Ihre Daten auf einer lokalen Festplatte, senden Sie sie in die Cloud oder beides<\/p>\n\tDisk ImageBackup\n<h2>\n\t\tSicherung vor Ort oder direkt in der Cloud\n\t<\/h2>\n\t<p>Sch\u00fctzen Sie Ihr Disk-Image-Backup \u00fcber mehrere Zielorte f\u00fcr die ultimative Redundanz. Planen Sie Sicherungen auf einer internen Festplatte, USB-Festplatten und NAS-Ger\u00e4ten.<\/p>\n\t\t\t\t<img loading=\"lazy\" decoding=\"async\" src=\"https:\/\/eazybackup.com\/wp-content\/uploads\/2022\/07\/workshop-server-backup.png\" alt=\"workshop-server-backup\" itemprop=\"image\" height=\"467\" width=\"645\" title=\"workshop-server-backup\" onerror=\"this.style.display='none'\"  \/>\n\t\t\t\t<img decoding=\"async\" src=\"https:\/\/eazybackup.com\/wp-content\/uploads\/2022\/07\/backup-direct-cloud.svg\" alt=\"\" itemprop=\"image\" onerror=\"this.style.display='none'\"  \/>\n\tDisk ImageBackup\n<h2>\n\t\tDirektes Backup in die Cloud\n\t<\/h2>\n\t<p>Sichern Sie direkt auf Ihrem Cloud-Speicher-Konto, ohne lokalen Spool-Speicherplatz zu ben\u00f6tigen. W\u00e4hlen Sie ein oder mehrere Ziele aus. W\u00e4hlen Sie aus eazyBackup, Amazon S3, Azure, Google Cloud Storage, Wasabi und BackBlaze B2...<\/p>\n<h2>\n\t\tMehrere Wiederherstellungsoptionen\n\t<\/h2>\n\tSch\u00fctzen Sie Ihre Dateien vor Datenverlust und Ransomware mit einem automatischen, verschl\u00fcsselten Backup f\u00fcr<br \/>\ndie Remote- und Hybrid-Arbeitskr\u00e4fte.\n\t\t\t\t<img loading=\"lazy\" decoding=\"async\" src=\"https:\/\/eazybackup.com\/wp-content\/uploads\/2022\/07\/bootable-usb.svg\" alt=\"bootf\u00e4hig-usb\" itemprop=\"image\" height=\"59\" width=\"29\" title=\"bootf\u00e4hig-usb\" onerror=\"this.style.display='none'\"  \/>\n<h4>\n\t\tBootf\u00e4hige USB-Wiederherstellung\n\t<\/h4>\n\t<p>Die eazyBackup-Anwendung erm\u00f6glicht es Ihnen, USB-Wiederherstellungsmedien auf der Grundlage der Windows-Wiederherstellungsumgebung zu erstellen.<\/p>\n\t\t\t\t<img loading=\"lazy\" decoding=\"async\" src=\"https:\/\/eazybackup.com\/wp-content\/uploads\/2022\/07\/baremetal-recovery.svg\" alt=\"baremetal-recovery\" itemprop=\"image\" height=\"56\" width=\"53\" title=\"baremetal-recovery\" onerror=\"this.style.display='none'\"  \/>\n<h4>\n\t\tBare-Metal-Wiederherstellung\n\t<\/h4>\n\t<p>Booten Sie mit unserem USB-Wiederherstellungstool und stellen Sie die Daten direkt vom Cloud-Speicher auf einem physischen Ger\u00e4t wieder her.<\/p>\n\t\t\t\t<img loading=\"lazy\" decoding=\"async\" src=\"https:\/\/eazybackup.com\/wp-content\/uploads\/2022\/07\/virtualbox.svg\" alt=\"virtualbox\" itemprop=\"image\" height=\"61\" width=\"60\" title=\"virtualbox\" onerror=\"this.style.display='none'\"  \/>\n<h4>\n\t\tWiederherstellung auf virtueller Festplatte\n\t<\/h4>\n\t<p>Stellen Sie Ihr Festplatten-Image als virtuelle Festplatten-Image-Dateien (.vmdk) wieder her und booten Sie in VirtualBox oder Hyper-V.<\/p>\n<h2>\n\t\tDedupliziert, komprimiert und verschl\u00fcsselt\n\t<\/h2>\n\t<p>Egal, ob Sie gerade erst anfangen oder eine etablierte Agentur haben, unsere Preise passen sich Ihrem Wachstum an.<\/p>\n\t\t\t\t<img loading=\"lazy\" decoding=\"async\" src=\"https:\/\/eazybackup.com\/wp-content\/uploads\/2022\/07\/deduplication.svg\" alt=\"Deduplizierung\" itemprop=\"image\" height=\"43\" width=\"42\" title=\"Deduplizierung\" onerror=\"this.style.display='none'\"  \/>\n<h6>\n\t\tDeduplizierung\n\t<\/h6>\n\t<p>Client-seitige Deduplizierung sorgt f\u00fcr schnelle, platzsparende und bandbreiteneffiziente Backups.<\/p>\n\t\t\t\t<img loading=\"lazy\" decoding=\"async\" src=\"https:\/\/eazybackup.com\/wp-content\/uploads\/2022\/07\/retention.svg\" alt=\"Selbstbehalt\" itemprop=\"image\" height=\"35\" width=\"34\" title=\"Selbstbehalt\" onerror=\"this.style.display='none'\"  \/>\n<h6>\n\t\tUneingeschr\u00e4nkter Selbstbehalt\n\t<\/h6>\n\t<p>Behalten Sie alle Ihre Daten f\u00fcr immer und stellen Sie Ihren \u00e4ltesten Schnappschuss so schnell wieder her wie Ihren neuesten.<\/p>\n\t\t\t\t<img loading=\"lazy\" decoding=\"async\" src=\"https:\/\/eazybackup.com\/wp-content\/uploads\/2022\/07\/re-uploads.svg\" alt=\"neu hochgeladen\" itemprop=\"image\" height=\"33\" width=\"26\" title=\"neu hochgeladen\" onerror=\"this.style.display='none'\"  \/>\n<h6>\n\t\tKein erneutes Hochladen von Vollbildern\n\t<\/h6>\n\t<p>F\u00fchren Sie die Sicherung einmal durch, und Sie m\u00fcssen die vollst\u00e4ndige Datei nie wieder hochladen.<\/p>\n\t\t\t\t<img loading=\"lazy\" decoding=\"async\" src=\"https:\/\/eazybackup.com\/wp-content\/uploads\/2022\/07\/data-encryption.svg\" alt=\"Datenverschl\u00fcsselung\" itemprop=\"image\" height=\"38\" width=\"37\" title=\"Datenverschl\u00fcsselung\" onerror=\"this.style.display='none'\"  \/>\n<h6>\n\t\tKomprimiert und verschl\u00fcsselt\n\t<\/h6>\n\t<p>Starke Ende-zu-Ende-Verschl\u00fcsselung. Dateien werden immer komprimiert und verschl\u00fcsselt, bevor sie gesendet oder gespeichert werden, wobei AES-256 verwendet wird.<\/p>\n\t\t\t\t<img loading=\"lazy\" decoding=\"async\" src=\"https:\/\/eazybackup.com\/wp-content\/uploads\/2022\/07\/phone.png\" alt=\"Telefon\" itemprop=\"image\" height=\"77\" width=\"76\" title=\"Telefon\" onerror=\"this.style.display='none'\"  \/>\n\t<h3><strong>Kontakt<\/strong> zur Unterst\u00fctzung<\/h3>\n\t<p>Ben\u00f6tigen Sie ein Angebot? Informieren Sie uns \u00fcber Ihre Computer und Speicheranforderungen.<\/p>\n\t\t\t<a href=\"tel:(888) 969-2016\" target=\"_self\" rel=\"noopener\">\n\t\t\t\t\t\t(888) 969-2016\n\t\t\t\t\t<\/a>\n\t[fc id=&#8217;9&#8242;][\/fc]","protected":false},"excerpt":{"rendered":"<p>Disk Image Backups Disk Image and Disk Cloning Create images of entire disks or individual partitions Bare-metal System Recovery Restore direct from cloud to your disk with our bootable USB utility Local, Cloud, or Hybrid Cloud Backup Back up to a local disk, send your data to the cloud, or both Disk ImageBackup Backup On-site [&hellip;]<\/p>","protected":false},"author":1,"featured_media":0,"parent":0,"menu_order":0,"comment_status":"closed","ping_status":"closed","template":"","meta":{"site-sidebar-layout":"no-sidebar","site-content-layout":"page-builder","ast-site-content-layout":"default","site-content-style":"default","site-sidebar-style":"default","ast-global-header-display":"","ast-banner-title-visibility":"","ast-main-header-display":"disabled","ast-hfb-above-header-display":"","ast-hfb-below-header-display":"","ast-hfb-mobile-header-display":"","site-post-title":"disabled","ast-breadcrumbs-content":"disabled","ast-featured-img":"","footer-sml-layout":"","theme-transparent-header-meta":"default","adv-header-id-meta":"","stick-header-meta":"","header-above-stick-meta":"","header-main-stick-meta":"","header-below-stick-meta":"","astra-migrate-meta-layouts":"default","ast-page-background-enabled":"default","ast-page-background-meta":{"desktop":{"background-color":"var(--ast-global-color-4)","background-image":"","background-repeat":"repeat","background-position":"center center","background-size":"auto","background-attachment":"scroll","background-type":"","background-media":"","overlay-type":"","overlay-color":"","overlay-opacity":"","overlay-gradient":""},"tablet":{"background-color":"","background-image":"","background-repeat":"repeat","background-position":"center center","background-size":"auto","background-attachment":"scroll","background-type":"","background-media":"","overlay-type":"","overlay-color":"","overlay-opacity":"","overlay-gradient":""},"mobile":{"background-color":"","background-image":"","background-repeat":"repeat","background-position":"center center","background-size":"auto","background-attachment":"scroll","background-type":"","background-media":"","overlay-type":"","overlay-color":"","overlay-opacity":"","overlay-gradient":""}},"ast-content-background-meta":{"desktop":{"background-color":"var(--ast-global-color-5)","background-image":"","background-repeat":"repeat","background-position":"center center","background-size":"auto","background-attachment":"scroll","background-type":"","background-media":"","overlay-type":"","overlay-color":"","overlay-opacity":"","overlay-gradient":""},"tablet":{"background-color":"var(--ast-global-color-5)","background-image":"","background-repeat":"repeat","background-position":"center center","background-size":"auto","background-attachment":"scroll","background-type":"","background-media":"","overlay-type":"","overlay-color":"","overlay-opacity":"","overlay-gradient":""},"mobile":{"background-color":"var(--ast-global-color-5)","background-image":"","background-repeat":"repeat","background-position":"center center","background-size":"auto","background-attachment":"scroll","background-type":"","background-media":"","overlay-type":"","overlay-color":"","overlay-opacity":"","overlay-gradient":""}},"footnotes":""},"class_list":["post-2176","page","type-page","status-publish","hentry"],"_links":{"self":[{"href":"https:\/\/eazybackup.com\/de\/wp-json\/wp\/v2\/pages\/2176","targetHints":{"allow":["GET"]}}],"collection":[{"href":"https:\/\/eazybackup.com\/de\/wp-json\/wp\/v2\/pages"}],"about":[{"href":"https:\/\/eazybackup.com\/de\/wp-json\/wp\/v2\/types\/page"}],"author":[{"embeddable":true,"href":"https:\/\/eazybackup.com\/de\/wp-json\/wp\/v2\/users\/1"}],"replies":[{"embeddable":true,"href":"https:\/\/eazybackup.com\/de\/wp-json\/wp\/v2\/comments?post=2176"}],"version-history":[{"count":42,"href":"https:\/\/eazybackup.com\/de\/wp-json\/wp\/v2\/pages\/2176\/revisions"}],"predecessor-version":[{"id":6934,"href":"https:\/\/eazybackup.com\/de\/wp-json\/wp\/v2\/pages\/2176\/revisions\/6934"}],"wp:attachment":[{"href":"https:\/\/eazybackup.com\/de\/wp-json\/wp\/v2\/media?parent=2176"}],"curies":[{"name":"wp","href":"https:\/\/api.w.org\/{rel}","templated":true}]}}