{"id":20,"date":"2020-07-03T11:25:41","date_gmt":"2020-07-03T11:25:41","guid":{"rendered":"https:\/\/eazybackup.com\/?page_id=20"},"modified":"2025-05-26T15:26:17","modified_gmt":"2025-05-26T19:26:17","slug":"features","status":"publish","type":"page","link":"https:\/\/eazybackup.com\/de\/features\/","title":{"rendered":"Eigenschaften"},"content":{"rendered":"<h1>\n\t\tAlles unter Windows und macOS sichern und wiederherstellen\n\t<\/h1>\n\t<p>Erleben Sie einen Online-Backup-Service, der pure Leistung mit kompromissloser Sicherheit und branchenf\u00fchrender Software bietet<\/p>\n\t\t\t<a href=\"https:\/\/eazybackup.com\/de\/pricing\/\" target=\"_self\" rel=\"noopener\">\n\t\t\t\t\t\t\tPl\u00e4ne ansehen\n\t\t\t\t\t<\/a>\n\t\t\t\t<img loading=\"lazy\" decoding=\"async\" src=\"https:\/\/eazybackup.com\/wp-content\/uploads\/2022\/07\/features-banner.svg\" alt=\"Eigenschaften-Banner\" itemprop=\"image\" height=\"455\" width=\"444\" title=\"Eigenschaften-Banner\" onerror=\"this.style.display='none'\"  \/>\n\t\t\t\t<img loading=\"lazy\" decoding=\"async\" src=\"https:\/\/eazybackup.com\/wp-content\/uploads\/2022\/07\/Frame.png\" alt=\"Rahmen\" itemprop=\"image\" height=\"70\" width=\"70\" title=\"Rahmen\" onerror=\"this.style.display='none'\"  \/>\n<h2>\n\t\tAutomatisch\n\t<\/h2>\n\t<p>Planen Sie automatische Backups f\u00fcr Ihre PCs, Server und Netzwerkger\u00e4te<\/p>\n\t\t\t\t<img loading=\"lazy\" decoding=\"async\" src=\"https:\/\/eazybackup.com\/wp-content\/uploads\/2022\/07\/Group-37187.png\" alt=\"Gruppe 37187\" itemprop=\"image\" height=\"70\" width=\"70\" title=\"Gruppe 37187\" onerror=\"this.style.display='none'\"  \/>\n<h2>\n\t\tErschwinglich\n\t<\/h2>\n\t<p>Kanadischer Cloud-Speicher unterst\u00fctzt von eazyBackup<\/p>\n\t\t\t\t<img loading=\"lazy\" decoding=\"async\" src=\"https:\/\/eazybackup.com\/wp-content\/uploads\/2022\/07\/Frame1.png\" alt=\"Rahmen(1)\" itemprop=\"image\" height=\"70\" width=\"70\" title=\"Rahmen(1)\" onerror=\"this.style.display='none'\"  \/>\n<h2>\n\t\tSchutz\n\t<\/h2>\n\t<p>Sichern Sie Ihre Daten in Kanada mit AES-256bit-Verschl\u00fcsselung und 2FA<\/p>\n\tIhre sensibelsten Daten\n<h2>\n\t\tSchnelles, sicheres, verschl\u00fcsseltes Backup f\u00fcr\n\t<\/h2>\n\t\t\t\t<img loading=\"lazy\" decoding=\"async\" src=\"https:\/\/eazybackup.com\/wp-content\/uploads\/2022\/07\/documents.svg\" alt=\"Dokumente\" itemprop=\"image\" height=\"47\" width=\"44\" title=\"Dokumente\" onerror=\"this.style.display='none'\"  \/>\n\t\t<h3>Dokumente<\/h3>\t\t\n\t<p>W\u00e4hlen Sie die Dateien\/Ordner, die Sie sch\u00fctzen m\u00f6chten, ohne Einschr\u00e4nkungen hinsichtlich der Dateigr\u00f6\u00dfe oder des Dateityps.<\/p>\n<ul>\n<li>Benutzerdefinierte Zeitpl\u00e4ne erstellen<\/li>\n<li>Benutzerdefinierte Ausschl\u00fcsse einrichten<\/li>\n<li>Verwalten der Datenaufbewahrung (unbegrenzte Aufbewahrung im Server-Plan)<\/li>\n<li>Konfigurieren Sie Backups per Fernzugriff \u00fcber unser Control Panel<\/li>\n<\/ul>\n\t\t\t\t<img loading=\"lazy\" decoding=\"async\" src=\"https:\/\/eazybackup.com\/wp-content\/uploads\/2022\/07\/documents.svg\" alt=\"Dokumente\" itemprop=\"image\" height=\"47\" width=\"44\" title=\"Dokumente\" onerror=\"this.style.display='none'\"  \/>\n\t\t<h3>NAS und Netzwerk<\/h3>\t\t\n\t<p>Sichern Sie Dateien und Ordner von Netzwerkspeichern wie UNC-Pfaden und NAS-Ger\u00e4ten, ohne Beschr\u00e4nkungen hinsichtlich Dateigr\u00f6\u00dfe oder -typ.<\/p>\n\t\t\t\t<img loading=\"lazy\" decoding=\"async\" src=\"https:\/\/eazybackup.com\/wp-content\/uploads\/2022\/07\/documents.svg\" alt=\"Dokumente\" itemprop=\"image\" height=\"47\" width=\"44\" title=\"Dokumente\" onerror=\"this.style.display='none'\"  \/>\n\t\t<h3>Virtuelle Hyper-V-Server<\/h3>\t\t\n\t<p>Sichern Sie eine unbegrenzte Anzahl von Hyper-V-Gast-VMs ohne Ausfallzeiten. Einschlie\u00dflich, aber nicht beschr\u00e4nkt auf:<\/p>\n<ul>\n<li>Die Konfigurationsdatei<\/li>\n<li>Alle angeschlossenen virtuellen Laufwerke<\/li>\n<li>Der Inhalt des Speichers (wenn der Rechner in Betrieb war)<\/li>\n<li>Der vollst\u00e4ndige Baum der gespeicherten Checkpoints<\/li>\n<\/ul>\n\t\t\t\t<img loading=\"lazy\" decoding=\"async\" src=\"https:\/\/eazybackup.com\/wp-content\/uploads\/2022\/07\/documents.svg\" alt=\"Dokumente\" itemprop=\"image\" height=\"47\" width=\"44\" title=\"Dokumente\" onerror=\"this.style.display='none'\"  \/>\n\t\t<h3>Datenbanken<\/h3>\t\t\n\t<p>Mit unserem Server-Plan k\u00f6nnen Sie Live-Backups von Microsoft SQL Server, MySQL und MariaDB ohne Ausfallzeiten erstellen.<\/p>\n<ul>\n<li>Sch\u00fctzt SQL Server 2005 und h\u00f6her, einschlie\u00dflich SQL Server 2019<\/li>\n<li>Unterst\u00fctzt Oracle MySQL, MariaDB und Percona Server<\/li>\n<\/ul>\n\t\t\t\t<img loading=\"lazy\" decoding=\"async\" src=\"https:\/\/eazybackup.com\/wp-content\/uploads\/2022\/07\/documents.svg\" alt=\"Dokumente\" itemprop=\"image\" height=\"47\" width=\"44\" title=\"Dokumente\" onerror=\"this.style.display='none'\"  \/>\n\t\t<h3>Disk Image Backups<\/h3>\t\t\n\t<p>F\u00fchren Sie Backups ganzer Festplatten oder einzelner Partitionen f\u00fcr die Bare-Metal-Systemwiederherstellung durch. Disk Image Backup.<\/p>\n\t\t\t\t<img loading=\"lazy\" decoding=\"async\" src=\"https:\/\/eazybackup.com\/wp-content\/uploads\/2022\/07\/documents.svg\" alt=\"Dokumente\" itemprop=\"image\" height=\"47\" width=\"44\" title=\"Dokumente\" onerror=\"this.style.display='none'\"  \/>\n\t\t<h3>Office 365-Sicherung<\/h3>\t\t\n\t<p>Sch\u00fctzen Sie Microsoft 365-Daten, die in OneDrive for Business, SharePoint Online, Exchange Online und Teams gespeichert sind. Office 365 Backup.<\/p>\n<h2>\n\t\tVorteile unserer Cloud-Backup-L\u00f6sung\n\t<\/h2>\n\t\t\t\t<img loading=\"lazy\" decoding=\"async\" src=\"https:\/\/eazybackup.com\/wp-content\/uploads\/2022\/07\/tech-support.svg\" alt=\"Technischer Support\" itemprop=\"image\" height=\"46\" width=\"38\" title=\"Technischer Support\" onerror=\"this.style.display='none'\"  \/>\n<h6>Kanadischer technischer Support<\/h6>\t\t\n\t\t\t<p>Genie\u00dfen Sie den erstklassigen technischen Support unseres sachkundigen kanadischen Teams, der im Preis Ihres Abonnements enthalten ist.<\/p>\n\t\t\t\t<img loading=\"lazy\" decoding=\"async\" src=\"https:\/\/eazybackup.com\/wp-content\/uploads\/2022\/07\/protect.svg\" alt=\"sch\u00fctzen\" itemprop=\"image\" height=\"46\" width=\"49\" title=\"sch\u00fctzen\" onerror=\"this.style.display='none'\"  \/>\n<h6>Schutz vor Ransomware<\/h6>\t\t\n\t\t\t<p>Der ultimative Ransomware-Schutz f\u00fcr Ihre Backups mit 2FA und einer automatischen Anwendungssperre zum Schutz vor Manipulationen.<\/p>\n\t\t\t\t<img loading=\"lazy\" decoding=\"async\" src=\"https:\/\/eazybackup.com\/wp-content\/uploads\/2022\/07\/ultra-fast.svg\" alt=\"ultraschnell\" itemprop=\"image\" height=\"31\" width=\"58\" title=\"ultraschnell\" onerror=\"this.style.display='none'\"  \/>\n<h6>Extrem schnelle Wiederherstellung<\/h6>\t\t\n\t\t\t<p>Wiederherstellungen sind schnell (nur durch Ihre Verbindung und Festplattengeschwindigkeit begrenzt). Unsere Chunking-Technologie sorgt daf\u00fcr, dass die Wiederherstellungs\u00fcbertragungen sofort beginnen.<\/p>\n\t\t\t\t<img loading=\"lazy\" decoding=\"async\" src=\"https:\/\/eazybackup.com\/wp-content\/uploads\/2022\/07\/deduplication.svg\" alt=\"Deduplizierung\" itemprop=\"image\" height=\"43\" width=\"42\" title=\"Deduplizierung\" onerror=\"this.style.display='none'\"  \/>\n<h6>Deduplizierung<\/h6>\t\t\n\t\t\t<p>Client-seitige Deduplizierung gew\u00e4hrleistet schnelle, platzsparende und bandbreiteneffiziente Backups<\/p>\n\t\t\t\t<img loading=\"lazy\" decoding=\"async\" src=\"https:\/\/eazybackup.com\/wp-content\/uploads\/2022\/07\/retention.svg\" alt=\"Selbstbehalt\" itemprop=\"image\" height=\"35\" width=\"34\" title=\"Selbstbehalt\" onerror=\"this.style.display='none'\"  \/>\n<h6>Uneingeschr\u00e4nkter Selbstbehalt<\/h6>\t\t\n\t\t\t<p>Starten Sie bei Bedarf jederzeit einen Backup-Auftrag oder konfigurieren Sie automatische Backups mit dem integrierten Planer.<\/p>\n\t\t\t\t<img loading=\"lazy\" decoding=\"async\" src=\"https:\/\/eazybackup.com\/wp-content\/uploads\/2022\/07\/data-encryption.svg\" alt=\"Datenverschl\u00fcsselung\" itemprop=\"image\" height=\"38\" width=\"37\" title=\"Datenverschl\u00fcsselung\" onerror=\"this.style.display='none'\"  \/>\n<h6>Immer verschl\u00fcsselt<\/h6>\t\t\n\t\t\t<p>Bewahren Sie alle 365 Daten f\u00fcr immer auf und stellen Sie Ihren \u00e4ltesten Schnappschuss so schnell wieder her wie Ihren neuesten.<\/p>\n\t\t\t\t<img loading=\"lazy\" decoding=\"async\" src=\"https:\/\/eazybackup.com\/wp-content\/uploads\/2022\/07\/eazyBackup-compliance.svg\" alt=\"eazyBackup-Konformit\u00e4t\" itemprop=\"image\" height=\"476\" width=\"469\" title=\"eazyBackup-Konformit\u00e4t\" onerror=\"this.style.display='none'\"  \/>\n\t<h3>eazyBackup Konformit\u00e4t<\/h3>\n\t<p>Kanadischer Cloud-Speicher powered by eazyBackup.<\/p>\n<p>&nbsp;<\/p>\n<ul>\n<li>Vollst\u00e4ndige Ende-zu-Ende-Verschl\u00fcsselung, Dateien werden vor dem Senden oder Speichern immer mit einer starken AES-256bit-Verschl\u00fcsselung verschl\u00fcsselt.<\/li>\n<li>Unver\u00e4nderliche Backups mit Object Lock- und Versioning-Funktionen bieten zus\u00e4tzliche Schutzmechanismen, die sicherstellen, dass Ihre Daten auch bei Cyber-Angriffen sicher und wiederherstellbar bleiben.<\/li>\n<li>Zwei-Faktor-Authentifizierung zum Schutz Ihrer Backups vor unbefugtem Zugriff.<\/li>\n<li>Ein vom Kunden kontrollierter Verschl\u00fcsselungsschl\u00fcssel bedeutet, dass nur Sie Zugriff auf Ihre Daten haben, wodurch ein absoluter Datenschutz gew\u00e4hrleistet ist.<\/li>\n<\/ul>\n\tPHI-Einhaltung\n<h3>\n\t\tGesetz \u00fcber den Schutz personenbezogener Daten und elektronischer Dokumente\n\t<\/h3>\n\teazyBackup speichert und verwaltet elektronische Gesundheitsdaten in \u00dcbereinstimmung mit dem PIPEDA (Personal Information Protection and Electronic Documents Act). eazyBackup verwendet bew\u00e4hrte Sicherheitsverfahren und -technologien, um die physische Sicherheit von<br \/>\nihrer Einrichtungen und zur Wahrung der Privatsph\u00e4re und der Integrit\u00e4t der<br \/>\nelektronische Daten und digitale Aufzeichnungen.\n\t\t\t\t<img loading=\"lazy\" decoding=\"async\" src=\"https:\/\/eazybackup.com\/wp-content\/uploads\/2022\/07\/personal-info.svg\" alt=\"pers\u00f6nliche Daten\" itemprop=\"image\" height=\"447\" width=\"447\" title=\"pers\u00f6nliche Daten\" onerror=\"this.style.display='none'\"  \/>\n\t\t\t\t<img loading=\"lazy\" decoding=\"async\" src=\"https:\/\/eazybackup.com\/wp-content\/uploads\/2022\/07\/workshop-server-backup.png\" alt=\"workshop-server-backup\" itemprop=\"image\" height=\"467\" width=\"645\" title=\"workshop-server-backup\" onerror=\"this.style.display='none'\"  \/>\n\tFernsteuerung\n<h3>\n\t\tVerwaltung der Fernsicherung\n\t<\/h3>\n\tSie erhalten umfassende Fernverwaltungsfunktionen f\u00fcr alle Ihre angeschlossenen Ger\u00e4te.<br \/>\nErstellen und Verwalten von Sicherungsauftr\u00e4gen\n<ul>\n<li>\u00c4ndern der Auswahl von Sicherungsdateien mit dem Durchsuchen des entfernten Dateisystems<br \/>\nF\u00e4higkeit<\/li>\n<li>Zeitpl\u00e4ne verwalten<\/li>\n<li>Manuelles Starten und Stoppen von Sicherungsauftr\u00e4gen<\/li>\n<li>Verwalten Sie Speicherorte, einschlie\u00dflich der Cloud (eazyBackup AWS),<br \/>\nWasabi, B2) und lokale Antriebe<\/li>\n<li>Wiederherstellungen auf verbundenen Ger\u00e4ten durchf\u00fchren<\/li>\n<li>Testwiederherstellungen durchf\u00fchren (Daten werden heruntergeladen, aber nicht auf dem<br \/>\nangeschlossenes Ger\u00e4t<\/li>\n<\/ul>\n\tDashboard in Echtzeit\n<h3>\n\t\tZentrale \u00dcberwachung\n\t<\/h3>\n\t<p>Arbeiten Sie von einem einzigen Fenster aus und \u00fcberwachen Sie den Live-Status aller Ihrer Backups auf einen Blick.<\/p>\n<ul>\n<li>Echtzeit-Backup-Aktivit\u00e4ten anzeigen<\/li>\n<li>Alle Sicherungsprotokolle der letzten zwei Jahre<\/li>\n<li>Nutzungsstatistiken \u00fcberwachen<\/li>\n<\/ul>\n\t\t\t\t<img loading=\"lazy\" decoding=\"async\" src=\"https:\/\/eazybackup.com\/wp-content\/uploads\/2022\/07\/central-monitoring-1.png\" alt=\"zentrale \u00fcberwachung\" itemprop=\"image\" height=\"363\" width=\"533\" title=\"zentrale \u00fcberwachung\" onerror=\"this.style.display='none'\"  \/>\n\t\t\t\t<img loading=\"lazy\" decoding=\"async\" src=\"https:\/\/eazybackup.com\/wp-content\/uploads\/2022\/07\/get-started-box-img.png\" alt=\"get-started-box-img\" itemprop=\"image\" height=\"407\" width=\"463\" title=\"get-started-box-img\" onerror=\"this.style.display='none'\"  \/>\n<h3>\n\t\tStarten Sie in Sekundenschnelle\n\t<\/h3>\n\t<p>14 Tage Probezeit. Keine Kreditkarte erforderlich.<\/p>\n\t\t\t<a href=\"https:\/\/eazybackup.com\/de\/signup\/\" target=\"_self\" rel=\"noopener\">\n\t\t\t\t\t\t\tTesten Sie eazyBackup kostenlos f\u00fcr 14 Tage\n\t\t\t\t\t<\/a>","protected":false},"excerpt":{"rendered":"<p>Backup and Recover Everything on Windows and macOS Experience an online backup service that delivers pure performance with zero-compromise security and industry-leading software View Plans Automatic Schedule automated backups for your PC, Servers, and Network Devices Affordable Canadian cloud storage powered by eazyBackup Protection Secure your data in Canada with AES-256bit encryption and 2FA Your [&hellip;]<\/p>","protected":false},"author":1,"featured_media":0,"parent":0,"menu_order":0,"comment_status":"closed","ping_status":"closed","template":"","meta":{"site-sidebar-layout":"no-sidebar","site-content-layout":"page-builder","ast-site-content-layout":"default","site-content-style":"default","site-sidebar-style":"default","ast-global-header-display":"","ast-banner-title-visibility":"","ast-main-header-display":"","ast-hfb-above-header-display":"","ast-hfb-below-header-display":"","ast-hfb-mobile-header-display":"","site-post-title":"disabled","ast-breadcrumbs-content":"disabled","ast-featured-img":"disabled","footer-sml-layout":"","theme-transparent-header-meta":"default","adv-header-id-meta":"","stick-header-meta":"","header-above-stick-meta":"","header-main-stick-meta":"","header-below-stick-meta":"","astra-migrate-meta-layouts":"default","ast-page-background-enabled":"default","ast-page-background-meta":{"desktop":{"background-color":"var(--ast-global-color-4)","background-image":"","background-repeat":"repeat","background-position":"center center","background-size":"auto","background-attachment":"scroll","background-type":"","background-media":"","overlay-type":"","overlay-color":"","overlay-opacity":"","overlay-gradient":""},"tablet":{"background-color":"","background-image":"","background-repeat":"repeat","background-position":"center center","background-size":"auto","background-attachment":"scroll","background-type":"","background-media":"","overlay-type":"","overlay-color":"","overlay-opacity":"","overlay-gradient":""},"mobile":{"background-color":"","background-image":"","background-repeat":"repeat","background-position":"center center","background-size":"auto","background-attachment":"scroll","background-type":"","background-media":"","overlay-type":"","overlay-color":"","overlay-opacity":"","overlay-gradient":""}},"ast-content-background-meta":{"desktop":{"background-color":"var(--ast-global-color-5)","background-image":"","background-repeat":"repeat","background-position":"center center","background-size":"auto","background-attachment":"scroll","background-type":"","background-media":"","overlay-type":"","overlay-color":"","overlay-opacity":"","overlay-gradient":""},"tablet":{"background-color":"var(--ast-global-color-5)","background-image":"","background-repeat":"repeat","background-position":"center center","background-size":"auto","background-attachment":"scroll","background-type":"","background-media":"","overlay-type":"","overlay-color":"","overlay-opacity":"","overlay-gradient":""},"mobile":{"background-color":"var(--ast-global-color-5)","background-image":"","background-repeat":"repeat","background-position":"center center","background-size":"auto","background-attachment":"scroll","background-type":"","background-media":"","overlay-type":"","overlay-color":"","overlay-opacity":"","overlay-gradient":""}},"footnotes":""},"class_list":["post-20","page","type-page","status-publish","hentry"],"_links":{"self":[{"href":"https:\/\/eazybackup.com\/de\/wp-json\/wp\/v2\/pages\/20","targetHints":{"allow":["GET"]}}],"collection":[{"href":"https:\/\/eazybackup.com\/de\/wp-json\/wp\/v2\/pages"}],"about":[{"href":"https:\/\/eazybackup.com\/de\/wp-json\/wp\/v2\/types\/page"}],"author":[{"embeddable":true,"href":"https:\/\/eazybackup.com\/de\/wp-json\/wp\/v2\/users\/1"}],"replies":[{"embeddable":true,"href":"https:\/\/eazybackup.com\/de\/wp-json\/wp\/v2\/comments?post=20"}],"version-history":[{"count":78,"href":"https:\/\/eazybackup.com\/de\/wp-json\/wp\/v2\/pages\/20\/revisions"}],"predecessor-version":[{"id":6931,"href":"https:\/\/eazybackup.com\/de\/wp-json\/wp\/v2\/pages\/20\/revisions\/6931"}],"wp:attachment":[{"href":"https:\/\/eazybackup.com\/de\/wp-json\/wp\/v2\/media?parent=20"}],"curies":[{"name":"wp","href":"https:\/\/api.w.org\/{rel}","templated":true}]}}