{"id":18,"date":"2020-07-03T11:25:18","date_gmt":"2020-07-03T11:25:18","guid":{"rendered":"https:\/\/eazybackup.com\/?page_id=18"},"modified":"2024-12-04T17:13:41","modified_gmt":"2024-12-04T22:13:41","slug":"pricing","status":"publish","type":"page","link":"https:\/\/eazybackup.com\/de\/pricing\/","title":{"rendered":"Preisgestaltung"},"content":{"rendered":"<h3>\n\t\tErh\u00f6hen Sie den Schutz Ihrer Daten mit eazyBackup\n\t<\/h3>\n\t<p>Haben Sie mehr als 25 Benutzer in Ihrem Team? <a href=\"https:\/\/eazybackup.com\/de\/contact\/\">Angebot anfordern<\/a><\/p>\n\t<p>Schutz von Dateien und Ordnern<\/p>\n<h1>\n\t\teazyBackup Arbeitsstation\n\t<\/h1>\n\t<p>Geeignet f\u00fcr Privatanwender und kleine bis mittlere Unternehmen, die Dateien und Ordner sch\u00fctzen und ein vollst\u00e4ndiges System-Backup durchf\u00fchren m\u00f6chten<\/p>\n\t$ 12,95 \/ Monat<br \/>\n\n\t\t\t\n\t\t\t<!-- Display Switch -->\n\t\t\t<label><input type=\"checkbox\"\/><\/label>\n\t\t\t<h5>Mehr Details<\/h5>\n\t\t\t<div class=\"fl-builder-content fl-builder-content-6428 fl-builder-template fl-builder-row-template fl-builder-global-templates-locked\" data-post-id=\"6428\"><div class=\"fl-row fl-row-full-width fl-row-bg-color fl-node-e2gda5p81bws fl-row-default-height fl-row-align-center\" data-node=\"e2gda5p81bws\">\n\t<div class=\"fl-row-content-wrap\">\n\t\t\t\t\t\t\t\t<div class=\"fl-row-content fl-row-fixed-width fl-node-content\">\n\t\t\n<div class=\"fl-col-group fl-node-7ydvgmt6kf53\" data-node=\"7ydvgmt6kf53\">\n\t\t\t<div class=\"fl-col fl-node-ocz52vxm3arn\" data-node=\"ocz52vxm3arn\">\n\t<div class=\"fl-col-content fl-node-content\"><div class=\"fl-module fl-module-icon fl-node-iexg703qv1rn\" data-node=\"iexg703qv1rn\">\n\t<div class=\"fl-module-content fl-node-content\">\n\t\t<div class=\"fl-icon-wrap\">\n\t<span class=\"fl-icon\">\n\t\t\t\t<i class=\"ua-icon ua-icon-check\" aria-hidden=\"true\"><\/i>\n\t\t\t\t\t<\/span>\n\t\t\t<div id=\"fl-icon-text-iexg703qv1rn\" class=\"fl-icon-text fl-icon-text-wrap\">\n\t\t\t\t\t\t<p>Sicherung f\u00fcr Windows 10\/11 und macOS-Ger\u00e4te<\/p>\t\t\t\t\t<\/div>\n\t<\/div>\n\t<\/div>\n<\/div>\n<div class=\"fl-module fl-module-icon fl-node-yiuv6oxdbmlc\" data-node=\"yiuv6oxdbmlc\">\n\t<div class=\"fl-module-content fl-node-content\">\n\t\t<div class=\"fl-icon-wrap\">\n\t<span class=\"fl-icon\">\n\t\t\t\t<i class=\"ua-icon ua-icon-check\" aria-hidden=\"true\"><\/i>\n\t\t\t\t\t<\/span>\n\t\t\t<div id=\"fl-icon-text-yiuv6oxdbmlc\" class=\"fl-icon-text fl-icon-text-wrap\">\n\t\t\t\t\t\t<p>Konfigurierbare Aufbewahrung, bis hin zur ewigen Versionsgeschichte<\/p>\t\t\t\t\t<\/div>\n\t<\/div>\n\t<\/div>\n<\/div>\n<div class=\"fl-module fl-module-icon fl-node-rex2jkvdfl7c\" data-node=\"rex2jkvdfl7c\">\n\t<div class=\"fl-module-content fl-node-content\">\n\t\t<div class=\"fl-icon-wrap\">\n\t<span class=\"fl-icon\">\n\t\t\t\t<i class=\"ua-icon ua-icon-check\" aria-hidden=\"true\"><\/i>\n\t\t\t\t\t<\/span>\n\t\t\t<div id=\"fl-icon-text-rex2jkvdfl7c\" class=\"fl-icon-text fl-icon-text-wrap\">\n\t\t\t\t\t\t<p>Webbasiertes Dashboard und Kontrollzentrum<\/p>\t\t\t\t\t<\/div>\n\t<\/div>\n\t<\/div>\n<\/div>\n<div class=\"fl-module fl-module-icon fl-node-cfby9mugjshi\" data-node=\"cfby9mugjshi\">\n\t<div class=\"fl-module-content fl-node-content\">\n\t\t<div class=\"fl-icon-wrap\">\n\t<span class=\"fl-icon\">\n\t\t\t\t<i class=\"ua-icon ua-icon-check\" aria-hidden=\"true\"><\/i>\n\t\t\t\t\t<\/span>\n\t\t\t<div id=\"fl-icon-text-cfby9mugjshi\" class=\"fl-icon-text fl-icon-text-wrap\">\n\t\t\t\t\t\t<p>Notfall-Wiederherstellungsfestplatte mit Expressversand*<\/p>\t\t\t\t\t<\/div>\n\t<\/div>\n\t<\/div>\n<\/div>\n<div class=\"fl-module fl-module-icon fl-node-f0cwh2japmxe\" data-node=\"f0cwh2japmxe\">\n\t<div class=\"fl-module-content fl-node-content\">\n\t\t<div class=\"fl-icon-wrap\">\n\t<span class=\"fl-icon\">\n\t\t\t\t<i class=\"ua-icon ua-icon-check\" aria-hidden=\"true\"><\/i>\n\t\t\t\t\t<\/span>\n\t\t\t<div id=\"fl-icon-text-f0cwh2japmxe\" class=\"fl-icon-text fl-icon-text-wrap\">\n\t\t\t\t\t\t<p>Unbegrenzter Schutz von Dateien, ohne Begrenzung der Dateigr\u00f6\u00dfe<\/p>\t\t\t\t\t<\/div>\n\t<\/div>\n\t<\/div>\n<\/div>\n<\/div>\n<\/div>\n\t<\/div>\n\t\t<\/div>\n\t<\/div>\n<\/div>\n<\/div><div class=\"uabb-js-breakpoint\" style=\"display: none;\"><\/div>\t\t\n\t\t\t<a href=\"https:\/\/accounts.eazybackup.ca\/index.php?m=eazybackup&#038;a=signup\" target=\"_self\" rel=\"noopener\">\n\t\t\t\t\t\t\tKostenlos ausprobieren\n\t\t\t<\/a>\n\t<p>Umfassender Datenschutz<\/p>\n<h1>\n\t\teazyBackup Server\n\t<\/h1>\n\t<p>Perfekt f\u00fcr Unternehmen und Rechenzentrumsadministratoren, die umfassende Sicherungsdienste und erstklassigen Support suchen<\/p>\n\t$ 20,75 \/ Monat<br \/>\n\n\t\t\t\n\t\t\t<!-- Display Switch -->\n\t\t\t<label><input type=\"checkbox\"\/><\/label>\n\t\t\t<h5>Mehr Details<\/h5>\n\t\t\t<div class=\"fl-builder-content fl-builder-content-6435 fl-builder-template fl-builder-row-template fl-builder-global-templates-locked\" data-post-id=\"6435\"><div class=\"fl-row fl-row-full-width fl-row-bg-color fl-node-l96qnyp0fbiv fl-row-default-height fl-row-align-center\" data-node=\"l96qnyp0fbiv\">\n\t<div class=\"fl-row-content-wrap\">\n\t\t\t\t\t\t\t\t<div class=\"fl-row-content fl-row-fixed-width fl-node-content\">\n\t\t\n<div class=\"fl-col-group fl-node-ak8qnfpb1uw4\" data-node=\"ak8qnfpb1uw4\">\n\t\t\t<div class=\"fl-col fl-node-inb9qxlgkhy8\" data-node=\"inb9qxlgkhy8\">\n\t<div class=\"fl-col-content fl-node-content\"><div class=\"fl-module fl-module-icon fl-node-4vkfqyzec86j\" data-node=\"4vkfqyzec86j\">\n\t<div class=\"fl-module-content fl-node-content\">\n\t\t<div class=\"fl-icon-wrap\">\n\t<span class=\"fl-icon\">\n\t\t\t\t<i class=\"ua-icon ua-icon-check\" aria-hidden=\"true\"><\/i>\n\t\t\t\t\t<\/span>\n\t\t\t<div id=\"fl-icon-text-4vkfqyzec86j\" class=\"fl-icon-text fl-icon-text-wrap\">\n\t\t\t\t\t\t<p>Sicherung f\u00fcr Windows 10\/11\/Server und macOS-Ger\u00e4te<\/p>\t\t\t\t\t<\/div>\n\t<\/div>\n\t<\/div>\n<\/div>\n<div class=\"fl-module fl-module-icon fl-node-pwl3ks0znqx8\" data-node=\"pwl3ks0znqx8\">\n\t<div class=\"fl-module-content fl-node-content\">\n\t\t<div class=\"fl-icon-wrap\">\n\t<span class=\"fl-icon\">\n\t\t\t\t<i class=\"ua-icon ua-icon-check\" aria-hidden=\"true\"><\/i>\n\t\t\t\t\t<\/span>\n\t\t\t<div id=\"fl-icon-text-pwl3ks0znqx8\" class=\"fl-icon-text fl-icon-text-wrap\">\n\t\t\t\t\t\t<p>Sicherung f\u00fcr Linux-Server<\/p>\t\t\t\t\t<\/div>\n\t<\/div>\n\t<\/div>\n<\/div>\n<div class=\"fl-module fl-module-icon fl-node-krf7x2195y38\" data-node=\"krf7x2195y38\">\n\t<div class=\"fl-module-content fl-node-content\">\n\t\t<div class=\"fl-icon-wrap\">\n\t<span class=\"fl-icon\">\n\t\t\t\t<i class=\"ua-icon ua-icon-check\" aria-hidden=\"true\"><\/i>\n\t\t\t\t\t<\/span>\n\t\t\t<div id=\"fl-icon-text-krf7x2195y38\" class=\"fl-icon-text fl-icon-text-wrap\">\n\t\t\t\t\t\t<p>Schutz von NAS-Ger\u00e4ten und Netzlaufwerken<\/p>\t\t\t\t\t<\/div>\n\t<\/div>\n\t<\/div>\n<\/div>\n<div class=\"fl-module fl-module-icon fl-node-v910u6o8zskl\" data-node=\"v910u6o8zskl\">\n\t<div class=\"fl-module-content fl-node-content\">\n\t\t<div class=\"fl-icon-wrap\">\n\t<span class=\"fl-icon\">\n\t\t\t\t<i class=\"ua-icon ua-icon-check\" aria-hidden=\"true\"><\/i>\n\t\t\t\t\t<\/span>\n\t\t\t<div id=\"fl-icon-text-v910u6o8zskl\" class=\"fl-icon-text fl-icon-text-wrap\">\n\t\t\t\t\t\t<p>Bis zu ewige Versionshistorie, konfigurierbare Datenspeicherung<\/p>\t\t\t\t\t<\/div>\n\t<\/div>\n\t<\/div>\n<\/div>\n<div class=\"fl-module fl-module-icon fl-node-naxogchkr6i8\" data-node=\"naxogchkr6i8\">\n\t<div class=\"fl-module-content fl-node-content\">\n\t\t<div class=\"fl-icon-wrap\">\n\t<span class=\"fl-icon\">\n\t\t\t\t<i class=\"ua-icon ua-icon-check\" aria-hidden=\"true\"><\/i>\n\t\t\t\t\t<\/span>\n\t\t\t<div id=\"fl-icon-text-naxogchkr6i8\" class=\"fl-icon-text fl-icon-text-wrap\">\n\t\t\t\t\t\t<p>Webbasiertes Dashboard und Kontrollzentrum<\/p>\t\t\t\t\t<\/div>\n\t<\/div>\n\t<\/div>\n<\/div>\n<div class=\"fl-module fl-module-icon fl-node-0ilotpzybjgc\" data-node=\"0ilotpzybjgc\">\n\t<div class=\"fl-module-content fl-node-content\">\n\t\t<div class=\"fl-icon-wrap\">\n\t<span class=\"fl-icon\">\n\t\t\t\t<i class=\"ua-icon ua-icon-check\" aria-hidden=\"true\"><\/i>\n\t\t\t\t\t<\/span>\n\t\t\t<div id=\"fl-icon-text-0ilotpzybjgc\" class=\"fl-icon-text fl-icon-text-wrap\">\n\t\t\t\t\t\t<p>Notfall-Wiederherstellungsfestplatte mit Expressversand*<\/p>\t\t\t\t\t<\/div>\n\t<\/div>\n\t<\/div>\n<\/div>\n<div class=\"fl-module fl-module-icon fl-node-f3js8bw0i1gy\" data-node=\"f3js8bw0i1gy\">\n\t<div class=\"fl-module-content fl-node-content\">\n\t\t<div class=\"fl-icon-wrap\">\n\t<span class=\"fl-icon\">\n\t\t\t\t<i class=\"ua-icon ua-icon-check\" aria-hidden=\"true\"><\/i>\n\t\t\t\t\t<\/span>\n\t\t\t<div id=\"fl-icon-text-f3js8bw0i1gy\" class=\"fl-icon-text fl-icon-text-wrap\">\n\t\t\t\t\t\t<p>Unbegrenzter Schutz von Dateien, ohne Begrenzung der Dateigr\u00f6\u00dfe<\/p>\t\t\t\t\t<\/div>\n\t<\/div>\n\t<\/div>\n<\/div>\n<div class=\"fl-module fl-module-icon fl-node-lpnu73k641y9\" data-node=\"lpnu73k641y9\">\n\t<div class=\"fl-module-content fl-node-content\">\n\t\t<div class=\"fl-icon-wrap\">\n\t<span class=\"fl-icon\">\n\t\t\t\t<i class=\"ua-icon ua-icon-check\" aria-hidden=\"true\"><\/i>\n\t\t\t\t\t<\/span>\n\t\t\t<div id=\"fl-icon-text-lpnu73k641y9\" class=\"fl-icon-text fl-icon-text-wrap\">\n\t\t\t\t\t\t<p>\u00a0SQL, MySQL und MariaDB<\/p>\t\t\t\t\t<\/div>\n\t<\/div>\n\t<\/div>\n<\/div>\n<\/div>\n<\/div>\n\t<\/div>\n\t\t<\/div>\n\t<\/div>\n<\/div>\n<\/div><div class=\"uabb-js-breakpoint\" style=\"display: none;\"><\/div>\t\t\n\t\t\t<a href=\"https:\/\/accounts.eazybackup.ca\/index.php?m=eazybackup&#038;a=signup\" target=\"_self\" rel=\"noopener\">\n\t\t\t\t\t\t\tKostenlos ausprobieren\n\t\t\t<\/a>\n\t\t\t<a href=\"https:\/\/eazybackup.com\/de\/contact\/\" target=\"_self\" rel=\"noopener\">\n\t\t\t\t\t\t\tKontakt Vertrieb\n\t\t\t\t\t<\/a>\n\t<p>Enterprise Cloud to Cloud Backup<\/p>\n<h1>\n\t\tMicrosoft 365\n\t<\/h1>\n\t<p>Sch\u00fctzen Sie Ihre wichtigen Daten mit einer Cloud-to-Cloud-Backup-L\u00f6sung f\u00fcr Microsoft 365 Mail, Kalender, Kontakte, Aufgaben, Gruppen, Teams, OneDrive und SharePoint.<\/p>\n\t$ 3,50 \/ Monat pro Benutzer, unbegrenzter Speicherplatz<br \/>\n\n\t\t\t<a href=\"https:\/\/accounts.eazybackup.ca\/index.php?m=eazybackup&#038;a=signup\" target=\"_self\" rel=\"noopener\">\n\t\t\t\t\t\t\tKostenlose Testversion\n\t\t\t<\/a>\n\t<p>Fr\u00fchzeitiges Einf\u00fchrungsangebot<\/p>\n<h1>\n\t\tManagement-Konsole f\u00fcr MSPs\n\t<\/h1>\n\t<p>Vermarkten Sie eazyBackup als White-Label f\u00fcr Ihre Kunden. Nutzen Sie die Vorteile der Premium-Funktionen, einschlie\u00dflich der vollst\u00e4ndigen White-Label-Anpassung, die m\u00fchelos \u00fcber eine einzige, zentralisierte Verwaltungskonsole verwaltet werden.<\/p>\n\t$ 0,00 \/ Monat<br \/>\n\n\t\t\t<a href=\"https:\/\/eazybackup.com\/de\/contact\/\" target=\"_self\" rel=\"noopener\">\n\t\t\t\t\t\t\tKontakt Vertrieb\n\t\t\t\t\t<\/a>\n\t<p>Wie k\u00f6nnen wir Ihnen helfen?<\/p>\n\t<p>Kontakt zu eazyBackup<\/p>\n\t<p>Setzen Sie sich mit uns in Verbindung, wenn Sie Vertriebsunterst\u00fctzung, Hilfe bei der Bereitstellung, technische Fragen oder Demoanfragen ben\u00f6tigen - wir sind f\u00fcr Sie da.<\/p>\n\t<p>Mit der Angabe Ihrer E-Mail-Adresse erkl\u00e4ren Sie sich mit unserer <a href=\"https:\/\/eazybackup.com\/de\/privacy\/\">Datenschutzbestimmungen<\/a> und Cookie-Richtlinie.<\/p>\n\t\t\t\t<img loading=\"lazy\" decoding=\"async\" src=\"https:\/\/eazybackup.com\/wp-content\/uploads\/2024\/05\/backup_service_for_managed_service_providers.svg\" alt=\"backup_service_f\u00fcr_verwaltete_service_provider\" itemprop=\"image\" height=\"415\" width=\"463\" title=\"backup_service_f\u00fcr_verwaltete_service_provider\" onerror=\"this.style.display='none'\"  \/>\n<h3>\n\t\tMSPs: Wir bieten White Label-Versionen von eazyBackup\n\t<\/h3>\n\t<p>Wir bieten private Server sowie White-Label- und Private-Label-Versionen unserer Software an, so dass Sie unsere robusten L\u00f6sungen als Ihre eigenen ausgeben k\u00f6nnen. Profitieren Sie von umfassenden Fernverwaltungs- und \u00dcberwachungsfunktionen, die sicherstellen, dass Sie die Daten Ihrer Kunden effizient verwalten und sch\u00fctzen k\u00f6nnen.<\/p>\n\t\t\t<a href=\"https:\/\/eazybackup.com\/de\/online-backup-msp\/\" target=\"_self\" rel=\"noopener\">\n\t\t\t\t\t\t\tBackup f\u00fcr MSPs\n\t\t\t\t\t<\/a>","protected":false},"excerpt":{"rendered":"<p>Elevate Your Data Protection with eazyBackup Do you have 25+ users in your team? Request a Quote File and Folder Protection eazyBackup Workstation Suitable for home users and small to medimum businesses requiring protection of files, folders and complete system backup $ 12.95 \/ month More Details Try It Free Comprehensive Data Protection eazyBackup Server [&hellip;]<\/p>","protected":false},"author":1,"featured_media":0,"parent":0,"menu_order":0,"comment_status":"closed","ping_status":"closed","template":"","meta":{"site-sidebar-layout":"no-sidebar","site-content-layout":"page-builder","ast-site-content-layout":"default","site-content-style":"default","site-sidebar-style":"default","ast-global-header-display":"","ast-banner-title-visibility":"","ast-main-header-display":"","ast-hfb-above-header-display":"","ast-hfb-below-header-display":"","ast-hfb-mobile-header-display":"","site-post-title":"disabled","ast-breadcrumbs-content":"disabled","ast-featured-img":"disabled","footer-sml-layout":"","theme-transparent-header-meta":"default","adv-header-id-meta":"","stick-header-meta":"","header-above-stick-meta":"","header-main-stick-meta":"","header-below-stick-meta":"","astra-migrate-meta-layouts":"default","ast-page-background-enabled":"default","ast-page-background-meta":{"desktop":{"background-color":"var(--ast-global-color-4)","background-image":"","background-repeat":"repeat","background-position":"center center","background-size":"auto","background-attachment":"scroll","background-type":"","background-media":"","overlay-type":"","overlay-color":"","overlay-opacity":"","overlay-gradient":""},"tablet":{"background-color":"","background-image":"","background-repeat":"repeat","background-position":"center center","background-size":"auto","background-attachment":"scroll","background-type":"","background-media":"","overlay-type":"","overlay-color":"","overlay-opacity":"","overlay-gradient":""},"mobile":{"background-color":"","background-image":"","background-repeat":"repeat","background-position":"center center","background-size":"auto","background-attachment":"scroll","background-type":"","background-media":"","overlay-type":"","overlay-color":"","overlay-opacity":"","overlay-gradient":""}},"ast-content-background-meta":{"desktop":{"background-color":"var(--ast-global-color-5)","background-image":"","background-repeat":"repeat","background-position":"center center","background-size":"auto","background-attachment":"scroll","background-type":"","background-media":"","overlay-type":"","overlay-color":"","overlay-opacity":"","overlay-gradient":""},"tablet":{"background-color":"var(--ast-global-color-5)","background-image":"","background-repeat":"repeat","background-position":"center center","background-size":"auto","background-attachment":"scroll","background-type":"","background-media":"","overlay-type":"","overlay-color":"","overlay-opacity":"","overlay-gradient":""},"mobile":{"background-color":"var(--ast-global-color-5)","background-image":"","background-repeat":"repeat","background-position":"center center","background-size":"auto","background-attachment":"scroll","background-type":"","background-media":"","overlay-type":"","overlay-color":"","overlay-opacity":"","overlay-gradient":""}},"footnotes":""},"class_list":["post-18","page","type-page","status-publish","hentry"],"_links":{"self":[{"href":"https:\/\/eazybackup.com\/de\/wp-json\/wp\/v2\/pages\/18","targetHints":{"allow":["GET"]}}],"collection":[{"href":"https:\/\/eazybackup.com\/de\/wp-json\/wp\/v2\/pages"}],"about":[{"href":"https:\/\/eazybackup.com\/de\/wp-json\/wp\/v2\/types\/page"}],"author":[{"embeddable":true,"href":"https:\/\/eazybackup.com\/de\/wp-json\/wp\/v2\/users\/1"}],"replies":[{"embeddable":true,"href":"https:\/\/eazybackup.com\/de\/wp-json\/wp\/v2\/comments?post=18"}],"version-history":[{"count":120,"href":"https:\/\/eazybackup.com\/de\/wp-json\/wp\/v2\/pages\/18\/revisions"}],"predecessor-version":[{"id":6756,"href":"https:\/\/eazybackup.com\/de\/wp-json\/wp\/v2\/pages\/18\/revisions\/6756"}],"wp:attachment":[{"href":"https:\/\/eazybackup.com\/de\/wp-json\/wp\/v2\/media?parent=18"}],"curies":[{"name":"wp","href":"https:\/\/api.w.org\/{rel}","templated":true}]}}